{"id":5074,"date":"2023-12-20T18:05:17","date_gmt":"2023-12-20T18:05:17","guid":{"rendered":"https:\/\/medienlb.com\/produkt\/kitchen-skills\/"},"modified":"2025-02-07T14:56:07","modified_gmt":"2025-02-07T14:56:07","slug":"kitchen-skills","status":"publish","type":"product","link":"https:\/\/www.medienlb.com\/en\/produkt\/kitchen-skills\/","title":{"rendered":"Kitchen Skills"},"content":{"rendered":"<p>In Zusammenarbeit mit dem GORILLA Schulprogramm gibt Ern\u00e4hrungscoach Anna wertvolle Tipps, die sich sofort in der K\u00fcche anwenden lassen. In einer bunten Mischung zeigt sie, wie man mit einer Zitrone Oberfl\u00e4chen reinigen kann, wie man Rote Beete sch\u00e4lt, ohne dass die H\u00e4nde rot werden oder auch, wie man ohne Tr\u00e4nen Zwiebeln schneiden kann.<br \/>\nNachhaltiges Kochen und Einkaufen ist ein wesentliches Anliegen dieser Produktion.<\/p>\n","protected":false},"excerpt":{"rendered":"<p>In Zusammenarbeit mit dem GORILLA Schulprogramm gibt Ern\u00e4hrungscoach Anna wertvolle Tipps, die sich sofort in der K\u00fcche anwenden lassen. In einer bunten Mischung zeigt sie, wie man mit einer Zitrone Oberfl\u00e4chen reinigen kann, wie man Rote Beete sch\u00e4lt, ohne dass die H\u00e4nde rot werden oder auch, wie man ohne Tr\u00e4nen Zwiebeln schneiden kann.<\/p>\n","protected":false},"featured_media":5072,"template":"","meta":{"_acf_changed":false},"product_brand":[],"product_cat":[70],"product_tag":[77,125],"class_list":{"0":"post-5074","1":"product","2":"type-product","3":"status-publish","4":"has-post-thumbnail","6":"product_cat-film","7":"product_tag-subject-gesellschaft","8":"product_tag-target-sek-i","9":"product_shipping_class-dvd-versand","11":"first","12":"instock","13":"taxable","14":"shipping-taxable","15":"purchasable","16":"product-type-variable"},"acf":{"subtitle":"Profiwissen f\u00fcr die K\u00fcche","article_id":"46504586 \/ 55504013","languages":"DE","thumb_up":false,"cover_image":29387,"linked_product":"","linked_products":null,"banner":{"show":true,"text":"","color":""},"length":"19:02 min","content_movie":"","learning_goals":"","preview_gif":5071,"trailer":{"file":"","url":"https:\/\/www.lehrmediathek.de\/trailer\/Kitchen_Skils_Trailer.mp4","image":5080},"mediathek_id":721,"amount":"","demo_url":"","h5p_demo_id":"","content_interactive":"","hide_numbers":false,"flyer":"","info_columns":null},"_links":{"self":[{"href":"https:\/\/www.medienlb.com\/en\/wp-json\/wp\/v2\/product\/5074","targetHints":{"allow":["GET"]}}],"collection":[{"href":"https:\/\/www.medienlb.com\/en\/wp-json\/wp\/v2\/product"}],"about":[{"href":"https:\/\/www.medienlb.com\/en\/wp-json\/wp\/v2\/types\/product"}],"wp:featuredmedia":[{"embeddable":true,"href":"https:\/\/www.medienlb.com\/en\/wp-json\/wp\/v2\/media\/5072"}],"wp:attachment":[{"href":"https:\/\/www.medienlb.com\/en\/wp-json\/wp\/v2\/media?parent=5074"}],"wp:term":[{"taxonomy":"product_brand","embeddable":true,"href":"https:\/\/www.medienlb.com\/en\/wp-json\/wp\/v2\/product_brand?post=5074"},{"taxonomy":"product_cat","embeddable":true,"href":"https:\/\/www.medienlb.com\/en\/wp-json\/wp\/v2\/product_cat?post=5074"},{"taxonomy":"product_tag","embeddable":true,"href":"https:\/\/www.medienlb.com\/en\/wp-json\/wp\/v2\/product_tag?post=5074"}],"curies":[{"name":"wp","href":"https:\/\/api.w.org\/{rel}","templated":true}]}}