{"id":5063,"date":"2023-12-20T18:05:17","date_gmt":"2023-12-20T18:05:17","guid":{"rendered":"https:\/\/medienlb.com\/produkt\/wegwerfgesellschaft\/"},"modified":"2025-02-07T14:56:13","modified_gmt":"2025-02-07T14:56:13","slug":"wegwerfgesellschaft","status":"publish","type":"product","link":"https:\/\/www.medienlb.com\/en\/produkt\/wegwerfgesellschaft\/","title":{"rendered":"Wegwerfgesellschaft"},"content":{"rendered":"<p>Der M\u00fcllberg w\u00e4chst Jahr f\u00fcr Jahr. Das liegt zum Einen daran, dass die Verpackungen aufw\u00e4ndiger werden, zum Anderen an den extrem kosteng\u00fcnstig produzierten Konsumg\u00fctern, die h\u00e4ufig einen Neukauf lohnender als eine Reparatur machen.<br \/>\nDer Film zeigt die Kehrseite der Konsumgesellschaft, die Wegwerfwirtschaft. M\u00f6glichkeiten der M\u00fcllvermeidung werden ebenso thematisiert wie ein Einkaufsverhalten, das einen Einfluss auf M\u00fcllproduktion hat. Interaktive Aufgaben, Testfragen und Glossar wurden mit H5P erstellt und k\u00f6nnen ohne weitere Software verwendet werden.<\/p>\n","protected":false},"excerpt":{"rendered":"<p>Der M\u00fcllberg w\u00e4chst Jahr f\u00fcr Jahr. Das liegt zum Einen daran, dass die Verpackungen aufw\u00e4ndiger werden, zum Anderen an den extrem kosteng\u00fcnstig produzierten Konsumg\u00fctern, die h\u00e4ufig einen Neukauf lohnender als eine Reparatur machen.<\/p>\n","protected":false},"featured_media":5061,"template":"","meta":{"_acf_changed":false},"product_brand":[],"product_cat":[70],"product_tag":[77,125],"class_list":{"0":"post-5063","1":"product","2":"type-product","3":"status-publish","4":"has-post-thumbnail","6":"product_cat-film","7":"product_tag-subject-gesellschaft","8":"product_tag-target-sek-i","9":"product_shipping_class-dvd-versand","11":"first","12":"instock","13":"taxable","14":"shipping-taxable","15":"purchasable","16":"product-type-variable"},"acf":{"subtitle":"Die Kehrseite des Konsums","article_id":"46504542 \/ 55503710","languages":"DE","thumb_up":true,"cover_image":29389,"linked_product":"","linked_products":null,"banner":{"show":true,"text":"","color":""},"length":"18:34 min","content_movie":"","learning_goals":"Die Sch\u00fclerinnen und Sch\u00fcler stellen einen Zusammenhang zwischen Konsumverhalten und M\u00fcllproduktion her.\r\nDie Sch\u00fclerinnen und Sch\u00fcler diskutieren und bewerten M\u00f6glichkeiten, die M\u00fcllproduktion zu reduzieren.","preview_gif":5060,"trailer":{"file":"","url":"https:\/\/www.lehrmediathek.de\/trailer\/Wegwerfgesellschaft_Trailer.mp4","image":5069},"mediathek_id":724,"amount":"","demo_url":"","h5p_demo_id":"","content_interactive":"","hide_numbers":false,"flyer":"","info_columns":null},"_links":{"self":[{"href":"https:\/\/www.medienlb.com\/en\/wp-json\/wp\/v2\/product\/5063","targetHints":{"allow":["GET"]}}],"collection":[{"href":"https:\/\/www.medienlb.com\/en\/wp-json\/wp\/v2\/product"}],"about":[{"href":"https:\/\/www.medienlb.com\/en\/wp-json\/wp\/v2\/types\/product"}],"wp:featuredmedia":[{"embeddable":true,"href":"https:\/\/www.medienlb.com\/en\/wp-json\/wp\/v2\/media\/5061"}],"wp:attachment":[{"href":"https:\/\/www.medienlb.com\/en\/wp-json\/wp\/v2\/media?parent=5063"}],"wp:term":[{"taxonomy":"product_brand","embeddable":true,"href":"https:\/\/www.medienlb.com\/en\/wp-json\/wp\/v2\/product_brand?post=5063"},{"taxonomy":"product_cat","embeddable":true,"href":"https:\/\/www.medienlb.com\/en\/wp-json\/wp\/v2\/product_cat?post=5063"},{"taxonomy":"product_tag","embeddable":true,"href":"https:\/\/www.medienlb.com\/en\/wp-json\/wp\/v2\/product_tag?post=5063"}],"curies":[{"name":"wp","href":"https:\/\/api.w.org\/{rel}","templated":true}]}}