{"id":5025,"date":"2023-12-20T18:05:17","date_gmt":"2023-12-20T18:05:17","guid":{"rendered":"https:\/\/medienlb.com\/produkt\/gleichstellung-der-geschlechter\/"},"modified":"2025-02-07T14:56:29","modified_gmt":"2025-02-07T14:56:29","slug":"gleichstellung-der-geschlechter","status":"publish","type":"product","link":"https:\/\/www.medienlb.com\/en\/produkt\/gleichstellung-der-geschlechter\/","title":{"rendered":"Gleichstellung der Geschlechter"},"content":{"rendered":"<p>\u201eM\u00e4nner und Frauen sind gleichberechtigt.\u201c, so steht es im deutschen Grundgesetz in Artikel 3. Doch leben wir tats\u00e4chlich in einer geschlechtergerechten Gesellschaft? Wie h\u00e4ngen die Begriffe Gleichbehandlung, Gleichberechtigung und Gleichstellung zusammen? Wie kann die Gleichstellung der Geschlechter erreicht werden?<\/p>\n<p>Der Film zeigt die Etappen der Frauen im Kampf um Gleichberechtigung &#8211; beginnend im 18. Jahrhundert bis in die Gegenwart. Er beschreibt den Wandel der klischeehaften Rollenverteilungen von M\u00e4nnern und Frauen in Bezug auf Sozialisation, Eigenst\u00e4ndigkeit und politische Rechtslage und die Auswirkung beispielsweise auf Versorgungs- und Verdienstl\u00fccken. Exemplarisch dargestellt werden Instrumente, die eine Ann\u00e4hrung vorantreiben k\u00f6nnen.<\/p>\n","protected":false},"excerpt":{"rendered":"<p>\u201eM\u00e4nner und Frauen sind gleichberechtigt.\u201c, so steht es im deutschen Grundgesetz in Artikel 3. Doch leben wir tats\u00e4chlich in einer geschlechtergerechten Gesellschaft? Wie h\u00e4ngen die Begriffe Gleichbehandlung, Gleichberechtigung und Gleichstellung zusammen? Wie kann die Gleichstellung der Geschlechter erreicht werden?<\/p>\n","protected":false},"featured_media":5023,"template":"","meta":{"_acf_changed":false},"product_brand":[],"product_cat":[70],"product_tag":[77,125],"class_list":{"0":"post-5025","1":"product","2":"type-product","3":"status-publish","4":"has-post-thumbnail","6":"product_cat-film","7":"product_tag-subject-gesellschaft","8":"product_tag-target-sek-i","9":"product_shipping_class-dvd-versand","11":"first","12":"instock","13":"taxable","14":"shipping-taxable","15":"purchasable","16":"product-type-variable"},"acf":{"subtitle":"Auf dem Weg zur Gleichberechtigung","article_id":"46505041 \/ 55504921","languages":"DE","thumb_up":true,"cover_image":29395,"linked_product":"","linked_products":null,"banner":{"show":true,"text":"","color":""},"length":"24:49 min","content_movie":"Im ausf\u00fchrlichen Datenteil der DVD 70 Seiten Unterrichts- und Begleitmaterial, davon:\r\n8 Seiten Arbeitsbl\u00e4tter und Erg\u00e4nzungen mit L\u00f6sungen\r\n20 Testaufgaben\r\n10 Interaktive Aufgaben","learning_goals":"1. Die Sch\u00fcler:innen definieren Gleichbehandlung, Gleichberechtigung und Gleichstellung\r\n2. Die Sch\u00fcler:innen erl\u00e4utern die Auswirkungen der Ungleichheit in unterschiedlichen Lebensbereichen\r\n3. Die Sch\u00fcler:innen entwerfen m\u00f6gliche L\u00f6sungsans\u00e4tze\r\n\r\n&nbsp;","preview_gif":5022,"trailer":{"file":20549,"url":"","image":5031},"mediathek_id":797,"amount":"","demo_url":"","h5p_demo_id":"","content_interactive":"","hide_numbers":false,"flyer":"","info_columns":null},"_links":{"self":[{"href":"https:\/\/www.medienlb.com\/en\/wp-json\/wp\/v2\/product\/5025","targetHints":{"allow":["GET"]}}],"collection":[{"href":"https:\/\/www.medienlb.com\/en\/wp-json\/wp\/v2\/product"}],"about":[{"href":"https:\/\/www.medienlb.com\/en\/wp-json\/wp\/v2\/types\/product"}],"wp:featuredmedia":[{"embeddable":true,"href":"https:\/\/www.medienlb.com\/en\/wp-json\/wp\/v2\/media\/5023"}],"wp:attachment":[{"href":"https:\/\/www.medienlb.com\/en\/wp-json\/wp\/v2\/media?parent=5025"}],"wp:term":[{"taxonomy":"product_brand","embeddable":true,"href":"https:\/\/www.medienlb.com\/en\/wp-json\/wp\/v2\/product_brand?post=5025"},{"taxonomy":"product_cat","embeddable":true,"href":"https:\/\/www.medienlb.com\/en\/wp-json\/wp\/v2\/product_cat?post=5025"},{"taxonomy":"product_tag","embeddable":true,"href":"https:\/\/www.medienlb.com\/en\/wp-json\/wp\/v2\/product_tag?post=5025"}],"curies":[{"name":"wp","href":"https:\/\/api.w.org\/{rel}","templated":true}]}}