{"id":37882,"date":"2026-05-12T13:43:30","date_gmt":"2026-05-12T13:43:30","guid":{"rendered":"https:\/\/www.medienlb.com\/?post_type=product&#038;p=37882"},"modified":"2026-05-12T13:57:07","modified_gmt":"2026-05-12T13:57:07","slug":"55508543-videoueberwachung","status":"publish","type":"product","link":"https:\/\/www.medienlb.com\/en\/produkt\/55508543-videoueberwachung\/","title":{"rendered":"Video\u00fcberwachung"},"content":{"rendered":"<p>Video\u00fcberwachung geh\u00f6rt l\u00e4ngst zum Alltag: auf Stra\u00dfen, in Gesch\u00e4ften, bei Veranstaltungen und sogar im privaten Umfeld. Kameras versprechen Sicherheit, Schutz und Effizienz \u2013 doch sie greifen zugleich in die Privatsph\u00e4re ein. Dieser Schulfilm beleuchtet, wie Video\u00fcberwachung funktioniert, wo sie eingesetzt wird und welche rechtlichen Grundlagen in Deutschland und der EU gelten. Anhand konkreter Beispiele aus \u00f6ffentlicher und privater Praxis zeigt der Film, welche Chancen moderne Kamerasysteme bieten, aber auch welche Risiken entstehen k\u00f6nnen, wenn Datenschutz und Pers\u00f6nlichkeitsrechte aus dem Blick geraten. Im Spannungsfeld zwischen technologischem Fortschritt, Sicherheit und individueller Freiheit regt der Film dazu an, kritisch \u00fcber den verantwortungsvollen Einsatz von \u00dcberwachungstechnologien in einer digitalen Gesellschaft nachzudenken.<\/p>\n","protected":false},"excerpt":{"rendered":"<p>Dieser Schulfilm beleuchtet, wie Video\u00fcberwachung funktioniert, wo sie eingesetzt wird und welche rechtlichen Grundlagen in Deutschland und der EU gelten.<\/p>\n","protected":false},"featured_media":37887,"template":"","meta":{"_acf_changed":false},"product_brand":[],"product_cat":[70],"product_tag":[77,125],"class_list":{"0":"post-37882","1":"product","2":"type-product","3":"status-publish","4":"has-post-thumbnail","6":"product_cat-film","7":"product_tag-subject-gesellschaft","8":"product_tag-target-sek-i","10":"first","11":"instock","12":"taxable","13":"shipping-taxable","14":"purchasable","15":"product-type-variable"},"acf":{"subtitle":"Sicherheit \u00fcber Privatsph\u00e4re?","article_id":"55508543","languages":"DE","thumb_up":false,"cover_image":37893,"linked_product":37638,"linked_products":[{"product":37638},{"product":34658},{"product":13806}],"banner":{"show":true,"text":"","color":""},"length":"17:45 min","content_movie":"57 Seiten BGM\r\n\r\n20 Seiten Arbeitsbl\u00e4tter (inkl. Musterl\u00f6sung)\r\n\r\n10 Interaktive Aufgaben H5P","learning_goals":"Lernziele\r\n\r\nDie Sch\u00fclerinnen und Sch\u00fcler\r\n<ol>\r\n \t<li>stellen Auswirkungen der Technik auf Mensch und Natur im Hinblick auf m\u00f6gliche Wertekonflikte dar.<\/li>\r\n \t<li>untersuchen Aspekte von Freiheit und Verantwortung im Umgang des Menschen mit Technik an Beispielen.<\/li>\r\n<\/ol>\r\n&nbsp;\r\n\r\nKompetenzen\r\n\r\nDie Sch\u00fclerinnen und Sch\u00fcler k\u00f6nnen\r\n<ol>\r\n \t<li>eine Meinung zu ethisch-moralischen Themen darlegen und erl\u00e4utern.<\/li>\r\n \t<li>ethische Grunds\u00e4tze und moralische Regeln in Frage- und Problemstellungen vergleichen, abw\u00e4gen und begr\u00fcndet entscheiden.<\/li>\r\n<\/ol>","preview_gif":37884,"trailer":{"file":37886,"url":"","image":37890},"mediathek_id":"","amount":"","demo_url":"","h5p_demo_id":"","content_interactive":"","hide_numbers":false,"flyer":"","info_columns":null},"_links":{"self":[{"href":"https:\/\/www.medienlb.com\/en\/wp-json\/wp\/v2\/product\/37882","targetHints":{"allow":["GET"]}}],"collection":[{"href":"https:\/\/www.medienlb.com\/en\/wp-json\/wp\/v2\/product"}],"about":[{"href":"https:\/\/www.medienlb.com\/en\/wp-json\/wp\/v2\/types\/product"}],"acf:post":[{"embeddable":true,"href":"https:\/\/www.medienlb.com\/en\/wp-json\/wp\/v2\/product\/37638"}],"wp:featuredmedia":[{"embeddable":true,"href":"https:\/\/www.medienlb.com\/en\/wp-json\/wp\/v2\/media\/37887"}],"wp:attachment":[{"href":"https:\/\/www.medienlb.com\/en\/wp-json\/wp\/v2\/media?parent=37882"}],"wp:term":[{"taxonomy":"product_brand","embeddable":true,"href":"https:\/\/www.medienlb.com\/en\/wp-json\/wp\/v2\/product_brand?post=37882"},{"taxonomy":"product_cat","embeddable":true,"href":"https:\/\/www.medienlb.com\/en\/wp-json\/wp\/v2\/product_cat?post=37882"},{"taxonomy":"product_tag","embeddable":true,"href":"https:\/\/www.medienlb.com\/en\/wp-json\/wp\/v2\/product_tag?post=37882"}],"curies":[{"name":"wp","href":"https:\/\/api.w.org\/{rel}","templated":true}]}}