{"id":37840,"date":"2026-05-11T13:01:23","date_gmt":"2026-05-11T13:01:23","guid":{"rendered":"https:\/\/www.medienlb.com\/?post_type=product&#038;p=37840"},"modified":"2026-05-12T11:40:08","modified_gmt":"2026-05-12T11:40:08","slug":"headphone-revolution-2","status":"publish","type":"product","link":"https:\/\/www.medienlb.com\/en\/produkt\/headphone-revolution-2\/","title":{"rendered":"Headphone Revolution HR Z-Pro 50X"},"content":{"rendered":"<p>Das HR Z- Pro 50X unterst\u00fctzt moderne Bildungs- und Vermittlungskonzepte mit klarer Sprach\u00fcbertragung, flexibler Gruppenkommunikation und einfacher Handhabung. Ideal f\u00fcr Unterricht, F\u00fchrungen, Sprachlernangebote, Exkursionen und mobile Lernformate &#8211; oder die Silent Disco danach.<\/p>\n<p>In gro\u00dfen Gruppen, bei Exkursionen oder in offenen Lernr\u00e4umen ist gute Verst\u00e4ndlichkeit entscheidend. Das HR Z-Pro 50X erm\u00f6glicht eine direkte und st\u00f6rungsarme Audio\u00fcbertragung \u2013 f\u00fcr konzentriertes Lernen und professionelle Wissensvermittlung.<\/p>\n<div class=\"ewa-rteLine\">\n<hr \/>\n<\/div>\n<div>\u00a0Die Versandkosten f\u00fcr Kopfh\u00f6rersets sind innerhalb Deutschlands inklusive, andere L\u00e4nder auf Anfrage.<\/div>\n","protected":false},"excerpt":{"rendered":"<p>Das HR-Z Pro 50X kombiniert professionelle Audio\u00fcbertragung mit hoher Alltagstauglichkeit f\u00fcr Bildungstr\u00e4ger und Medienzentren. Die technische Ausstattung wurde speziell auf flexible Gruppenkommunikation, einfache Bedienung und langlebigen Einsatz ausgelegt.<\/p>\n","protected":false},"featured_media":37841,"template":"","meta":{"_acf_changed":false},"product_brand":[],"product_cat":[75],"product_tag":[],"class_list":{"0":"post-37840","1":"product","2":"type-product","3":"status-publish","4":"has-post-thumbnail","6":"product_cat-hardware","8":"first","9":"instock","10":"taxable","11":"shipping-taxable","12":"purchasable","13":"product-type-variable"},"acf":{"subtitle":"Silent Hybrid Kopfh\u00f6rer","article_id":"MS_59","languages":"","thumb_up":false,"cover_image":"","linked_product":35344,"linked_products":null,"banner":{"show":true,"text":"","color":""},"length":"","content_movie":"","learning_goals":"","preview_gif":"","trailer":{"file":"","url":"","image":""},"mediathek_id":"","amount":"","demo_url":"","h5p_demo_id":"","content_interactive":"","hide_numbers":false,"flyer":37867,"info_columns":[{"heading":"Technische Details & Funktionen","content":"<strong>Headphone Revolution Silent Hybrid Kopfh\u00f6rer HR Z-PRO 50X<\/strong> <strong>Silent Education und Silent Disco<\/strong>\r\n\r\nDas HR Z- Pro 50X kombiniert professionelle Audio\u00fcbertragung mit hoher Alltagstauglichkeit f\u00fcr Bildungstr\u00e4ger und Medienzentren. Die technische Ausstattung wurde speziell auf flexible Gruppenkommunikation, einfache Bedienung und langlebigen Einsatz ausgelegt.\r\n\r\n&nbsp;\r\n\r\n<strong>Alle Features auf einen Blick: <\/strong>\r\n<ul>\r\n \t<li>Plug &amp; Play<\/li>\r\n \t<li>Individuell konfigurierte, unbegrenzte Anzahl von Kan\u00e4len &amp; Frequenzen<\/li>\r\n \t<li>Scan-Modus mit Backup-Frequenzen<\/li>\r\n \t<li>Individuell programmierbare LED-Farben<\/li>\r\n \t<li>Hohe Ger\u00e4uschabschirmung<\/li>\r\n \t<li>Over-Ear Ohrpolster<\/li>\r\n \t<li>Geeignet f\u00fcr Kinder, Jugendliche und Erwachsene<\/li>\r\n \t<li>Akku-Laufzeit ca. 12 Stunden<\/li>\r\n \t<li>Stabiler Empfang auch bei gr\u00f6\u00dferen Gruppen<\/li>\r\n<\/ul>"},{"heading":"","content":"<ul>\r\n \t<li>Austauschbarer Akku<\/li>\r\n \t<li>Gleichzeitiges Laden von bis zu 50 Akkus<\/li>\r\n \t<li>Zus\u00e4tzlicher USB-C Ladeanschluss<\/li>\r\n \t<li>Geeignet f\u00fcr inklusive Bildungsangebote<\/li>\r\n \t<li>Verlustfreie Audio\u00fcbertragung<\/li>\r\n \t<li>Perfekt f\u00fcr F\u00fchrungen, Unterricht und Live-Kommunikation<\/li>\r\n \t<li>Reichweite bis 1000 m<\/li>\r\n \t<li>Unbegrenzte Anzahl an Kopfh\u00f6rern<\/li>\r\n<\/ul>\r\n&nbsp;\r\n\r\n<strong>Geeignet f\u00fcr verschiedenste Audio\u00fcbertragungen: <\/strong>\r\n\r\nUnterricht, Audioguides, Sprachlernen, Veranstaltungen Inklusive Bildung &amp; Barrierefreiheit\r\n\r\n&nbsp;\r\n\r\nDas HR Z- Pro 50X <strong>unterst\u00fctzt inklusive Lernumgebungen<\/strong> und kann auch mit:\r\n<ul>\r\n \t<li>Induktionsschleifen<\/li>\r\n \t<li>Induktionshalsb\u00e4ndern,<\/li>\r\n \t<li>H\u00f6rger\u00e4ten<\/li>\r\n \t<li>Cochlea-Implantaten<\/li>\r\n<\/ul>\r\ngenutzt werden. Dadurch eignet sich das System besonders f\u00fcr: <strong>barrierearme Bildungsangebote, <\/strong>F\u00fchrungen und Wissensvermittlung."},{"heading":"Vorteile f\u00fcr Medienzentren & Bildungstr\u00e4ger","content":"<ul>\r\n \t<li>Beliebig erweiterbare Teilnehmerzahl<\/li>\r\n \t<li>Faltbares Design<\/li>\r\n \t<li>Austauschbare Akkus f\u00fcr lange Veranstaltungstage<\/li>\r\n \t<li>Bis zu 12 Stunden Akkulaufzeit<\/li>\r\n \t<li>Flexible Audio- und Kanalnutzung<\/li>\r\n \t<li>Unterst\u00fctzung von H\u00f6rhilfen<\/li>\r\n<\/ul>\r\n<img class=\"alignnone size-medium wp-image-37874\" src=\"https:\/\/www.medienlb.com\/wp-content\/uploads\/2026\/05\/hr-z-pro-50x_silent-hybrid-kopfhoerer_headphone-revolution_display_web-300x200.jpg\" alt=\"\" width=\"300\" height=\"200\" \/>\r\n\r\n<strong>Erweiterungsm\u00f6glichkeiten<\/strong>\r\n<ul>\r\n \t<li>Zus\u00e4tzliche Kan\u00e4le<\/li>\r\n \t<li>Weitere Kopfh\u00f6rer<\/li>\r\n \t<li>Individuelle LED-Konfigurationen Kanalnummern-Display<\/li>\r\n \t<li>Akustische Kanalansagen<\/li>\r\n \t<li>Individuelles Branding<\/li>\r\n \t<li>Erweiterte Systemkonfigurationen<\/li>\r\n<\/ul>"}]},"_links":{"self":[{"href":"https:\/\/www.medienlb.com\/en\/wp-json\/wp\/v2\/product\/37840","targetHints":{"allow":["GET"]}}],"collection":[{"href":"https:\/\/www.medienlb.com\/en\/wp-json\/wp\/v2\/product"}],"about":[{"href":"https:\/\/www.medienlb.com\/en\/wp-json\/wp\/v2\/types\/product"}],"acf:post":[{"embeddable":true,"href":"https:\/\/www.medienlb.com\/en\/wp-json\/wp\/v2\/product\/35344"}],"wp:featuredmedia":[{"embeddable":true,"href":"https:\/\/www.medienlb.com\/en\/wp-json\/wp\/v2\/media\/37841"}],"wp:attachment":[{"href":"https:\/\/www.medienlb.com\/en\/wp-json\/wp\/v2\/media?parent=37840"}],"wp:term":[{"taxonomy":"product_brand","embeddable":true,"href":"https:\/\/www.medienlb.com\/en\/wp-json\/wp\/v2\/product_brand?post=37840"},{"taxonomy":"product_cat","embeddable":true,"href":"https:\/\/www.medienlb.com\/en\/wp-json\/wp\/v2\/product_cat?post=37840"},{"taxonomy":"product_tag","embeddable":true,"href":"https:\/\/www.medienlb.com\/en\/wp-json\/wp\/v2\/product_tag?post=37840"}],"curies":[{"name":"wp","href":"https:\/\/api.w.org\/{rel}","templated":true}]}}