{"id":37799,"date":"2026-05-07T06:13:29","date_gmt":"2026-05-07T06:13:29","guid":{"rendered":"https:\/\/www.medienlb.com\/?post_type=product&#038;p=37799"},"modified":"2026-05-07T07:10:12","modified_gmt":"2026-05-07T07:10:12","slug":"55508633-weibliche-genitalverstuemmelung-beschneidung","status":"publish","type":"product","link":"https:\/\/www.medienlb.com\/en\/produkt\/55508633-weibliche-genitalverstuemmelung-beschneidung\/","title":{"rendered":"Weibliche Genitalverst\u00fcmmelung\/ -beschneidung"},"content":{"rendered":"<p>Weibliche Genitalverst\u00fcmmelung und -beschneidung (FGM\/C) betrifft Millionen M\u00e4dchen und Frauen weltweit \u2013 auch in Deutschland. Der Film erz\u00e4hlt die Geschichte einer \u00dcberlebenden von FGM\/C. Er erkl\u00e4rt, was weibliche Genitalverst\u00fcmmelung ist, warum sie praktiziert wird und welche k\u00f6rperlichen und seelischen Folgen sie hat. Fachliche Einordnungen, Interviews mit Betroffenen, Aktivistinnen und einer Frauen\u00e4rztin zeigen, warum Aufkl\u00e4rung, Schutz und Solidarit\u00e4t entscheidend sind \u2013 f\u00fcr Menschenrechte, Selbstbestimmung und die Zukunft von M\u00e4dchen weltweit.<\/p>\n","protected":false},"excerpt":{"rendered":"<p>Weibliche Genitalverst\u00fcmmelung und -beschneidung (FGM\/C) betrifft Millionen M\u00e4dchen und Frauen weltweit \u2013 auch in Deutschland.<\/p>\n","protected":false},"featured_media":37800,"template":"","meta":{"_acf_changed":false},"product_brand":[],"product_cat":[70],"product_tag":[77,125],"class_list":{"0":"post-37799","1":"product","2":"type-product","3":"status-publish","4":"has-post-thumbnail","6":"product_cat-film","7":"product_tag-subject-gesellschaft","8":"product_tag-target-sek-i","10":"first","11":"instock","12":"taxable","13":"shipping-taxable","14":"purchasable","15":"product-type-variable"},"acf":{"subtitle":"FGM\/C","article_id":"55508633","languages":"DE, EN","thumb_up":false,"cover_image":37806,"linked_product":"","linked_products":[{"product":5211},{"product":5156}],"banner":{"show":true,"text":"","color":""},"length":"21:19 min","content_movie":"67 Seiten BGM\r\n\r\n20 Seiten Arbeitsbl\u00e4tter (inkl. Musterl\u00f6sung)\r\n\r\n10 Interaktive Aufgaben H5P","learning_goals":"Lernziele\r\n\r\nDie Sch\u00fclerinnen und Sch\u00fcler\r\n<ol>\r\n \t<li>er\u00f6rtern Ma\u00dfnahmen zur \u00dcberwindung gender-spezifischer Benachteiligungen<\/li>\r\n \t<li>identifizieren Gefahren f\u00fcr die Einzelne innerhalb verschiedener sozialer Beziehungen<\/li>\r\n<\/ol>\r\nKompetenzen\r\n\r\nDie Sch\u00fclerinnen und Sch\u00fcler k\u00f6nnen\r\n<ol>\r\n \t<li>durch Perspektivenwechsel und wechselseitigen Austausch m\u00f6gliche Empfindungen und Sichtweisen Betroffener erfassen.<\/li>\r\n \t<li>eigene Handlungsoptionen entwerfen, im Hinblick auf Folgen und Realisierbarkeit bewerten und die Rolle von Vernunft und Gef\u00fchl beim Entscheiden kritisch pr\u00fcfen.<\/li>\r\n<\/ol>\r\n&nbsp;","preview_gif":"","trailer":{"file":"","url":"","image":37804},"mediathek_id":"","amount":"","demo_url":"","h5p_demo_id":"","content_interactive":"","hide_numbers":false,"flyer":"","info_columns":null},"_links":{"self":[{"href":"https:\/\/www.medienlb.com\/en\/wp-json\/wp\/v2\/product\/37799","targetHints":{"allow":["GET"]}}],"collection":[{"href":"https:\/\/www.medienlb.com\/en\/wp-json\/wp\/v2\/product"}],"about":[{"href":"https:\/\/www.medienlb.com\/en\/wp-json\/wp\/v2\/types\/product"}],"wp:featuredmedia":[{"embeddable":true,"href":"https:\/\/www.medienlb.com\/en\/wp-json\/wp\/v2\/media\/37800"}],"wp:attachment":[{"href":"https:\/\/www.medienlb.com\/en\/wp-json\/wp\/v2\/media?parent=37799"}],"wp:term":[{"taxonomy":"product_brand","embeddable":true,"href":"https:\/\/www.medienlb.com\/en\/wp-json\/wp\/v2\/product_brand?post=37799"},{"taxonomy":"product_cat","embeddable":true,"href":"https:\/\/www.medienlb.com\/en\/wp-json\/wp\/v2\/product_cat?post=37799"},{"taxonomy":"product_tag","embeddable":true,"href":"https:\/\/www.medienlb.com\/en\/wp-json\/wp\/v2\/product_tag?post=37799"}],"curies":[{"name":"wp","href":"https:\/\/api.w.org\/{rel}","templated":true}]}}