{"id":37775,"date":"2026-05-04T08:39:03","date_gmt":"2026-05-04T08:39:03","guid":{"rendered":"https:\/\/www.medienlb.com\/?post_type=product&#038;p=37775"},"modified":"2026-05-04T09:45:05","modified_gmt":"2026-05-04T09:45:05","slug":"virtual-hall","status":"publish","type":"product","link":"https:\/\/www.medienlb.com\/en\/produkt\/virtual-hall\/","title":{"rendered":"Virtual Hall"},"content":{"rendered":"<p>Mit Virtual Hall\u00ae wird der Konzertsaal zum immersiven Lern\u2011 und Kulturerlebnis. Die VR\u2011Anwendung versetzt Nutzerinnen und Nutzer direkt auf die B\u00fchne der renommierten Victoria Hall in Genf \u2013 mitten ins Orchester des Orchestre de la Suisse Romande. Hochaufl\u00f6sende 360\u00b0\u2011Videoaufnahmen und ein aufwendig produzierter 3D\u2011Raumklang, aufgenommen mit 23 Mikrofonen, erm\u00f6glichen ein realistisches Musikerlebnis auf h\u00f6chstem Niveau. Sechs frei w\u00e4hlbare Perspektiven \u2013 vom Dirigentenpult bis in die Instrumentengruppen \u2013 er\u00f6ffnen neue Zug\u00e4nge zum sinfonischen Werk und f\u00f6rdern aktives, entdeckendes H\u00f6ren. Die Anwendung beinhaltet die Eroica von Beethoven\u00a0 und wird kontinuierlich erweitert. Virtual Hall\u00ae eignet sich ideal f\u00fcr Schule, Musikunterricht, kulturelle Bildung und Projektarbeit und verbindet klassische Musik mit moderner Technologie. Die Anwendung ist f\u00fcr g\u00e4ngige VR\u2011Headsets verf\u00fcgbar und er\u00f6ffnet neue Wege der Musikvermittlung im digitalen Raum.<\/p>\n","protected":false},"excerpt":{"rendered":"<p>Mit Virtual Hall\u00ae wird der Konzertsaal zum immersiven Lern\u2011 und Kulturerlebnis.<\/p>\n","protected":false},"featured_media":37776,"template":"","meta":{"_acf_changed":false},"product_brand":[],"product_cat":[75],"product_tag":[],"class_list":{"0":"post-37775","1":"product","2":"type-product","3":"status-publish","4":"has-post-thumbnail","6":"product_cat-hardware","8":"first","9":"instock","10":"taxable","11":"shipping-taxable","12":"purchasable","13":"product-type-variable"},"acf":{"subtitle":"VR Anwendung","article_id":"MLB_Cybelart_001","languages":"DE","thumb_up":false,"cover_image":"","linked_product":21763,"linked_products":null,"banner":{"show":true,"text":"","color":""},"length":"","content_movie":"","learning_goals":"","preview_gif":"","trailer":{"file":"","url":"","image":""},"mediathek_id":"","amount":"","demo_url":"","h5p_demo_id":"","content_interactive":"","hide_numbers":false,"flyer":"","info_columns":[{"heading":"Teaserclip","content":"[video width=\"1080\" height=\"1080\" mp4=\"https:\/\/www.medienlb.com\/wp-content\/uploads\/2026\/05\/EXPORT_PRESSE_MEDIA_UNIQUEMENT_CONF_250131A.mp4\"][\/video]"}]},"_links":{"self":[{"href":"https:\/\/www.medienlb.com\/en\/wp-json\/wp\/v2\/product\/37775","targetHints":{"allow":["GET"]}}],"collection":[{"href":"https:\/\/www.medienlb.com\/en\/wp-json\/wp\/v2\/product"}],"about":[{"href":"https:\/\/www.medienlb.com\/en\/wp-json\/wp\/v2\/types\/product"}],"acf:post":[{"embeddable":true,"href":"https:\/\/www.medienlb.com\/en\/wp-json\/wp\/v2\/product\/21763"}],"wp:featuredmedia":[{"embeddable":true,"href":"https:\/\/www.medienlb.com\/en\/wp-json\/wp\/v2\/media\/37776"}],"wp:attachment":[{"href":"https:\/\/www.medienlb.com\/en\/wp-json\/wp\/v2\/media?parent=37775"}],"wp:term":[{"taxonomy":"product_brand","embeddable":true,"href":"https:\/\/www.medienlb.com\/en\/wp-json\/wp\/v2\/product_brand?post=37775"},{"taxonomy":"product_cat","embeddable":true,"href":"https:\/\/www.medienlb.com\/en\/wp-json\/wp\/v2\/product_cat?post=37775"},{"taxonomy":"product_tag","embeddable":true,"href":"https:\/\/www.medienlb.com\/en\/wp-json\/wp\/v2\/product_tag?post=37775"}],"curies":[{"name":"wp","href":"https:\/\/api.w.org\/{rel}","templated":true}]}}