{"id":37717,"date":"2026-04-27T12:43:26","date_gmt":"2026-04-27T12:43:26","guid":{"rendered":"https:\/\/www.medienlb.com\/?post_type=product&#038;p=37717"},"modified":"2026-04-27T12:43:27","modified_gmt":"2026-04-27T12:43:27","slug":"55508959-feuer-und-flamme-3","status":"publish","type":"product","link":"https:\/\/www.medienlb.com\/en\/produkt\/55508959-feuer-und-flamme-3\/","title":{"rendered":"Feuer und Flamme"},"content":{"rendered":"<p>In der Stunde \u201eFeuer und Flamme \u2013 Verbrennungsreaktionen\u201c besch\u00e4ftigen sich die Sch\u00fclerinnen und Sch\u00fcler mit dem Ph\u00e4nomen der Verbrennung. Vor dem Hintergrund der Bedeutung des Feuers als Meilenstein der menschlichen Entwicklung stellen sie dabei schnell fest, dass es sich bei der Verbrennung um eine chemische Reaktion mit charakteristischen Eigenschaften handelt. Sie beobachten dabei die zur Masseabnahme eines Streichholzes scheinbar widerspr\u00fcchliche Massezunahme bei der Verbrennung von Eisenwolle und gehen diesen Ph\u00e4nomenen in Experimenten auf den Grund. Dabei erkennen sie die Rolle des Sauerstoffs als Edukt der Verbrennungsreaktion und k\u00f6nnen die zuvor gemachten Beobachtungen durch Betrachtung der Reaktionsprodukte Kohlenstoffdioxid beziehungsweise Eisennoxid erkl\u00e4ren.<\/p>\n","protected":false},"excerpt":{"rendered":"<p>Zehn interaktive H5P-Aufgaben, die den Ablauf einer Schulstunde nachvollziehen, erkl\u00e4ren in Videos Verbrennungsreaktionen und sichern das Wissen mit Aufgaben ab.<\/p>\n","protected":false},"featured_media":37718,"template":"","meta":{"_acf_changed":false},"product_brand":[],"product_cat":[180],"product_tag":[113,125],"class_list":{"0":"post-37717","1":"product","2":"type-product","3":"status-publish","4":"has-post-thumbnail","6":"product_cat-interaktive-lerneinheit","7":"product_tag-subject-chemie","8":"product_tag-target-sek-i","10":"first","11":"instock","12":"taxable","13":"shipping-taxable","14":"purchasable","15":"product-type-variable"},"acf":{"subtitle":"Verbrennungsreaktionen","article_id":"55508959","languages":"DE","thumb_up":false,"cover_image":"","linked_product":"","linked_products":[{"product":37710},{"product":37690},{"product":37683}],"banner":{"show":true,"text":"","color":""},"length":"","content_movie":"","learning_goals":"","preview_gif":"","trailer":{"file":"","url":"","image":""},"mediathek_id":"","amount":10,"demo_url":"","h5p_demo_id":"","content_interactive":"Video: Verbrennungsreaktionen - Vorwissen aktivieren \r\nVideo: Verbrennungsreaktionen - Einf\u00fchrung \r\nAufgaben: Verbrennungsreaktionen - Verst\u00e4ndnissicherung \r\nVideo: Verbrennungsreaktionen - Erarbeitung\r\nAufgaben: Verbrennungsreaktionen - \u00dcben und Anwenden \r\nVideo: Verbrennungsreaktionen - Vertiefung \r\nVideo: Verbrennungsreaktionen - Ergebnissicherung \r\nAufgaben: Verbrennungsreaktionen - Teste dein Wissen \r\nVerbrennungsreaktionen - Das Experiment \r\nVerbrennungsreaktionen - Merkblatt ","hide_numbers":false,"flyer":"","info_columns":null},"_links":{"self":[{"href":"https:\/\/www.medienlb.com\/en\/wp-json\/wp\/v2\/product\/37717","targetHints":{"allow":["GET"]}}],"collection":[{"href":"https:\/\/www.medienlb.com\/en\/wp-json\/wp\/v2\/product"}],"about":[{"href":"https:\/\/www.medienlb.com\/en\/wp-json\/wp\/v2\/types\/product"}],"wp:featuredmedia":[{"embeddable":true,"href":"https:\/\/www.medienlb.com\/en\/wp-json\/wp\/v2\/media\/37718"}],"wp:attachment":[{"href":"https:\/\/www.medienlb.com\/en\/wp-json\/wp\/v2\/media?parent=37717"}],"wp:term":[{"taxonomy":"product_brand","embeddable":true,"href":"https:\/\/www.medienlb.com\/en\/wp-json\/wp\/v2\/product_brand?post=37717"},{"taxonomy":"product_cat","embeddable":true,"href":"https:\/\/www.medienlb.com\/en\/wp-json\/wp\/v2\/product_cat?post=37717"},{"taxonomy":"product_tag","embeddable":true,"href":"https:\/\/www.medienlb.com\/en\/wp-json\/wp\/v2\/product_tag?post=37717"}],"curies":[{"name":"wp","href":"https:\/\/api.w.org\/{rel}","templated":true}]}}