{"id":37702,"date":"2026-04-27T12:30:04","date_gmt":"2026-04-27T12:30:04","guid":{"rendered":"https:\/\/www.medienlb.com\/?post_type=product&#038;p=37702"},"modified":"2026-04-27T12:31:20","modified_gmt":"2026-04-27T12:31:20","slug":"55508958-luft-und-ihre-zusammensetzung","status":"publish","type":"product","link":"https:\/\/www.medienlb.com\/en\/produkt\/55508958-luft-und-ihre-zusammensetzung\/","title":{"rendered":"Luft und ihre Zusammensetzung"},"content":{"rendered":"<p>In der Stunde besch\u00e4ftigen sich die Sch\u00fclerinnen und Sch\u00fcler mit der Frage, was Luft ist und woraus sie besteht. Experimentell finden die Sch\u00fcler\/-innen heraus, dass es sich bei Luft um ein Stoffgemisch handelt, das zu gro\u00dfen Teilen aus Stickstoff und Sauerstoff besteht. Sie betrachten die Eigenschaften dieser Gase und Lernen mit Argon und Kohlenstoffdioxid zwei weitere Gase kennen, die in der Luft vorkommen. Die Sch\u00fclerinnen und Sch\u00fcler erkennen die vergleichsweise hohe Dichte von Kohlenstoffdioxid und k\u00f6nnen dessen Bedeutung verkn\u00fcpft mit dem Sauerstoff im Zusammenhang mit Atmung und Fotosynthese einordnen. Dar\u00fcber hinaus besch\u00e4ftigen sie sich mit dem Luftdruck.<\/p>\n","protected":false},"excerpt":{"rendered":"<p>Zehn interaktive H5P-Aufgaben, die den Ablauf einer Schulstunde nachvollziehen, erkl\u00e4ren in Videos die Zusammensetzung der Luft und sichern das Wissen mit Aufgaben ab.<\/p>\n","protected":false},"featured_media":37704,"template":"","meta":{"_acf_changed":false},"product_brand":[],"product_cat":[180],"product_tag":[113,125],"class_list":{"0":"post-37702","1":"product","2":"type-product","3":"status-publish","4":"has-post-thumbnail","6":"product_cat-interaktive-lerneinheit","7":"product_tag-subject-chemie","8":"product_tag-target-sek-i","10":"first","11":"instock","12":"taxable","13":"shipping-taxable","14":"purchasable","15":"product-type-variable"},"acf":{"subtitle":"Was wir atmen","article_id":"55508958","languages":"DE","thumb_up":false,"cover_image":37709,"linked_product":"","linked_products":[{"product":37695},{"product":37690}],"banner":{"show":true,"text":"","color":""},"length":"","content_movie":"","learning_goals":"","preview_gif":"","trailer":{"file":"","url":"","image":""},"mediathek_id":"","amount":10,"demo_url":"","h5p_demo_id":"","content_interactive":"Video: Luft und ihre Zusammensetzung - Vorwissen aktivieren \r\nVideo: Luft und ihre Zusammensetzung - Einf\u00fchrung \r\nAufgaben: Luft und ihre Zusammensetzung - Verst\u00e4ndnissicherung \r\nVideo: Luft und ihre Zusammensetzung - Erarbeitung \r\nAufgaben: Luft und ihre Zusammensetzung - \u00dcben und Anwenden \r\nVideo: Luft und ihre Zusammensetzung - Vertiefung\r\nVideo: Luft und ihre Zusammensetzung - Ergebnissicherung \r\nAufgaben: Luft und ihre Zusammensetzung - Teste dein Wissen\r\nLuft und ihre Zusammensetzung - Ein Experiment \r\nLuft und ihre Zusammensetzung - Merkblatt ","hide_numbers":false,"flyer":"","info_columns":null},"_links":{"self":[{"href":"https:\/\/www.medienlb.com\/en\/wp-json\/wp\/v2\/product\/37702","targetHints":{"allow":["GET"]}}],"collection":[{"href":"https:\/\/www.medienlb.com\/en\/wp-json\/wp\/v2\/product"}],"about":[{"href":"https:\/\/www.medienlb.com\/en\/wp-json\/wp\/v2\/types\/product"}],"wp:featuredmedia":[{"embeddable":true,"href":"https:\/\/www.medienlb.com\/en\/wp-json\/wp\/v2\/media\/37704"}],"wp:attachment":[{"href":"https:\/\/www.medienlb.com\/en\/wp-json\/wp\/v2\/media?parent=37702"}],"wp:term":[{"taxonomy":"product_brand","embeddable":true,"href":"https:\/\/www.medienlb.com\/en\/wp-json\/wp\/v2\/product_brand?post=37702"},{"taxonomy":"product_cat","embeddable":true,"href":"https:\/\/www.medienlb.com\/en\/wp-json\/wp\/v2\/product_cat?post=37702"},{"taxonomy":"product_tag","embeddable":true,"href":"https:\/\/www.medienlb.com\/en\/wp-json\/wp\/v2\/product_tag?post=37702"}],"curies":[{"name":"wp","href":"https:\/\/api.w.org\/{rel}","templated":true}]}}