{"id":37695,"date":"2026-04-27T12:18:19","date_gmt":"2026-04-27T12:18:19","guid":{"rendered":"https:\/\/www.medienlb.com\/?post_type=product&#038;p=37695"},"modified":"2026-04-27T12:19:26","modified_gmt":"2026-04-27T12:19:26","slug":"55508960-kunststoffe","status":"publish","type":"product","link":"https:\/\/www.medienlb.com\/en\/produkt\/55508960-kunststoffe\/","title":{"rendered":"Kunststoffe"},"content":{"rendered":"<p>Die Sch\u00fclerinnen und Sch\u00fcler haben ein fundiertes Verst\u00e4ndnis f\u00fcr die faszinierende Welt der Kunststoffe entwickelt. Sie haben gelernt, dass Kunststoffe eine vielf\u00e4ltige Gruppe von Materialien bilden, die in unserem t\u00e4glichen Leben weit verbreitet sind. Diese lassen sich strukturell von anderen Stoffen ableiten und weisen eine beeindruckende Bandbreite von Eigenschaften auf, darunter ihre Flexibilit\u00e4t, H\u00e4rte und Best\u00e4ndigkeit. Dabei haben sie erkannt, dass Kunststoffe sich durch ihre polymere Struktur auszeichnen. Die Sch\u00fcler\/-innen haben verschiedene Arten von Kunststoffen, ihre Eigenschaften sowie ihre zahlreichen Anwendungen kennengelernt und sind nun in der Lage, die Bedeutung dieser Materialien in unserer modernen Welt zu sch\u00e4tzen. Anhand von konkreten Beispielen wie der Herstellung von Plastikflaschen, der Verwendung von Kunststoffen in der Medizin und im Bauwesen sowie den Umweltauswirkungen von Plastikm\u00fcll haben sie erkannt, wie Kunststoffe unseren Alltag beeinflussen und welche Herausforderungen im Umgang mit ihnen bestehen.<\/p>\n","protected":false},"excerpt":{"rendered":"<p>Zehn interaktive H5P-Aufgaben, die den Ablauf einer Schulstunde nachvollziehen, erkl\u00e4ren in Videos\u00a0 Kunststoffe und sichern das Wissen mit Aufgaben ab.<\/p>\n","protected":false},"featured_media":37696,"template":"","meta":{"_acf_changed":false},"product_brand":[],"product_cat":[180],"product_tag":[113,125],"class_list":{"0":"post-37695","1":"product","2":"type-product","3":"status-publish","4":"has-post-thumbnail","6":"product_cat-interaktive-lerneinheit","7":"product_tag-subject-chemie","8":"product_tag-target-sek-i","10":"first","11":"instock","12":"taxable","13":"shipping-taxable","14":"purchasable","15":"product-type-variable"},"acf":{"subtitle":"Chemie 9-10","article_id":"55508960","languages":"DE","thumb_up":false,"cover_image":37701,"linked_product":37690,"linked_products":null,"banner":{"show":true,"text":"","color":""},"length":"","content_movie":"","learning_goals":"","preview_gif":"","trailer":{"file":"","url":"","image":""},"mediathek_id":"","amount":10,"demo_url":"","h5p_demo_id":"","content_interactive":"Video: Kunststoffe - Vorwissen aktivieren \r\nVideo: Kunststoffe- Einf\u00fchrung \r\nAufgabe: Kunststoffe - Verst\u00e4ndnissicherung \r\nVideo: Kunststoffe - Erarbeitung \r\nAufgaben: Kunststoffe - \u00dcben und Anwenden\r\nVideo: Kunststoffe - Vertiefung \r\nVideo: Kunststoffe - Ergebnissicherung \r\nAufgaben: Kunststoffe - Teste dein Wissen I \r\nAufgaben: Kunststoffe - Teste dein Wissen II \r\nKunststoffe - Merkblatt ","hide_numbers":false,"flyer":"","info_columns":null},"_links":{"self":[{"href":"https:\/\/www.medienlb.com\/en\/wp-json\/wp\/v2\/product\/37695","targetHints":{"allow":["GET"]}}],"collection":[{"href":"https:\/\/www.medienlb.com\/en\/wp-json\/wp\/v2\/product"}],"about":[{"href":"https:\/\/www.medienlb.com\/en\/wp-json\/wp\/v2\/types\/product"}],"acf:post":[{"embeddable":true,"href":"https:\/\/www.medienlb.com\/en\/wp-json\/wp\/v2\/product\/37690"}],"wp:featuredmedia":[{"embeddable":true,"href":"https:\/\/www.medienlb.com\/en\/wp-json\/wp\/v2\/media\/37696"}],"wp:attachment":[{"href":"https:\/\/www.medienlb.com\/en\/wp-json\/wp\/v2\/media?parent=37695"}],"wp:term":[{"taxonomy":"product_brand","embeddable":true,"href":"https:\/\/www.medienlb.com\/en\/wp-json\/wp\/v2\/product_brand?post=37695"},{"taxonomy":"product_cat","embeddable":true,"href":"https:\/\/www.medienlb.com\/en\/wp-json\/wp\/v2\/product_cat?post=37695"},{"taxonomy":"product_tag","embeddable":true,"href":"https:\/\/www.medienlb.com\/en\/wp-json\/wp\/v2\/product_tag?post=37695"}],"curies":[{"name":"wp","href":"https:\/\/api.w.org\/{rel}","templated":true}]}}