{"id":37690,"date":"2026-04-27T12:09:24","date_gmt":"2026-04-27T12:09:24","guid":{"rendered":"https:\/\/www.medienlb.com\/?post_type=product&#038;p=37690"},"modified":"2026-04-27T12:10:08","modified_gmt":"2026-04-27T12:10:08","slug":"55508962-isotope","status":"publish","type":"product","link":"https:\/\/www.medienlb.com\/en\/produkt\/55508962-isotope\/","title":{"rendered":"Isotope"},"content":{"rendered":"<p>Die Sch\u00fclerinnen und Sch\u00fcler lernen in dieser Stunde Isotope kennen. Sie k\u00f6nnen erkl\u00e4ren, wodurch sich diese auszeichnen und welchen Einfluss sie auf die Massenzahl eines Elements im Periodensystem haben. Dar\u00fcber hinaus lernen die Sch\u00fcler-\/innen Anwendungsbeispiele f\u00fcr die Isotopenuntersuchung kennen. Sie verstehen, wie es zu regionalen Unterschieden der Isotopenverteilung kommt und wie diese bei Lebensmittelkontrollen helfen. Daneben setzen sich die Sch\u00fclerinnen und Sch\u00fcler auch mit instabilen Isotopen auseinander und k\u00f6nnen erkl\u00e4ren, wie mithilfe der Radiokarbonmethode das Alter arch\u00e4ologischer Funde datiert werden kann.<\/p>\n","protected":false},"excerpt":{"rendered":"<p>Zehn interaktive H5P-Aufgaben, die den Ablauf einer Schulstunde nachvollziehen, erkl\u00e4ren in Videos\u00a0 Atomaufbau und Isotope und sichern das Wissen mit Aufgaben ab.<\/p>\n","protected":false},"featured_media":37691,"template":"","meta":{"_acf_changed":false},"product_brand":[],"product_cat":[180],"product_tag":[113,125],"class_list":{"0":"post-37690","1":"product","2":"type-product","3":"status-publish","4":"has-post-thumbnail","6":"product_cat-interaktive-lerneinheit","7":"product_tag-subject-chemie","8":"product_tag-target-sek-i","10":"first","11":"instock","12":"taxable","13":"shipping-taxable","14":"purchasable","15":"product-type-variable"},"acf":{"subtitle":"Atomaufbau","article_id":"55508962","languages":"DE","thumb_up":false,"cover_image":"","linked_product":37683,"linked_products":null,"banner":{"show":true,"text":"","color":""},"length":"","content_movie":"","learning_goals":"","preview_gif":"","trailer":{"file":"","url":"","image":""},"mediathek_id":"","amount":10,"demo_url":"","h5p_demo_id":"","content_interactive":"Video: Isotope - Vorwissen aktivieren \r\nVideo: Isotope - Einf\u00fchrung \r\nAufgabe: Isotope - Verst\u00e4ndnissicherung \r\nVideo: Isotope - Erarbeitung\r\nAufgaben: Isotope - \u00dcben und Anwenden\r\nVideo: Isotope - Vertiefung\r\nVideo: Isotope - Ergebnissicherung\r\nAufgaben: Isotope - Teste dein Wissen\r\nAufgabe: Isotope - Die Ausgrabung \r\nIsotope - Merkblatt ","hide_numbers":false,"flyer":"","info_columns":null},"_links":{"self":[{"href":"https:\/\/www.medienlb.com\/en\/wp-json\/wp\/v2\/product\/37690","targetHints":{"allow":["GET"]}}],"collection":[{"href":"https:\/\/www.medienlb.com\/en\/wp-json\/wp\/v2\/product"}],"about":[{"href":"https:\/\/www.medienlb.com\/en\/wp-json\/wp\/v2\/types\/product"}],"acf:post":[{"embeddable":true,"href":"https:\/\/www.medienlb.com\/en\/wp-json\/wp\/v2\/product\/37683"}],"wp:featuredmedia":[{"embeddable":true,"href":"https:\/\/www.medienlb.com\/en\/wp-json\/wp\/v2\/media\/37691"}],"wp:attachment":[{"href":"https:\/\/www.medienlb.com\/en\/wp-json\/wp\/v2\/media?parent=37690"}],"wp:term":[{"taxonomy":"product_brand","embeddable":true,"href":"https:\/\/www.medienlb.com\/en\/wp-json\/wp\/v2\/product_brand?post=37690"},{"taxonomy":"product_cat","embeddable":true,"href":"https:\/\/www.medienlb.com\/en\/wp-json\/wp\/v2\/product_cat?post=37690"},{"taxonomy":"product_tag","embeddable":true,"href":"https:\/\/www.medienlb.com\/en\/wp-json\/wp\/v2\/product_tag?post=37690"}],"curies":[{"name":"wp","href":"https:\/\/api.w.org\/{rel}","templated":true}]}}