{"id":37683,"date":"2026-04-27T12:02:18","date_gmt":"2026-04-27T12:02:18","guid":{"rendered":"https:\/\/www.medienlb.com\/?post_type=product&#038;p=37683"},"modified":"2026-04-27T12:03:20","modified_gmt":"2026-04-27T12:03:20","slug":"antriebstechniken-von-fahrzeugen","status":"publish","type":"product","link":"https:\/\/www.medienlb.com\/en\/produkt\/antriebstechniken-von-fahrzeugen\/","title":{"rendered":"Antriebstechniken von Fahrzeugen"},"content":{"rendered":"<p>Die Sch\u00fclerinnen und Sch\u00fcler k\u00f6nnen den Aufbau und die Funktionsweise eines Elektromotors beschreiben. Sie k\u00f6nnen den Elektromotor von Verbrennungsmotoren abgrenzen. Die Arbeitsweise eines Ottomotors im Viertaktverfahren k\u00f6nnen sie erkl\u00e4ren. Sie wissen, dass Dieselmotoren im Gegensatz zu Ottomotoren Selbstz\u00fcnder sind. Ihnen ist bewusst, dass die Erweiterung von einem Zylinder zu vier Zylindern beim Viertakter zu einer h\u00f6heren Laufruhe des Motors f\u00fchrt. Au\u00dferdem k\u00f6nnen sie mit einer Brennstoffzelle und einem Solarmodul Wasserstoff erzeugen. Anhand eines Brennstoffzellenautos verstehen sie, dass man mit Wasserstoff ein Fahrzeug mit Elektromotor antreiben kann. Sie erkennen das Brennstoffzellenauto und das Elektroauto als nachhaltige Alternativen zu Fahrzeugen mit Verbrennungsmotoren.<\/p>\n","protected":false},"excerpt":{"rendered":"<p>Zehn interaktive H5P-Aufgaben, die den Ablauf einer Schulstunde nachvollziehen, erkl\u00e4ren in Videos\u00a0 Antriebstechniken von Fahrzeugen und sichern das Wissen mit Aufgaben ab.<\/p>\n","protected":false},"featured_media":37684,"template":"","meta":{"_acf_changed":false},"product_brand":[],"product_cat":[180],"product_tag":[101,125],"class_list":{"0":"post-37683","1":"product","2":"type-product","3":"status-publish","4":"has-post-thumbnail","6":"product_cat-interaktive-lerneinheit","7":"product_tag-subject-physik","8":"product_tag-target-sek-i","10":"first","11":"instock","12":"taxable","13":"shipping-taxable","14":"purchasable","15":"product-type-variable"},"acf":{"subtitle":"Physik 9-10","article_id":"55508963","languages":"DE","thumb_up":false,"cover_image":37689,"linked_product":37674,"linked_products":null,"banner":{"show":true,"text":"","color":""},"length":"","content_movie":"","learning_goals":"","preview_gif":"","trailer":{"file":"","url":"","image":""},"mediathek_id":"","amount":10,"demo_url":"","h5p_demo_id":"","content_interactive":"Video: Antriebstechniken - Vorwissen aktivieren \r\nVideo: Antriebstechniken - Einf\u00fchrung\r\nAufgaben: Antriebstechniken - Verst\u00e4ndnissicherung \r\nVideo: Antriebstechniken - Erarbeitung\r\nAufgaben: Antriebstechniken - \u00dcben und Anwenden \r\nVideo: Antriebstechniken - Vertiefung\r\nVideo: Antriebstechniken - Ergebnissicherung \r\nAufgaben: Antriebstechniken - Teste dein Wissen I \r\nAufgaben: Antriebstechniken - Teste dein Wissen II \r\nAntriebstechniken - Merkblatt ","hide_numbers":false,"flyer":"","info_columns":null},"_links":{"self":[{"href":"https:\/\/www.medienlb.com\/en\/wp-json\/wp\/v2\/product\/37683","targetHints":{"allow":["GET"]}}],"collection":[{"href":"https:\/\/www.medienlb.com\/en\/wp-json\/wp\/v2\/product"}],"about":[{"href":"https:\/\/www.medienlb.com\/en\/wp-json\/wp\/v2\/types\/product"}],"acf:post":[{"embeddable":true,"href":"https:\/\/www.medienlb.com\/en\/wp-json\/wp\/v2\/product\/37674"}],"wp:featuredmedia":[{"embeddable":true,"href":"https:\/\/www.medienlb.com\/en\/wp-json\/wp\/v2\/media\/37684"}],"wp:attachment":[{"href":"https:\/\/www.medienlb.com\/en\/wp-json\/wp\/v2\/media?parent=37683"}],"wp:term":[{"taxonomy":"product_brand","embeddable":true,"href":"https:\/\/www.medienlb.com\/en\/wp-json\/wp\/v2\/product_brand?post=37683"},{"taxonomy":"product_cat","embeddable":true,"href":"https:\/\/www.medienlb.com\/en\/wp-json\/wp\/v2\/product_cat?post=37683"},{"taxonomy":"product_tag","embeddable":true,"href":"https:\/\/www.medienlb.com\/en\/wp-json\/wp\/v2\/product_tag?post=37683"}],"curies":[{"name":"wp","href":"https:\/\/api.w.org\/{rel}","templated":true}]}}