{"id":37674,"date":"2026-04-27T11:56:19","date_gmt":"2026-04-27T11:56:19","guid":{"rendered":"https:\/\/www.medienlb.com\/?post_type=product&#038;p=37674"},"modified":"2026-04-27T11:57:26","modified_gmt":"2026-04-27T11:57:26","slug":"55508967-temperatur-volumen-und-druck-von-gasen","status":"publish","type":"product","link":"https:\/\/www.medienlb.com\/en\/produkt\/55508967-temperatur-volumen-und-druck-von-gasen\/","title":{"rendered":"Temperatur, Volumen und Druck von Gasen"},"content":{"rendered":"<p>Die Sch\u00fclerinnen und Sch\u00fcler verstehen die Zusammenh\u00e4nge zwischen der Temperatur, dem Volumen und dem Druck von Gasen. Sie k\u00f6nnen das Gesetz von Gay-Lussac aus einem Experiment ableiten, bei dem Luft bei konstantem Druck erw\u00e4rmt wird. Auf \u00e4hnliche Weise k\u00f6nnen sie das Gesetz von Amontons aus einem Versuch folgern, bei dem Luft bei konstantem Volumen erw\u00e4rmt wird. Aus beiden Gesetzm\u00e4\u00dfigkeiten k\u00f6nnen sie den allgemeineren proportionalen Zusammenhang zwischen der Temperatur und dem Produkt aus Volumen und Druck schlussfolgern. Die Voraussetzung einer konstanten Teilchenanzahl des Gases ist ihnen bewusst. Sie verstehen daher, dass Experimente in abgeschlossenen Gef\u00e4\u00dfen durchzuf\u00fchren sind, bei denen kein Gas entweichen kann.<\/p>\n","protected":false},"excerpt":{"rendered":"<p>Zehn interaktive H5P-Aufgaben, die den Ablauf einer Schulstunde nachvollziehen, erkl\u00e4ren in Videos Temperatur, Volumen und Druck von Gasen und sichern das Wissen mit Aufgaben ab.<\/p>\n","protected":false},"featured_media":37675,"template":"","meta":{"_acf_changed":false},"product_brand":[],"product_cat":[180],"product_tag":[101,125],"class_list":{"0":"post-37674","1":"product","2":"type-product","3":"status-publish","4":"has-post-thumbnail","6":"product_cat-interaktive-lerneinheit","7":"product_tag-subject-physik","8":"product_tag-target-sek-i","10":"first","11":"instock","12":"taxable","13":"shipping-taxable","14":"purchasable","15":"product-type-variable"},"acf":{"subtitle":"Physik 7-8","article_id":"55508967","languages":"DE","thumb_up":false,"cover_image":37682,"linked_product":37662,"linked_products":null,"banner":{"show":true,"text":"","color":""},"length":"","content_movie":"","learning_goals":"","preview_gif":"","trailer":{"file":"","url":"","image":""},"mediathek_id":"","amount":10,"demo_url":"","h5p_demo_id":"","content_interactive":"Video: Gase - Vorwissen aktivieren\r\nVideo: Gase - Einf\u00fchrung\r\nAufgabe: Gase - Verst\u00e4ndnissicherung \r\nVideo: Gase - Erarbeitung\r\nAufgaben: Gase - \u00dcben und Anwenden\r\nVideo: Gase - Vertiefung\r\nVideo: Gase - Ergebnissicherung \r\nAufgaben: Gase - Teste dein Wissen\r\nAufgaben: Gase - Der Hei\u00dfluftballon \r\nGase - Merkblatt ","hide_numbers":false,"flyer":"","info_columns":null},"_links":{"self":[{"href":"https:\/\/www.medienlb.com\/en\/wp-json\/wp\/v2\/product\/37674","targetHints":{"allow":["GET"]}}],"collection":[{"href":"https:\/\/www.medienlb.com\/en\/wp-json\/wp\/v2\/product"}],"about":[{"href":"https:\/\/www.medienlb.com\/en\/wp-json\/wp\/v2\/types\/product"}],"acf:post":[{"embeddable":true,"href":"https:\/\/www.medienlb.com\/en\/wp-json\/wp\/v2\/product\/37662"}],"wp:featuredmedia":[{"embeddable":true,"href":"https:\/\/www.medienlb.com\/en\/wp-json\/wp\/v2\/media\/37675"}],"wp:attachment":[{"href":"https:\/\/www.medienlb.com\/en\/wp-json\/wp\/v2\/media?parent=37674"}],"wp:term":[{"taxonomy":"product_brand","embeddable":true,"href":"https:\/\/www.medienlb.com\/en\/wp-json\/wp\/v2\/product_brand?post=37674"},{"taxonomy":"product_cat","embeddable":true,"href":"https:\/\/www.medienlb.com\/en\/wp-json\/wp\/v2\/product_cat?post=37674"},{"taxonomy":"product_tag","embeddable":true,"href":"https:\/\/www.medienlb.com\/en\/wp-json\/wp\/v2\/product_tag?post=37674"}],"curies":[{"name":"wp","href":"https:\/\/api.w.org\/{rel}","templated":true}]}}