{"id":37669,"date":"2026-04-27T11:41:31","date_gmt":"2026-04-27T11:41:31","guid":{"rendered":"https:\/\/www.medienlb.com\/?post_type=product&#038;p=37669"},"modified":"2026-04-27T11:50:51","modified_gmt":"2026-04-27T11:50:51","slug":"55508966-die-roentgenstrahlung","status":"publish","type":"product","link":"https:\/\/www.medienlb.com\/en\/produkt\/55508966-die-roentgenstrahlung\/","title":{"rendered":"Die R\u00f6ntgenstrahlung"},"content":{"rendered":"<p>Die Sch\u00fclerinnen udn Sch\u00fcler die Entdeckung der R\u00f6ntgenstrahlung durch Wilhelm Conrad R\u00f6ntgen. Sie sind sich der bahnbrechenden Bedeutung dieser Entdeckung f\u00fcr die Medizin bewusst. Die Sch\u00fcler\/-innen wissen, dass man R\u00f6ntgenstrahlung mit einem R\u00f6ntgenger\u00e4t in einer R\u00f6ntgenr\u00f6hre erzeugen kann. Die Entstehung des Bildes eines durchleuchteten Objekts auf einem Leuchtschirm k\u00f6nnen sie erkl\u00e4ren. Die Fluoreszenz des Leuchtschirms k\u00f6nnen sie von der Schw\u00e4rzung eines R\u00f6ntgenfilms bei der R\u00f6ntgenfotografie unterscheiden. Sie k\u00f6nnen auch ein R\u00f6ntgenbild mit der R\u00f6ntgenfotografie erzeugen. Zudem k\u00f6nnen sie die Lage und die L\u00e4nge eines verborgenen Objekts mit Hilfe der R\u00f6ntgenstrahlung bestimmen.<\/p>\n","protected":false},"excerpt":{"rendered":"<p>Zehn interaktive H5P-Aufgaben, die den Ablauf einer Schulstunde nachvollziehen, erkl\u00e4ren in Videos\u00a0 die R\u00f6ntgenstrahlung und sichern das Wissen mit Aufgaben ab.<\/p>\n","protected":false},"featured_media":37670,"template":"","meta":{"_acf_changed":false},"product_brand":[],"product_cat":[180],"product_tag":[101,125],"class_list":{"0":"post-37669","1":"product","2":"type-product","3":"status-publish","4":"has-post-thumbnail","6":"product_cat-interaktive-lerneinheit","7":"product_tag-subject-physik","8":"product_tag-target-sek-i","10":"first","11":"instock","12":"taxable","13":"shipping-taxable","14":"purchasable","15":"product-type-variable"},"acf":{"subtitle":"Physik 9-10","article_id":"55508966","languages":"DE","thumb_up":false,"cover_image":37678,"linked_product":"","linked_products":[{"product":37655},{"product":37662}],"banner":{"show":true,"text":"","color":""},"length":"","content_movie":"","learning_goals":"","preview_gif":"","trailer":{"file":"","url":"","image":""},"mediathek_id":"","amount":10,"demo_url":"","h5p_demo_id":"","content_interactive":"Video: R\u00f6ntgenstrahlung - Vorwissen aktivieren \r\nVideo: R\u00f6ntgenstrahlung - Einf\u00fchrung\r\nAufgaben: R\u00f6ntgenstrahlung - Verst\u00e4ndnissicherung\r\nVideo: R\u00f6ntgenstrahlung - Erarbeitung\r\nAufgaben: R\u00f6ntgenstrahlung - \u00dcben und Anwenden\r\nVideo: R\u00f6ntgenstrahlung - Vertiefung \r\nVideo: R\u00f6ntgenstrahlung - Ergebnissicherung \r\nAufgaben: R\u00f6ntgenstrahlung - Teste dein Wissen \r\nAufgaben: R\u00f6ntgenstrahlung - Eine kleine Rechnung \r\nR\u00f6ntgenstrahlung - Merkblatt ","hide_numbers":false,"flyer":"","info_columns":null},"_links":{"self":[{"href":"https:\/\/www.medienlb.com\/en\/wp-json\/wp\/v2\/product\/37669","targetHints":{"allow":["GET"]}}],"collection":[{"href":"https:\/\/www.medienlb.com\/en\/wp-json\/wp\/v2\/product"}],"about":[{"href":"https:\/\/www.medienlb.com\/en\/wp-json\/wp\/v2\/types\/product"}],"wp:featuredmedia":[{"embeddable":true,"href":"https:\/\/www.medienlb.com\/en\/wp-json\/wp\/v2\/media\/37670"}],"wp:attachment":[{"href":"https:\/\/www.medienlb.com\/en\/wp-json\/wp\/v2\/media?parent=37669"}],"wp:term":[{"taxonomy":"product_brand","embeddable":true,"href":"https:\/\/www.medienlb.com\/en\/wp-json\/wp\/v2\/product_brand?post=37669"},{"taxonomy":"product_cat","embeddable":true,"href":"https:\/\/www.medienlb.com\/en\/wp-json\/wp\/v2\/product_cat?post=37669"},{"taxonomy":"product_tag","embeddable":true,"href":"https:\/\/www.medienlb.com\/en\/wp-json\/wp\/v2\/product_tag?post=37669"}],"curies":[{"name":"wp","href":"https:\/\/api.w.org\/{rel}","templated":true}]}}