{"id":37662,"date":"2026-04-27T11:30:42","date_gmt":"2026-04-27T11:30:42","guid":{"rendered":"https:\/\/www.medienlb.com\/?post_type=product&#038;p=37662"},"modified":"2026-04-27T11:31:55","modified_gmt":"2026-04-27T11:31:55","slug":"55508965-teilchenmodell","status":"publish","type":"product","link":"https:\/\/www.medienlb.com\/en\/produkt\/55508965-teilchenmodell\/","title":{"rendered":"Teilchenmodell und Aggregatzust\u00e4nde"},"content":{"rendered":"<p>Das Teilchenmodell als vereinfachte Vorstellung von Materie wird eingef\u00fchrt. Die Sch\u00fcler\/-innen lernen die unterschiedliche Anordnung und Bewegungsgeschwindigkeit von Teilchen in festen, fl\u00fcssigen und gasf\u00f6rmigen K\u00f6rpern sowie das Verhalten der Teilchen bei Erw\u00e4rmung und Abk\u00fchlung kennen. Sie verstehen, dass K\u00f6rper durch Einsatz von W\u00e4rme oder K\u00e4lte ihren Aggregatzustand wechseln k\u00f6nnen.<\/p>\n","protected":false},"excerpt":{"rendered":"<p>Zehn interaktive H5P-Aufgaben, die den Ablauf einer Schulstunde nachvollziehen, erkl\u00e4ren in Videos\u00a0 die Aggregatzust\u00e4nde und sichern das Wissen mit Aufgaben ab.<\/p>\n","protected":false},"featured_media":37663,"template":"","meta":{"_acf_changed":false},"product_brand":[],"product_cat":[180],"product_tag":[101,125],"class_list":{"0":"post-37662","1":"product","2":"type-product","3":"status-publish","4":"has-post-thumbnail","6":"product_cat-interaktive-lerneinheit","7":"product_tag-subject-physik","8":"product_tag-target-sek-i","10":"first","11":"instock","12":"taxable","13":"shipping-taxable","14":"purchasable","15":"product-type-variable"},"acf":{"subtitle":"Physik 5-7","article_id":"55508965","languages":"DE","thumb_up":false,"cover_image":37668,"linked_product":37655,"linked_products":null,"banner":{"show":true,"text":"","color":""},"length":"","content_movie":"","learning_goals":"","preview_gif":"","trailer":{"file":"","url":"","image":""},"mediathek_id":"","amount":10,"demo_url":"","h5p_demo_id":"","content_interactive":"Video: Teilchenmodell - Vorwissen aktivieren\r\nVideo: Teilchenmodell - Einf\u00fchrung \r\nAufgaben: Teilchenmodell - Verst\u00e4ndnissicherung\r\nVideo: Teilchenmodell - Erarbeitung \r\nAufgaben: Teilchenmodell - \u00dcben und Anwenden \r\nVideo: Teilchenmodell - Vertiefung \r\nVideo: Teilchenmodell - Ergebnissicherung \r\nAufgaben: Teilchenmodell - Teste dein Wissen \r\nAufgaben: Teilchenmodell - Ein Gedankenexperiment \r\nTeilchenmodell - Merkblatt \r\n","hide_numbers":false,"flyer":"","info_columns":null},"_links":{"self":[{"href":"https:\/\/www.medienlb.com\/en\/wp-json\/wp\/v2\/product\/37662","targetHints":{"allow":["GET"]}}],"collection":[{"href":"https:\/\/www.medienlb.com\/en\/wp-json\/wp\/v2\/product"}],"about":[{"href":"https:\/\/www.medienlb.com\/en\/wp-json\/wp\/v2\/types\/product"}],"acf:post":[{"embeddable":true,"href":"https:\/\/www.medienlb.com\/en\/wp-json\/wp\/v2\/product\/37655"}],"wp:featuredmedia":[{"embeddable":true,"href":"https:\/\/www.medienlb.com\/en\/wp-json\/wp\/v2\/media\/37663"}],"wp:attachment":[{"href":"https:\/\/www.medienlb.com\/en\/wp-json\/wp\/v2\/media?parent=37662"}],"wp:term":[{"taxonomy":"product_brand","embeddable":true,"href":"https:\/\/www.medienlb.com\/en\/wp-json\/wp\/v2\/product_brand?post=37662"},{"taxonomy":"product_cat","embeddable":true,"href":"https:\/\/www.medienlb.com\/en\/wp-json\/wp\/v2\/product_cat?post=37662"},{"taxonomy":"product_tag","embeddable":true,"href":"https:\/\/www.medienlb.com\/en\/wp-json\/wp\/v2\/product_tag?post=37662"}],"curies":[{"name":"wp","href":"https:\/\/api.w.org\/{rel}","templated":true}]}}