{"id":37655,"date":"2026-04-27T09:54:30","date_gmt":"2026-04-27T09:54:30","guid":{"rendered":"https:\/\/www.medienlb.com\/?post_type=product&#038;p=37655"},"modified":"2026-04-27T11:02:41","modified_gmt":"2026-04-27T11:02:41","slug":"55508964-die-wechselspannung","status":"publish","type":"product","link":"https:\/\/www.medienlb.com\/en\/produkt\/55508964-die-wechselspannung\/","title":{"rendered":"Die Wechselspannung"},"content":{"rendered":"<p><span data-sheets-root=\"1\">Die Sch\u00fclerinnen und Sch\u00fcler k\u00f6nnen durch Induktion eine Wechselspannung erzeugen. Sie wissen, dass eine Wechselspannung durch einen periodischen Wechsel der Polarit\u00e4t charakterisiert ist. Sie k\u00f6nnen eine Wechselspannung dadurch von einer Gleichspannung unterscheiden. Die Amplitude, Periodendauer und Frequenz einer Wechselspannung sind ihnen als wesentliche Merkmale bekannt. Sie wissen, dass es neben der Sinusspannung auch andere Formen der Wechselspannung gibt. Mit einem Funktionsgenerator k\u00f6nnen sie eine Dreieckspannung und eine Rechteckspannung erzeugen. Sie kennen Anwendungen der verschiedenen Wechselspannungssignale in der Technik.<\/span><\/p>\n<p>&nbsp;<\/p>\n","protected":false},"excerpt":{"rendered":"<p>Zehn interaktive H5P-Aufgaben, die den Ablauf einer Schulstunde nachvollziehen, erkl\u00e4ren in Videos\u00a0 die Wechselspannung und sichern das Wissen mit Aufgaben ab.<\/p>\n","protected":false},"featured_media":37656,"template":"","meta":{"_acf_changed":false},"product_brand":[],"product_cat":[180],"product_tag":[101,125],"class_list":{"0":"post-37655","1":"product","2":"type-product","3":"status-publish","4":"has-post-thumbnail","6":"product_cat-interaktive-lerneinheit","7":"product_tag-subject-physik","8":"product_tag-target-sek-i","10":"first","11":"instock","12":"taxable","13":"shipping-taxable","14":"purchasable","15":"product-type-variable"},"acf":{"subtitle":"Physik 7\/8","article_id":"55508964","languages":"DE","thumb_up":false,"cover_image":37661,"linked_product":"","linked_products":null,"banner":{"show":true,"text":"","color":""},"length":"","content_movie":"","learning_goals":"","preview_gif":"","trailer":{"file":"","url":"","image":""},"mediathek_id":"","amount":10,"demo_url":"","h5p_demo_id":"","content_interactive":"Video: Wechselspannung - Vorwissen aktivieren\r\nVideo: Wechselspannung - Einf\u00fchrung\r\nAufgabe: Wechselspannung - Verst\u00e4ndnissicherung\r\nVideo: Wechselspannung - Erarbeitung\r\nAufgaben: Wechselspannung - \u00dcben und Anwenden \r\nVideo: Wechselspannung - Vertiefung \r\nVideo: Wechselspannung - Ergebnissicherung \r\nAufgaben: Wechselspannung - Teste dein Wissen I \r\nAufgaben: Wechselspannung - Teste dein Wissen II \r\nWechselspannung - Merkblatt \r\n","hide_numbers":false,"flyer":"","info_columns":null},"_links":{"self":[{"href":"https:\/\/www.medienlb.com\/en\/wp-json\/wp\/v2\/product\/37655","targetHints":{"allow":["GET"]}}],"collection":[{"href":"https:\/\/www.medienlb.com\/en\/wp-json\/wp\/v2\/product"}],"about":[{"href":"https:\/\/www.medienlb.com\/en\/wp-json\/wp\/v2\/types\/product"}],"wp:featuredmedia":[{"embeddable":true,"href":"https:\/\/www.medienlb.com\/en\/wp-json\/wp\/v2\/media\/37656"}],"wp:attachment":[{"href":"https:\/\/www.medienlb.com\/en\/wp-json\/wp\/v2\/media?parent=37655"}],"wp:term":[{"taxonomy":"product_brand","embeddable":true,"href":"https:\/\/www.medienlb.com\/en\/wp-json\/wp\/v2\/product_brand?post=37655"},{"taxonomy":"product_cat","embeddable":true,"href":"https:\/\/www.medienlb.com\/en\/wp-json\/wp\/v2\/product_cat?post=37655"},{"taxonomy":"product_tag","embeddable":true,"href":"https:\/\/www.medienlb.com\/en\/wp-json\/wp\/v2\/product_tag?post=37655"}],"curies":[{"name":"wp","href":"https:\/\/api.w.org\/{rel}","templated":true}]}}