{"id":37638,"date":"2026-04-24T07:08:20","date_gmt":"2026-04-24T07:08:20","guid":{"rendered":"https:\/\/www.medienlb.com\/?post_type=product&#038;p=37638"},"modified":"2026-04-24T09:19:12","modified_gmt":"2026-04-24T09:19:12","slug":"55508546-ethik-in-der-technik","status":"publish","type":"product","link":"https:\/\/www.medienlb.com\/en\/produkt\/55508546-ethik-in-der-technik\/","title":{"rendered":"Ethik in der Technik"},"content":{"rendered":"<p>Technischer Fortschritt pr\u00e4gt unseren Alltag. Ob Internet, K\u00fcnstliche Intelligenz oder Robotik \u2013 Technik bietet gro\u00dfe Chancen und birgt Risiken gleicherma\u00dfen. Technischer Fortschritt bedeutet ethische Verantwortung gegen\u00fcber dem Einzelnen und der Gesellschaft.<\/p>\n<p>Der Film zeigt anhand zahlreicher Beispiele und Expertenstimmen die Aspekte auf, an denen Ethik in der Technik einen wichtigen Stellenwert einnimmt, welche Fragen sich auf Entwickler- und Nutzerseite gestellt werden m\u00fcssen und wie Technik verantwortungsvoll und gerecht in Wirtschaft, Medizin und gesellschaftlicher Kommunikation zum Vorteil aller genutzt werden kann.<\/p>\n<p>Das umfangreiche Begleitmaterial vertieft das im Film vermittelte Wissen und blickt \u00fcber den Tellerrand hinaus.<\/p>\n","protected":false},"excerpt":{"rendered":"<p>Ob Internet, K\u00fcnstliche Intelligenz oder Robotik \u2013 Technik bietet gro\u00dfe Chancen und birgt Risiken gleicherma\u00dfen. Technischer Fortschritt bedeutet ethische Verantwortung gegen\u00fcber dem Einzelnen und der Gesellschaft.<\/p>\n","protected":false},"featured_media":37639,"template":"","meta":{"_acf_changed":false},"product_brand":[],"product_cat":[70],"product_tag":[77,125,127],"class_list":{"0":"post-37638","1":"product","2":"type-product","3":"status-publish","4":"has-post-thumbnail","6":"product_cat-film","7":"product_tag-subject-gesellschaft","8":"product_tag-target-sek-i","9":"product_tag-target-sek-ii","11":"first","12":"instock","13":"taxable","14":"shipping-taxable","15":"purchasable","16":"product-type-variable"},"acf":{"subtitle":"Fortschritt mit Verantwortung","article_id":"46505844 \/ 55508546","languages":"DE","thumb_up":false,"cover_image":37647,"linked_product":35092,"linked_products":[{"product":35092},{"product":34704},{"product":35165}],"banner":{"show":true,"text":"","color":""},"length":"18:30 min","content_movie":"56 Seiten Begleitmaterial\r\n\r\n20 Seiten Arbeitsbl\u00e4tter (inkl. Musterl\u00f6sungen)\r\n\r\n10 Interaktive Aufgaben","learning_goals":"Lernziele\r\n\r\nDie Sch\u00fclerinnen und Sch\u00fcler\r\n<ol>\r\n \t<li>beschreiben den Stellenwert der Technik f\u00fcr Menschen an Beispielen.<\/li>\r\n \t<li>stellen verschiedene Auswirkungen der Technik auf Mensch und Natur und die Folgen zunehmender Technisierung im Hinblick auf m\u00f6gliche Wertekonflikte dar.<\/li>\r\n<\/ol>\r\nKompetenzen\r\n\r\nDie Sch\u00fclerinnen und Sch\u00fcler k\u00f6nnen\r\n<ol>\r\n \t<li>ethische Grunds\u00e4tze und moralische Regeln in Frage- und Problemstellungen vergleichen, abw\u00e4gen und sich begr\u00fcndet entscheiden.<\/li>\r\n \t<li>Verschiedene Argumente in der ethischen Auseinandersetzung in Beziehung setzen und gewichten.<\/li>\r\n<\/ol>","preview_gif":"","trailer":{"file":"","url":"","image":37645},"mediathek_id":948,"amount":"","demo_url":"","h5p_demo_id":"","content_interactive":"","hide_numbers":false,"flyer":"","info_columns":null},"_links":{"self":[{"href":"https:\/\/www.medienlb.com\/en\/wp-json\/wp\/v2\/product\/37638","targetHints":{"allow":["GET"]}}],"collection":[{"href":"https:\/\/www.medienlb.com\/en\/wp-json\/wp\/v2\/product"}],"about":[{"href":"https:\/\/www.medienlb.com\/en\/wp-json\/wp\/v2\/types\/product"}],"acf:post":[{"embeddable":true,"href":"https:\/\/www.medienlb.com\/en\/wp-json\/wp\/v2\/product\/35092"}],"wp:featuredmedia":[{"embeddable":true,"href":"https:\/\/www.medienlb.com\/en\/wp-json\/wp\/v2\/media\/37639"}],"wp:attachment":[{"href":"https:\/\/www.medienlb.com\/en\/wp-json\/wp\/v2\/media?parent=37638"}],"wp:term":[{"taxonomy":"product_brand","embeddable":true,"href":"https:\/\/www.medienlb.com\/en\/wp-json\/wp\/v2\/product_brand?post=37638"},{"taxonomy":"product_cat","embeddable":true,"href":"https:\/\/www.medienlb.com\/en\/wp-json\/wp\/v2\/product_cat?post=37638"},{"taxonomy":"product_tag","embeddable":true,"href":"https:\/\/www.medienlb.com\/en\/wp-json\/wp\/v2\/product_tag?post=37638"}],"curies":[{"name":"wp","href":"https:\/\/api.w.org\/{rel}","templated":true}]}}