{"id":37604,"date":"2026-04-23T06:02:43","date_gmt":"2026-04-23T06:02:43","guid":{"rendered":"https:\/\/www.medienlb.com\/?post_type=product&#038;p=37604"},"modified":"2026-04-23T07:16:23","modified_gmt":"2026-04-23T07:16:23","slug":"72501101-kamishibai-der-mond-wacht-ueber-dich","status":"publish","type":"product","link":"https:\/\/www.medienlb.com\/en\/produkt\/72501101-kamishibai-der-mond-wacht-ueber-dich\/","title":{"rendered":"Kamishibai &#8211; Der Mond wacht \u00fcber dich"},"content":{"rendered":"<p>Dieses Kamishibai l\u00e4dt zu einer stillen, poetischen Reise in die Nacht ein. In sanften Bildern und leisen Worten entfaltet sich eine Welt aus Mondlicht, Schlaf und Geborgenheit, inspiriert von Paul Klees Bild \u201eDer Vollmond\u201c. Wiederholungen, ruhige Rhythmen und bildhafte Sprache schaffen eine Atmosph\u00e4re des Innehaltens. Das Kamishibai eignet sich besonders f\u00fcr Abendrunden und f\u00f6rdert Wahrnehmung, Fantasie und die Freude am Lauschen.<\/p>\n<hr \/>\n<p>Enth\u00e4lt 10 Bildkarten.<\/p>\n<p>Zuz\u00fcglich Versandkosten von \u20ac 7,69<\/p>\n","protected":false},"excerpt":{"rendered":"<p>Dieses Kamishibai l\u00e4dt zu einer stillen, poetischen Reise in die Nacht ein.<\/p>\n","protected":false},"featured_media":37606,"template":"","meta":{"_acf_changed":false},"product_brand":[],"product_cat":[186],"product_tag":[81,85,135,129],"class_list":{"0":"post-37604","1":"product","2":"type-product","3":"status-publish","4":"has-post-thumbnail","6":"product_cat-kamishibai","7":"product_tag-subject-elementarbereich","8":"product_tag-subject-kunst","9":"product_tag-target-ele","10":"product_tag-target-gru","12":"first","13":"instock","14":"taxable","15":"shipping-taxable","16":"purchasable","17":"product-type-variable"},"acf":{"subtitle":"Paul Klee: Der Vollmond","article_id":"72501101","languages":"DE","thumb_up":false,"cover_image":"","linked_product":"","linked_products":[{"product":37592},{"product":23750}],"banner":{"show":true,"text":"","color":""},"length":"","content_movie":"","learning_goals":"","preview_gif":"","trailer":{"file":"","url":"","image":""},"mediathek_id":"","amount":"","demo_url":"","h5p_demo_id":"","content_interactive":"","hide_numbers":false,"flyer":"","info_columns":[{"heading":"","content":"<a href=\"https:\/\/www.medienlb.com\/en\/produkt\/kamishibai-theater\/\" target=\"_blank\" rel=\"noopener\"><img class=\"alignnone wp-image-20365\" src=\"https:\/\/www.medienlb.com\/wp-content\/uploads\/2023\/12\/03_Maker_Kamishibai_4_3_SC-300x225.png\" alt=\"\" width=\"100\" height=\"75\" \/><\/a>Die Abmessungen der Bildertafeln (A3) erlauben die Verwendung in einem gebr\u00e4uchlichen Kamishibai-Theatern, das Sie <a href=\"https:\/\/www.medienlb.com\/en\/produkt\/kamishibai-theater\/\" target=\"_blank\" rel=\"noopener\"><strong>Hier finden:<\/strong><\/a>"},{"heading":"","content":"<a href=\"https:\/\/www.medienlb.com\/produkt\/kamishibai\/\" target=\"_blank\" rel=\"noopener\"><img class=\"alignnone wp-image-29153\" src=\"https:\/\/www.medienlb.com\/wp-content\/uploads\/2025\/01\/6506-300x300.png\" alt=\"\" width=\"99\" height=\"99\" \/><\/a>Unseren allgemeinen Schul-Film \u00fcber Kamishibais und dessen Verwendung finden Sie<strong><a href=\"https:\/\/www.medienlb.com\/produkt\/kamishibai\/\" target=\"_blank\" rel=\"noopener\"> Hier:<\/a><\/strong>"}]},"_links":{"self":[{"href":"https:\/\/www.medienlb.com\/en\/wp-json\/wp\/v2\/product\/37604","targetHints":{"allow":["GET"]}}],"collection":[{"href":"https:\/\/www.medienlb.com\/en\/wp-json\/wp\/v2\/product"}],"about":[{"href":"https:\/\/www.medienlb.com\/en\/wp-json\/wp\/v2\/types\/product"}],"wp:featuredmedia":[{"embeddable":true,"href":"https:\/\/www.medienlb.com\/en\/wp-json\/wp\/v2\/media\/37606"}],"wp:attachment":[{"href":"https:\/\/www.medienlb.com\/en\/wp-json\/wp\/v2\/media?parent=37604"}],"wp:term":[{"taxonomy":"product_brand","embeddable":true,"href":"https:\/\/www.medienlb.com\/en\/wp-json\/wp\/v2\/product_brand?post=37604"},{"taxonomy":"product_cat","embeddable":true,"href":"https:\/\/www.medienlb.com\/en\/wp-json\/wp\/v2\/product_cat?post=37604"},{"taxonomy":"product_tag","embeddable":true,"href":"https:\/\/www.medienlb.com\/en\/wp-json\/wp\/v2\/product_tag?post=37604"}],"curies":[{"name":"wp","href":"https:\/\/api.w.org\/{rel}","templated":true}]}}