{"id":37592,"date":"2026-04-23T05:30:46","date_gmt":"2026-04-23T05:30:46","guid":{"rendered":"https:\/\/www.medienlb.com\/?post_type=product&#038;p=37592"},"modified":"2026-04-23T06:14:33","modified_gmt":"2026-04-23T06:14:33","slug":"72501100-kamishibai-der-feuerkaefer","status":"publish","type":"product","link":"https:\/\/www.medienlb.com\/en\/produkt\/72501100-kamishibai-der-feuerkaefer\/","title":{"rendered":"Kamishibai &#8211; Der Feuerk\u00e4fer"},"content":{"rendered":"<p>Der Feuerk\u00e4fer Ferdinand nimmt die Kinder mit auf eine spannende Reise durch einen riesigen Blumenstrau\u00df. Auf der Suche nach seiner Freundin, der Raupe, entdeckt er Bl\u00fcten aus allen Jahreszeiten, begegnet Schmetterling, Libelle und Fliege und erz\u00e4hlt nebenbei Wissenswertes \u00fcber Pflanzen und Malerei. Eine poetische Kamishibai-Geschichte voller Natur, Bewegung und Staunen, die Kunstbetrachtung und Erz\u00e4hllust spielerisch verbindet.<\/p>\n<p>&nbsp;<\/p>\n<hr \/>\n<p>Enth\u00e4lt 14 Bildkarten.<\/p>\n<p>Zuz\u00fcglich Versandkosten von \u20ac 7,69<\/p>\n","protected":false},"excerpt":{"rendered":"<p>Der Feuerk\u00e4fer Ferdinand nimmt die Kinder mit auf eine spannende Reise durch einen riesigen Blumenstrau\u00df.<\/p>\n","protected":false},"featured_media":37593,"template":"","meta":{"_acf_changed":false},"product_brand":[],"product_cat":[186],"product_tag":[81,97,85,135,129],"class_list":{"0":"post-37592","1":"product","2":"type-product","3":"status-publish","4":"has-post-thumbnail","6":"product_cat-kamishibai","7":"product_tag-subject-elementarbereich","8":"product_tag-subject-grundschule","9":"product_tag-subject-kunst","10":"product_tag-target-ele","11":"product_tag-target-gru","13":"first","14":"instock","15":"taxable","16":"shipping-taxable","17":"purchasable","18":"product-type-variable"},"acf":{"subtitle":"Jan Brueghel d.\u00c4. Gro\u00dfer Blumenstrau\u00df","article_id":"72501100","languages":"DE","thumb_up":false,"cover_image":"","linked_product":"","linked_products":[{"product":34802},{"product":32568}],"banner":{"show":true,"text":"","color":""},"length":"","content_movie":"","learning_goals":"","preview_gif":"","trailer":{"file":"","url":"","image":""},"mediathek_id":"","amount":"","demo_url":"","h5p_demo_id":"","content_interactive":"","hide_numbers":false,"flyer":"","info_columns":[{"heading":"","content":"<a href=\"https:\/\/www.medienlb.com\/en\/produkt\/kamishibai-theater\/\" target=\"_blank\" rel=\"noopener\"><img class=\"alignnone wp-image-20365\" src=\"https:\/\/www.medienlb.com\/wp-content\/uploads\/2023\/12\/03_Maker_Kamishibai_4_3_SC-300x225.png\" alt=\"\" width=\"100\" height=\"75\" \/><\/a>Die Abmessungen der Bildertafeln (A3) erlauben die Verwendung in einem gebr\u00e4uchlichen Kamishibai-Theatern, das Sie <a href=\"https:\/\/www.medienlb.com\/en\/produkt\/kamishibai-theater\/\" target=\"_blank\" rel=\"noopener\"><strong>Hier finden:<\/strong><\/a>"},{"heading":"","content":"<a href=\"https:\/\/www.medienlb.com\/produkt\/kamishibai\/\" target=\"_blank\" rel=\"noopener\"><img class=\"alignnone wp-image-29153\" src=\"https:\/\/www.medienlb.com\/wp-content\/uploads\/2025\/01\/6506-300x300.png\" alt=\"\" width=\"99\" height=\"99\" \/><\/a>Unseren allgemeinen Schul-Film \u00fcber Kamishibais und dessen Verwendung finden Sie<strong><a href=\"https:\/\/www.medienlb.com\/produkt\/kamishibai\/\" target=\"_blank\" rel=\"noopener\"> Hier:<\/a><\/strong>"}]},"_links":{"self":[{"href":"https:\/\/www.medienlb.com\/en\/wp-json\/wp\/v2\/product\/37592","targetHints":{"allow":["GET"]}}],"collection":[{"href":"https:\/\/www.medienlb.com\/en\/wp-json\/wp\/v2\/product"}],"about":[{"href":"https:\/\/www.medienlb.com\/en\/wp-json\/wp\/v2\/types\/product"}],"wp:featuredmedia":[{"embeddable":true,"href":"https:\/\/www.medienlb.com\/en\/wp-json\/wp\/v2\/media\/37593"}],"wp:attachment":[{"href":"https:\/\/www.medienlb.com\/en\/wp-json\/wp\/v2\/media?parent=37592"}],"wp:term":[{"taxonomy":"product_brand","embeddable":true,"href":"https:\/\/www.medienlb.com\/en\/wp-json\/wp\/v2\/product_brand?post=37592"},{"taxonomy":"product_cat","embeddable":true,"href":"https:\/\/www.medienlb.com\/en\/wp-json\/wp\/v2\/product_cat?post=37592"},{"taxonomy":"product_tag","embeddable":true,"href":"https:\/\/www.medienlb.com\/en\/wp-json\/wp\/v2\/product_tag?post=37592"}],"curies":[{"name":"wp","href":"https:\/\/api.w.org\/{rel}","templated":true}]}}