{"id":37565,"date":"2026-04-22T08:40:22","date_gmt":"2026-04-22T08:40:22","guid":{"rendered":"https:\/\/www.medienlb.com\/?post_type=product&#038;p=37565"},"modified":"2026-04-22T09:07:43","modified_gmt":"2026-04-22T09:07:43","slug":"55508561-seidenstrasse","status":"publish","type":"product","link":"https:\/\/www.medienlb.com\/en\/produkt\/55508561-seidenstrasse\/","title":{"rendered":"Seidenstra\u00dfe"},"content":{"rendered":"<p>\u00dcber Jahrtausende verband die Seidenstra\u00dfe Asien und Europa zu einem einzigartigen Netzwerk aus Handel, Wissen und Kultur. Dieser Schulfilm nimmt mit auf eine Reise entlang der legend\u00e4ren Routen zwischen W\u00fcsten, Gebirgen und Oasenst\u00e4dten. Er erz\u00e4hlt von Karawanen und Kamelz\u00fcgen, von kostbarer Seide, feinem Porzellan und aromatischem Tee, aber auch von Religionen, Erfindungen und politischen Machtinteressen. Anhand historischer Beispiele wird gezeigt, wie eng wirtschaftlicher Austausch, kulturelle Begegnung und technischer Fortschritt miteinander verkn\u00fcpft waren. Zugleich beleuchtet der Film Ursachen des Niedergangs der Seidenstra\u00dfe und regt dazu an, \u00fcber globale Handelsbeziehungen damals und heute nachzudenken.<\/p>\n","protected":false},"excerpt":{"rendered":"<p>\u00dcber Jahrtausende verband die Seidenstra\u00dfe Asien und Europa zu einem einzigartigen Netzwerk aus Handel, Wissen und Kultur. Dieser Schulfilm nimmt mit auf eine Reise entlang der legend\u00e4ren Routen zwischen W\u00fcsten, Gebirgen und Oasenst\u00e4dten.<\/p>\n","protected":false},"featured_media":37566,"template":"","meta":{"_acf_changed":false},"product_brand":[],"product_cat":[70],"product_tag":[109,125],"class_list":{"0":"post-37565","1":"product","2":"type-product","3":"status-publish","4":"has-post-thumbnail","6":"product_cat-film","7":"product_tag-subject-geschichte","8":"product_tag-target-sek-i","10":"first","11":"instock","12":"taxable","13":"shipping-taxable","14":"purchasable","15":"product-type-variable"},"acf":{"subtitle":"Verbindung zwischen Ost und West","article_id":"46505859 \/ 55508561","languages":"DE","thumb_up":false,"cover_image":37578,"linked_product":15577,"linked_products":[{"product":14283}],"banner":{"show":true,"text":"","color":""},"length":"26:06 min","content_movie":"67 Seiten Begleitmaterial\r\n\r\n20 Seiten Arbeitsbl\u00e4tter (inkl. Musterl\u00f6sungen)\r\n\r\n10 Interaktive Aufgaben","learning_goals":"Lernziele\r\n\r\nDie Sch\u00fclerinnen und Sch\u00fcler\r\n<ol>\r\n \t<li>charakterisieren China als Imperium.<\/li>\r\n \t<li>beschreiben die Handelspolitik Chinas.<\/li>\r\n<\/ol>\r\n&nbsp;\r\n\r\nKompetenzen:\r\n\r\nDie Sch\u00fclerinnen und Sch\u00fcler k\u00f6nnen\r\n<ol>\r\n \t<li>historische Sachverhalte in ihren Wirkungszusammenh\u00e4ngen charakterisieren.<\/li>\r\n \t<li>die eigene Kultur mit anderen Kulturen in ihrer historischen Bedingtheit vergleichen und bewerten.<\/li>\r\n<\/ol>","preview_gif":37569,"trailer":{"file":37571,"url":"","image":37573},"mediathek_id":945,"amount":"","demo_url":"","h5p_demo_id":"","content_interactive":"","hide_numbers":false,"flyer":"","info_columns":null},"_links":{"self":[{"href":"https:\/\/www.medienlb.com\/en\/wp-json\/wp\/v2\/product\/37565","targetHints":{"allow":["GET"]}}],"collection":[{"href":"https:\/\/www.medienlb.com\/en\/wp-json\/wp\/v2\/product"}],"about":[{"href":"https:\/\/www.medienlb.com\/en\/wp-json\/wp\/v2\/types\/product"}],"acf:post":[{"embeddable":true,"href":"https:\/\/www.medienlb.com\/en\/wp-json\/wp\/v2\/product\/15577"}],"wp:featuredmedia":[{"embeddable":true,"href":"https:\/\/www.medienlb.com\/en\/wp-json\/wp\/v2\/media\/37566"}],"wp:attachment":[{"href":"https:\/\/www.medienlb.com\/en\/wp-json\/wp\/v2\/media?parent=37565"}],"wp:term":[{"taxonomy":"product_brand","embeddable":true,"href":"https:\/\/www.medienlb.com\/en\/wp-json\/wp\/v2\/product_brand?post=37565"},{"taxonomy":"product_cat","embeddable":true,"href":"https:\/\/www.medienlb.com\/en\/wp-json\/wp\/v2\/product_cat?post=37565"},{"taxonomy":"product_tag","embeddable":true,"href":"https:\/\/www.medienlb.com\/en\/wp-json\/wp\/v2\/product_tag?post=37565"}],"curies":[{"name":"wp","href":"https:\/\/api.w.org\/{rel}","templated":true}]}}