{"id":37539,"date":"2026-04-21T12:58:44","date_gmt":"2026-04-21T12:58:44","guid":{"rendered":"https:\/\/www.medienlb.com\/?post_type=product&#038;p=37539"},"modified":"2026-04-21T13:10:16","modified_gmt":"2026-04-21T13:10:16","slug":"55508843-europaeischer-wels","status":"publish","type":"product","link":"https:\/\/www.medienlb.com\/en\/produkt\/55508843-europaeischer-wels\/","title":{"rendered":"Europ\u00e4ischer Wels"},"content":{"rendered":"<p>Der Europ\u00e4ische Wels (Silurus glanis) ist der gr\u00f6\u00dfte S\u00fc\u00dfwasserfisch Europas. Der Europ\u00e4ische Wels beeindruckt jedoch auch aufgrund seiner \u00e4u\u00dferst sensiblen Sinne.<\/p>\n<p>Der Film zeigt, wie perfekt dieser geheimnisvolle R\u00e4uber an dunkle Gew\u00e4sser angepasst ist, wie er jagt, sich fortpflanzt und welche Rolle er im \u00d6kosystem spielt. Gleichzeitig beleuchtet er Chancen und Konflikte, die seine Ausbreitung mit sich bringt.<\/p>\n<p>&nbsp;<\/p>\n<p>Ein spannender Einblick in die Welt eines au\u00dfergew\u00f6hnlichen Fisches.<\/p>\n","protected":false},"excerpt":{"rendered":"<p>Der Europ\u00e4ische Wels (Silurus glanis) ist der gr\u00f6\u00dfte S\u00fc\u00dfwasserfisch Europas. Der Europ\u00e4ische Wels beeindruckt jedoch auch aufgrund seiner \u00e4u\u00dferst sensiblen Sinne.<\/p>\n","protected":false},"featured_media":37549,"template":"","meta":{"_acf_changed":false},"product_brand":[],"product_cat":[70],"product_tag":[87,97,125],"class_list":{"0":"post-37539","1":"product","2":"type-product","3":"status-publish","4":"has-post-thumbnail","6":"product_cat-film","7":"product_tag-subject-biologie","8":"product_tag-subject-grundschule","9":"product_tag-target-sek-i","11":"first","12":"instock","13":"taxable","14":"shipping-taxable","15":"purchasable","16":"product-type-variable"},"acf":{"subtitle":"Aussehen, Verbreitung, Lebensweise","article_id":"46505931 \/ 55508843","languages":"DE","thumb_up":false,"cover_image":37554,"linked_product":"","linked_products":[{"product":8106},{"product":34689}],"banner":{"show":true,"text":"","color":""},"length":"13:48 min.","content_movie":"57 Seiten Begleitmaterial\r\n\r\n20 Seiten Arbeitsbl\u00e4tter (inkl. Musterl\u00f6sungen)\r\n\r\n10 Interaktive Aufgaben","learning_goals":"Lernziele:\r\n\r\nDie Sch\u00fclerinnen und Sch\u00fcler\r\n<ol>\r\n \t<li>erl\u00e4utern die Angepasstheit von Arten an einen Umweltfaktor.<\/li>\r\n \t<li>stellen den Wert von Artenvielfalt an einem Beispiel dar und entwickeln nachhaltige Ma\u00dfnahmen zu deren Erhalt.<\/li>\r\n<\/ol>\r\n&nbsp;\r\n\r\nKompetenzen:\r\n\r\nDie Sch\u00fclerinnen und Sch\u00fcler k\u00f6nnen\r\n<ol>\r\n \t<li>Tiere und Pflanzen eines Lebensraums exemplarisch beschreiben, benennen und unterscheiden.<\/li>\r\n \t<li>die Angepasstheit von Tieren und Pflanzen an ihren jeweiligen Lebensraum zu unterschiedlichen jahreszeitlichen Bedingungen beschreiben.<\/li>\r\n<\/ol>\r\n&nbsp;","preview_gif":37552,"trailer":{"file":37543,"url":"","image":37545},"mediathek_id":"","amount":"","demo_url":"","h5p_demo_id":"","content_interactive":"","hide_numbers":false,"flyer":"","info_columns":null},"_links":{"self":[{"href":"https:\/\/www.medienlb.com\/en\/wp-json\/wp\/v2\/product\/37539","targetHints":{"allow":["GET"]}}],"collection":[{"href":"https:\/\/www.medienlb.com\/en\/wp-json\/wp\/v2\/product"}],"about":[{"href":"https:\/\/www.medienlb.com\/en\/wp-json\/wp\/v2\/types\/product"}],"wp:featuredmedia":[{"embeddable":true,"href":"https:\/\/www.medienlb.com\/en\/wp-json\/wp\/v2\/media\/37549"}],"wp:attachment":[{"href":"https:\/\/www.medienlb.com\/en\/wp-json\/wp\/v2\/media?parent=37539"}],"wp:term":[{"taxonomy":"product_brand","embeddable":true,"href":"https:\/\/www.medienlb.com\/en\/wp-json\/wp\/v2\/product_brand?post=37539"},{"taxonomy":"product_cat","embeddable":true,"href":"https:\/\/www.medienlb.com\/en\/wp-json\/wp\/v2\/product_cat?post=37539"},{"taxonomy":"product_tag","embeddable":true,"href":"https:\/\/www.medienlb.com\/en\/wp-json\/wp\/v2\/product_tag?post=37539"}],"curies":[{"name":"wp","href":"https:\/\/api.w.org\/{rel}","templated":true}]}}