{"id":37495,"date":"2026-04-17T05:40:05","date_gmt":"2026-04-17T05:40:05","guid":{"rendered":"https:\/\/www.medienlb.com\/?post_type=product&#038;p=37495"},"modified":"2026-04-17T06:23:42","modified_gmt":"2026-04-17T06:23:42","slug":"55508555-soja","status":"publish","type":"product","link":"https:\/\/www.medienlb.com\/en\/produkt\/55508555-soja\/","title":{"rendered":"Soja"},"content":{"rendered":"<p>Soja ist eine der wichtigsten Kulturpflanzen der Welt \u2013 unscheinbar im Aussehen, aber von enormer Bedeutung. Dieser Schulfilm zeigt die Geschichte der Sojabohne von ihren Anf\u00e4ngen in China bis zu ihrer globalen Rolle in Ern\u00e4hrung, Landwirtschaft, Industrie und Politik. Er erkl\u00e4rt den Anbau, die Verarbeitung zu Lebensmitteln und Futtermitteln, die besonderen N\u00e4hrstoffe sowie \u00f6kologische und wirtschaftliche Auswirkungen. Soja verbindet Gesundheit, Umwelt, Wirtschaft und weltweite Machtstrukturen und ist damit weit mehr als nur ein Nahrungsmittel.<\/p>\n<p>&nbsp;<\/p>\n","protected":false},"excerpt":{"rendered":"<p>Soja ist eine der wichtigsten Kulturpflanzen der Welt \u2013 unscheinbar im Aussehen, aber von enormer Bedeutung.<\/p>\n","protected":false},"featured_media":37496,"template":"","meta":{"_acf_changed":false},"product_brand":[],"product_cat":[70],"product_tag":[87,91,125],"class_list":{"0":"post-37495","1":"product","2":"type-product","3":"status-publish","4":"has-post-thumbnail","6":"product_cat-film","7":"product_tag-subject-biologie","8":"product_tag-subject-geografie","9":"product_tag-target-sek-i","11":"first","12":"instock","13":"taxable","14":"shipping-taxable","15":"purchasable","16":"product-type-variable"},"acf":{"subtitle":"N\u00e4hrwert, Anbau, wirtschaftliche Bedeutung","article_id":"46505853 \/ 55508555","languages":"DE","thumb_up":false,"cover_image":37508,"linked_product":"","linked_products":[{"product":7452},{"product":9644}],"banner":{"show":true,"text":"","color":""},"length":"20:51 min","content_movie":"73 Seiten Begleitmaterial\r\n\r\n20 Seiten Arbeitsbl\u00e4tter (inkl. Musterl\u00f6sungen)\r\n\r\n10 Interaktive Aufgaben","learning_goals":"Lernziele\r\n\r\nDie Sch\u00fclerinnen und Sch\u00fcler\r\n<ol>\r\n \t<li>stellen Produktion und Handel eines Welthandelsguts hinsichtlich der Raumwirksamkeit unter dem Aspekt der Nachhaltigkeit dar.<\/li>\r\n \t<li>bewerten Qualit\u00e4tsmerkmale von Lebensmitteln im Hinblick auf Gesunderhaltung und globaler Verantwortung.<\/li>\r\n<\/ol>\r\nKompetenzen:\r\n\r\nDie Sch\u00fclerinnen und Sch\u00fcler k\u00f6nnen\r\n<ol>\r\n \t<li>ihr eigenes Handeln unter dem Aspekt einer gesunden Lebensf\u00fchrung bewerten.<\/li>\r\n \t<li>raumrelevante systemische Strukturen und Prozesse auch hinsichtlich ihrer zuk\u00fcnftigen Entwicklung bewerten.<\/li>\r\n<\/ol>","preview_gif":37499,"trailer":{"file":37501,"url":"","image":37503},"mediathek_id":944,"amount":"","demo_url":"","h5p_demo_id":"","content_interactive":"","hide_numbers":false,"flyer":"","info_columns":null},"_links":{"self":[{"href":"https:\/\/www.medienlb.com\/en\/wp-json\/wp\/v2\/product\/37495","targetHints":{"allow":["GET"]}}],"collection":[{"href":"https:\/\/www.medienlb.com\/en\/wp-json\/wp\/v2\/product"}],"about":[{"href":"https:\/\/www.medienlb.com\/en\/wp-json\/wp\/v2\/types\/product"}],"wp:featuredmedia":[{"embeddable":true,"href":"https:\/\/www.medienlb.com\/en\/wp-json\/wp\/v2\/media\/37496"}],"wp:attachment":[{"href":"https:\/\/www.medienlb.com\/en\/wp-json\/wp\/v2\/media?parent=37495"}],"wp:term":[{"taxonomy":"product_brand","embeddable":true,"href":"https:\/\/www.medienlb.com\/en\/wp-json\/wp\/v2\/product_brand?post=37495"},{"taxonomy":"product_cat","embeddable":true,"href":"https:\/\/www.medienlb.com\/en\/wp-json\/wp\/v2\/product_cat?post=37495"},{"taxonomy":"product_tag","embeddable":true,"href":"https:\/\/www.medienlb.com\/en\/wp-json\/wp\/v2\/product_tag?post=37495"}],"curies":[{"name":"wp","href":"https:\/\/api.w.org\/{rel}","templated":true}]}}