{"id":37440,"date":"2026-04-10T05:01:29","date_gmt":"2026-04-10T05:01:29","guid":{"rendered":"https:\/\/www.medienlb.com\/?post_type=product&#038;p=37440"},"modified":"2026-04-10T08:10:13","modified_gmt":"2026-04-10T08:10:13","slug":"55508787-wehrpflicht","status":"publish","type":"product","link":"https:\/\/www.medienlb.com\/en\/produkt\/55508787-wehrpflicht\/","title":{"rendered":"Wehrpflicht"},"content":{"rendered":"<p>Am 1. Januar 2026 trat das neue Wehrdienstmodernisierungsgesetz zur Neuregelung des Wehrdienstes in Deutschland in Kraft. Dies erzeugt bei vielen Jugendlichen Unsicherheit und wirft Fragen auf.<\/p>\n<p>Der Film gibt Aufschluss \u00fcber die wesentlichen Aspekte des neuen Gesetzes, die sicherheitspolitischen Hintergr\u00fcnde und die damit verbundenen Regelungen, Ziele und Folgen. Ziel ist die Bereitstellung von Fakten, um die Situation in den gesellschaftlichen Kontext einordnen zu k\u00f6nnen. Jugendliche, Politikerinnen und Politiker stellen ihre Position dar und regen zur Diskussion und Reflexion an.<\/p>\n<p>Der Film kann f\u00e4cher\u00fcbergreifend in den F\u00e4chern Politik, Gemeinschaftskunde, Ethik und Religion eingesetzt werden.<\/p>\n","protected":false},"excerpt":{"rendered":"<p>Am 1. Januar 2026 trat das neue Wehrdienstmodernisierungsgesetz zur Neuregelung des Wehrdienstes in Deutschland in Kraft. Dies erzeugt bei vielen Jugendlichen Unsicherheit und wirft Fragen auf.<\/p>\n","protected":false},"featured_media":37441,"template":"","meta":{"_acf_changed":false},"product_brand":[],"product_cat":[70],"product_tag":[93,125,127],"class_list":{"0":"post-37440","1":"product","2":"type-product","3":"status-publish","4":"has-post-thumbnail","6":"product_cat-film","7":"product_tag-subject-politik-sozialkunde","8":"product_tag-target-sek-i","9":"product_tag-target-sek-ii","11":"first","12":"instock","13":"taxable","14":"shipping-taxable","15":"purchasable","16":"product-type-variable"},"acf":{"subtitle":"Bundeswehr und Wehrdienstmodernisierung","article_id":"46505907 \/ 55508787","languages":"DE","thumb_up":false,"cover_image":37449,"linked_product":"","linked_products":[{"product":10936},{"product":24520},{"product":18884}],"banner":{"show":true,"text":"","color":""},"length":"23:25 min","content_movie":"79 Seiten BGM\r\n\r\n20 Seiten Arbeitsbl\u00e4tter inkl. Musterl\u00f6sungen\r\n\r\n10 Interatkive Aufgaben","learning_goals":"Lernziele\r\n\r\nDie Sch\u00fclerinnen und Sch\u00fcler\r\n<ol>\r\n \t<li>erl\u00e4utern Bedrohungen f\u00fcr die internationale Sicherheit.<\/li>\r\n \t<li>informieren sich \u00fcber die Verpflichtungen, die mit dem Wehrdienstmodernisierungsgesetz einhergehen.<\/li>\r\n<\/ol>\r\nKompetenzen\r\n\r\nDie Sch\u00fclerinnen und Sch\u00fcler k\u00f6nnen\r\n<ol>\r\n \t<li>selbst\u00e4ndig problemorientierte Fragestellungen formulieren sowie Hypothesen aufstellen und auf ihre sachliche Richtigkeit hin untersuchen.<\/li>\r\n \t<li>Begr\u00fcndete Vorschl\u00e4ge zur Bew\u00e4ltigung von politischen, wirtschaftlichen und gesellschaftlichen Problemen formulieren.<\/li>\r\n<\/ol>","preview_gif":"","trailer":{"file":"","url":"","image":37447},"mediathek_id":"","amount":"","demo_url":"","h5p_demo_id":"","content_interactive":"","hide_numbers":false,"flyer":"","info_columns":null},"_links":{"self":[{"href":"https:\/\/www.medienlb.com\/en\/wp-json\/wp\/v2\/product\/37440","targetHints":{"allow":["GET"]}}],"collection":[{"href":"https:\/\/www.medienlb.com\/en\/wp-json\/wp\/v2\/product"}],"about":[{"href":"https:\/\/www.medienlb.com\/en\/wp-json\/wp\/v2\/types\/product"}],"wp:featuredmedia":[{"embeddable":true,"href":"https:\/\/www.medienlb.com\/en\/wp-json\/wp\/v2\/media\/37441"}],"wp:attachment":[{"href":"https:\/\/www.medienlb.com\/en\/wp-json\/wp\/v2\/media?parent=37440"}],"wp:term":[{"taxonomy":"product_brand","embeddable":true,"href":"https:\/\/www.medienlb.com\/en\/wp-json\/wp\/v2\/product_brand?post=37440"},{"taxonomy":"product_cat","embeddable":true,"href":"https:\/\/www.medienlb.com\/en\/wp-json\/wp\/v2\/product_cat?post=37440"},{"taxonomy":"product_tag","embeddable":true,"href":"https:\/\/www.medienlb.com\/en\/wp-json\/wp\/v2\/product_tag?post=37440"}],"curies":[{"name":"wp","href":"https:\/\/api.w.org\/{rel}","templated":true}]}}