{"id":37227,"date":"2026-03-31T13:39:52","date_gmt":"2026-03-31T13:39:52","guid":{"rendered":"https:\/\/www.medienlb.com\/?post_type=product&#038;p=37227"},"modified":"2026-04-10T04:53:03","modified_gmt":"2026-04-10T04:53:03","slug":"55508545-strukturwandel","status":"publish","type":"product","link":"https:\/\/www.medienlb.com\/en\/produkt\/55508545-strukturwandel\/","title":{"rendered":"Strukturwandel"},"content":{"rendered":"<p>Strukturwandel bezeichnet einen Prozess der langfristigen und tiefgreifenden Ver\u00e4nderung von Wirtschafts- und Arbeitsstrukturen mit starken Konsequenzen auch f\u00fcr die Gesellschaft.<\/p>\n<p>Der Film erkl\u00e4rt, warum Strukturen sich in der Vergangenheit langsamer ver\u00e4nderten, weshalb technologische Innovation, Globalisierung, Klimawandel oder Krisen Regionen und Branchen heute eine viel schnellere Transformation erfordern, und welche Konsequenzen sich bei der Anpassung daran in der Praxis ergeben. Expertinnen und Experten zeigen, welche Chancen im Wandel liegen und warum ein Schwerpunkt auf Ausbildung, Wissen und Anpassungsstrategien liegt.<\/p>\n<p>Der Film l\u00e4sst sich f\u00e4cher\u00fcbergreifend in den F\u00e4chern Geografie, Politik\/Sozialkunde und Wirtschaft einsetzen und diskutieren.<\/p>\n","protected":false},"excerpt":{"rendered":"<p>Strukturwandel bezeichnet einen Prozess der langfristigen und tiefgreifenden Ver\u00e4nderung von Wirtschafts- und Arbeitsstrukturen mit starken Konsequenzen auch f\u00fcr die Gesellschaft.<\/p>\n","protected":false},"featured_media":37228,"template":"","meta":{"_acf_changed":false},"product_brand":[],"product_cat":[70],"product_tag":[91,93,117,125,127],"class_list":{"0":"post-37227","1":"product","2":"type-product","3":"status-publish","4":"has-post-thumbnail","6":"product_cat-film","7":"product_tag-subject-geografie","8":"product_tag-subject-politik-sozialkunde","9":"product_tag-subject-wirtschaft","10":"product_tag-target-sek-i","11":"product_tag-target-sek-ii","13":"first","14":"instock","15":"taxable","16":"shipping-taxable","17":"purchasable","18":"product-type-variable"},"acf":{"subtitle":"Definition, Auswirkungen, Chancen","article_id":"46505843 \/ 55508545","languages":"DE","thumb_up":false,"cover_image":37236,"linked_product":14833,"linked_products":[{"product":25949},{"product":9966},{"product":33795}],"banner":{"show":true,"text":"","color":""},"length":"20:13 min.","content_movie":"Gesamtes Begleitmaterial: 72 Seiten\r\n\r\n20 Seiten Arbeitsbl\u00e4tter mit L\u00f6sungen\r\n\r\n10 Interaktive Aufgaben","learning_goals":"Lernziele:\r\n\r\nDie Sch\u00fclerinnen und Sch\u00fcler\u2026\r\n<ol>\r\n \t<li>erl\u00e4utern Ver\u00e4nderung st\u00e4dtischer Strukturen in einer globalisierten Welt (Terti\u00e4risierung, Quart\u00e4risierung).<\/li>\r\n \t<li>erl\u00e4utern Erkl\u00e4rungsans\u00e4tze f\u00fcr Arbeitslosigkeit ([\u2026] strukturelle Arbeitslosigkeit).<\/li>\r\n<\/ol>\r\nKompetenzen:\r\n\r\nDie Sch\u00fclerinnen und Sch\u00fcler k\u00f6nnen\r\n<ol>\r\n \t<li>\u00f6konomische Ph\u00e4nomene und Probleme erkennen und selbstst\u00e4ndig Fragen zu Ursachen, Verlauf und Ergebnissen \u00f6konomischer Prozesse entwickeln.<\/li>\r\n \t<li>systemische Zusammenh\u00e4nge darstellen und daraus resultierende zuk\u00fcnftige Entwicklungen er\u00f6rtern.<\/li>\r\n<\/ol>","preview_gif":37251,"trailer":{"file":37247,"url":"https:\/\/www.lehrmediathek.de\/trailer\/55508545_Strukturwandel_Trailer.mp4","image":37234},"mediathek_id":942,"amount":"","demo_url":"","h5p_demo_id":"","content_interactive":"","hide_numbers":false,"flyer":"","info_columns":null},"_links":{"self":[{"href":"https:\/\/www.medienlb.com\/en\/wp-json\/wp\/v2\/product\/37227","targetHints":{"allow":["GET"]}}],"collection":[{"href":"https:\/\/www.medienlb.com\/en\/wp-json\/wp\/v2\/product"}],"about":[{"href":"https:\/\/www.medienlb.com\/en\/wp-json\/wp\/v2\/types\/product"}],"acf:post":[{"embeddable":true,"href":"https:\/\/www.medienlb.com\/en\/wp-json\/wp\/v2\/product\/14833"}],"wp:featuredmedia":[{"embeddable":true,"href":"https:\/\/www.medienlb.com\/en\/wp-json\/wp\/v2\/media\/37228"}],"wp:attachment":[{"href":"https:\/\/www.medienlb.com\/en\/wp-json\/wp\/v2\/media?parent=37227"}],"wp:term":[{"taxonomy":"product_brand","embeddable":true,"href":"https:\/\/www.medienlb.com\/en\/wp-json\/wp\/v2\/product_brand?post=37227"},{"taxonomy":"product_cat","embeddable":true,"href":"https:\/\/www.medienlb.com\/en\/wp-json\/wp\/v2\/product_cat?post=37227"},{"taxonomy":"product_tag","embeddable":true,"href":"https:\/\/www.medienlb.com\/en\/wp-json\/wp\/v2\/product_tag?post=37227"}],"curies":[{"name":"wp","href":"https:\/\/api.w.org\/{rel}","templated":true}]}}