{"id":37213,"date":"2026-03-31T08:01:12","date_gmt":"2026-03-31T08:01:12","guid":{"rendered":"https:\/\/www.medienlb.com\/?post_type=product&#038;p=37213"},"modified":"2026-03-31T08:31:40","modified_gmt":"2026-03-31T08:31:40","slug":"55508788-rothirsch","status":"publish","type":"product","link":"https:\/\/www.medienlb.com\/en\/produkt\/55508788-rothirsch\/","title":{"rendered":"Rothirsch"},"content":{"rendered":"<p>Der Rothirsch (Cervus elaphus) ist die gr\u00f6\u00dfte heimische Hirschart Europas und wurde 2026 zum Wildtier des Jahres gew\u00e4hlt.<\/p>\n<p>Der Film stellt den K\u00f6nig der W\u00e4lder, wie er auch genannt wird, vor und erkl\u00e4rt seine Merkmale, seinen Lebensraum sowie seine Anpassung an das Leben im Wald. Er zeigt, wie Geweih, Verhalten und Ern\u00e4hrung zusammenh\u00e4ngen, und gibt Einblicke in Fortpflanzung, Kommunikation und die Rolle des Rothirschs im \u00d6kosystem \u2013 dies auch im Vergleich zu seinen Artverwandten. Die Sch\u00fclerinnen und Sch\u00fcler werden zudem f\u00fcr die Gef\u00e4hrdungen des Rothirsches sensibilisiert.<\/p>\n","protected":false},"excerpt":{"rendered":"<p>Der Rothirsch (Cervus elaphus) ist die gr\u00f6\u00dfte heimische Hirschart Europas und wurde 2026 zum Wildtier des Jahres gew\u00e4hlt.<\/p>\n","protected":false},"featured_media":37214,"template":"","meta":{"_acf_changed":false},"product_brand":[],"product_cat":[70],"product_tag":[87,97,131,125],"class_list":{"0":"post-37213","1":"product","2":"type-product","3":"status-publish","4":"has-post-thumbnail","6":"product_cat-film","7":"product_tag-subject-biologie","8":"product_tag-subject-grundschule","9":"product_tag-target-gs","10":"product_tag-target-sek-i","12":"first","13":"instock","14":"taxable","15":"shipping-taxable","16":"purchasable","17":"product-type-variable"},"acf":{"subtitle":"Aussehen, Lebensweise, Angepasstheit","article_id":"46505908 \/ 55508788","languages":"DE","thumb_up":false,"cover_image":37222,"linked_product":36737,"linked_products":[{"product":12524},{"product":8611},{"product":36764}],"banner":{"show":true,"text":"","color":""},"length":"19:27 min.","content_movie":"58 Seiten Begleitmaterial\r\n\r\n20 Seiten Arbeitsbl\u00e4tter mit Musterl\u00f6sungen\r\n\r\n10 interaktive Aufgaben","learning_goals":"Lernziele:\r\n\r\nDie Sch\u00fclerinnen und Sch\u00fcler\r\n<ol>\r\n \t<li>beschreiben das Prinzip der Angepasstheit von Tier an ihren Lebensraum und zeigen dies anhand ausgew\u00e4hlter heimischer Vertreter.<\/li>\r\n \t<li>stellen wechselseitige Abh\u00e4ngigkeiten zwischen Lebewesen dar, indem sie Nahrungsbeziehungen aufzeigen und Einfl\u00fcsse des Menschen darstellen.<\/li>\r\n<\/ol>\r\n&nbsp;\r\n\r\nKompetenzen\r\n\r\nDie Sch\u00fclerinnen und Sch\u00fcler k\u00f6nnen\r\n<ol>\r\n \t<li>Tiere und Pflanzen eines Lebensraums exemplarisch beschreiben benennen und unterscheiden.<\/li>\r\n \t<li>die Angepasstheit von Tieren an ihrem jeweiligen Lebensraum zu unterschiedlichen Bedingungen beschreiben.<\/li>\r\n<\/ol>","preview_gif":37226,"trailer":{"file":37224,"url":"","image":37217},"mediathek_id":941,"amount":"","demo_url":"","h5p_demo_id":"","content_interactive":"","hide_numbers":false,"flyer":"","info_columns":null},"_links":{"self":[{"href":"https:\/\/www.medienlb.com\/en\/wp-json\/wp\/v2\/product\/37213","targetHints":{"allow":["GET"]}}],"collection":[{"href":"https:\/\/www.medienlb.com\/en\/wp-json\/wp\/v2\/product"}],"about":[{"href":"https:\/\/www.medienlb.com\/en\/wp-json\/wp\/v2\/types\/product"}],"acf:post":[{"embeddable":true,"href":"https:\/\/www.medienlb.com\/en\/wp-json\/wp\/v2\/product\/36737"}],"wp:featuredmedia":[{"embeddable":true,"href":"https:\/\/www.medienlb.com\/en\/wp-json\/wp\/v2\/media\/37214"}],"wp:attachment":[{"href":"https:\/\/www.medienlb.com\/en\/wp-json\/wp\/v2\/media?parent=37213"}],"wp:term":[{"taxonomy":"product_brand","embeddable":true,"href":"https:\/\/www.medienlb.com\/en\/wp-json\/wp\/v2\/product_brand?post=37213"},{"taxonomy":"product_cat","embeddable":true,"href":"https:\/\/www.medienlb.com\/en\/wp-json\/wp\/v2\/product_cat?post=37213"},{"taxonomy":"product_tag","embeddable":true,"href":"https:\/\/www.medienlb.com\/en\/wp-json\/wp\/v2\/product_tag?post=37213"}],"curies":[{"name":"wp","href":"https:\/\/api.w.org\/{rel}","templated":true}]}}