{"id":37170,"date":"2026-03-25T06:44:15","date_gmt":"2026-03-25T06:44:15","guid":{"rendered":"https:\/\/www.medienlb.com\/?post_type=product&#038;p=37170"},"modified":"2026-03-25T06:47:01","modified_gmt":"2026-03-25T06:47:01","slug":"jourist-dc990","status":"publish","type":"product","link":"https:\/\/www.medienlb.com\/en\/produkt\/jourist-dc990\/","title":{"rendered":"JOURIST DC990"},"content":{"rendered":"<p>Pr\u00e4sentieren Sie Dokumente und Gegenst\u00e4nde interaktiv in Echtzeit und in maximaler Gr\u00f6\u00dfe. Das Live-Bild kann im Vergleich zu JOURIST DC530 direkt auf den Monitor, Beamer oder Smartboard per HDMI oder VGA ausgegeben werden. Die Dokumentenkamera l\u00e4sst sich intuitiv mit einer mitgelieferten Computermaus, einer Fernbedienung oder via Touchscreen bedienen. Dank des kompakten Geh\u00e4uses, einem geringen Gewicht und des einklappbaren Kameraarms, eignet sich die Dokumentenkamera ideal f\u00fcr den mobilen Einsatz.<\/p>\n<hr \/>\n<p>Preis zzgl. Versandkosten<\/p>\n","protected":false},"excerpt":{"rendered":"<p>Pr\u00e4sentieren Sie Dokumente und Gegenst\u00e4nde interaktiv in Echtzeit und in maximaler Gr\u00f6\u00dfe.<\/p>\n","protected":false},"featured_media":37171,"template":"","meta":{"_acf_changed":false},"product_brand":[],"product_cat":[75],"product_tag":[],"class_list":{"0":"post-37170","1":"product","2":"type-product","3":"status-publish","4":"has-post-thumbnail","6":"product_cat-hardware","8":"first","9":"instock","10":"taxable","11":"shipping-taxable","12":"purchasable","13":"product-type-variable"},"acf":{"subtitle":"Dokumentenkamera","article_id":"MS_1_JOURIST_DOK_DC990","languages":"DE","thumb_up":false,"cover_image":"","linked_product":37154,"linked_products":[{"product":35691},{"product":13795},{"product":37154}],"banner":{"show":true,"text":"","color":""},"length":"","content_movie":"","learning_goals":"","preview_gif":"","trailer":{"file":"","url":"","image":""},"mediathek_id":"","amount":"","demo_url":"","h5p_demo_id":"","content_interactive":"","hide_numbers":false,"flyer":37156,"info_columns":[{"heading":"","content":"<strong>Flexibler Gelenkarm<\/strong>\r\nDer Kameraarm ist neigbar sowie rotierbar und l\u00e4sst sich somit ideal auf das Dokument oder ein 3D Objekt ausrichten. Durch die geringe Naheinstellgrenze (Makrofunktion) von ca. 5cm lassen sich einzelne Details hervorheben. Ein digitaler Zoom erm\u00f6glicht zudem eine bis zu 10-fache Vergr\u00f6\u00dferung.\r\n\r\n<strong>Nahaufnahmen<\/strong>\r\nFlexibler Gelenkarm macht das Pr\u00e4sentieren von Objekten in unterschiedlichen Gr\u00f6\u00dfen m\u00f6glich. Der Scanbereich kann von einer M\u00fcnze bis auf das A3-Format frei eingestellt werden, ohne dass dabei Details verloren gehen.\r\n\r\n<strong>Viele Anschlussm\u00f6glichkeiten<\/strong>\r\n\r\nDie Dokumentenkamera verf\u00fcgt \u00fcber einen HDMI-Ausgang, einen SD-Kartensteckplatz, eine USB-Verbindung sowie VGA-Eingang und -Ausgang. Der VGA-Eingang erm\u00f6glicht es, einen Computer oder Laptop anzuschlie\u00dfen und zwischen dessen Bild oder der Dokumentenkamera umzuschalten."},{"heading":"","content":"<strong>Hochaufl\u00f6sender CMOS-Bildsensor von Sony<\/strong>\r\nDer verwendete CMOS-Bildsensor von Sony mit seiner 13 Megapixel Aufl\u00f6sung liefert ein klares und detailreiches Abbild Ihrer Dokumente. Bei schwachen Lichtverh\u00e4ltnissen sorgen die beiden LED Lampen f\u00fcr eine Aufhellung und optimale Darstellung.\r\n\r\n<strong>Intuitive Men\u00fcf\u00fchrung und Kommentarfunktion<\/strong>\r\nDrehen, spiegeln oder zoomen Sie das Bild entsprechend Ihrer Anforderungen. Frieren Sie die Kameraaufnahme ein, nehmen Sie ein Bild oder Video auf und speichern Sie es direkt auf einer SD-Karte. Eine Besonderheit des Visualizers ist eine Kommentarfunktion. Diese erm\u00f6glicht es Ihnen, mit einer mitgelieferten Computermaus oder per Touchscreen das Livebild mit Linien und geometrischen Formen zu kommentieren und zu beschriften.\r\n\r\n<strong>Pr\u00e4sentationssoftware f\u00fcr Windows und Mac<\/strong>\r\nDie mitgelieferte Pr\u00e4sentationssoftware f\u00fcr Windows und Mac macht den Einsatz Ihrer Dokumentenkamera noch attraktiver."},{"heading":"","content":"<strong>Integrierte LED-Lampen<\/strong>\r\nAutomatische Kompensation von Seitenlicht und Oberlicht, Verbesserung der Helligkeit und Entfernung des Schattens. Dimmbare Leuchte mit Steuerung per Fernbedienung oder Tasten, die sich f\u00fcr verschiedene Bedingungen eignet.\r\n\r\n<strong>Autofokus-Kamera<\/strong>\r\nBlitzschnelle Bildaufnahme durch 13MP HD CMOS, wobei das Rauschen entfernt wird und die Details erhalten bleiben. Autofokus mit einem Klick und sofortiger Reaktion erm\u00f6glicht verschiedene Einsatzszenarien. Neben Autofokus kann die Dokumentenkamera auch manuell fokussiert werden.\r\n\r\n[video width=\"1920\" height=\"1080\" mp4=\"https:\/\/www.medienlb.com\/wp-content\/uploads\/2026\/03\/JOURIST_DC990.mp4\"][\/video]\r\n\r\nDank dem integrierten Mikrofon kann die Dokumentenkamera als hochaufl\u00f6sende Webcam f\u00fcr Videotelefonie verwendet werden."}]},"_links":{"self":[{"href":"https:\/\/www.medienlb.com\/en\/wp-json\/wp\/v2\/product\/37170","targetHints":{"allow":["GET"]}}],"collection":[{"href":"https:\/\/www.medienlb.com\/en\/wp-json\/wp\/v2\/product"}],"about":[{"href":"https:\/\/www.medienlb.com\/en\/wp-json\/wp\/v2\/types\/product"}],"acf:post":[{"embeddable":true,"href":"https:\/\/www.medienlb.com\/en\/wp-json\/wp\/v2\/product\/37154"}],"wp:featuredmedia":[{"embeddable":true,"href":"https:\/\/www.medienlb.com\/en\/wp-json\/wp\/v2\/media\/37171"}],"wp:attachment":[{"href":"https:\/\/www.medienlb.com\/en\/wp-json\/wp\/v2\/media?parent=37170"}],"wp:term":[{"taxonomy":"product_brand","embeddable":true,"href":"https:\/\/www.medienlb.com\/en\/wp-json\/wp\/v2\/product_brand?post=37170"},{"taxonomy":"product_cat","embeddable":true,"href":"https:\/\/www.medienlb.com\/en\/wp-json\/wp\/v2\/product_cat?post=37170"},{"taxonomy":"product_tag","embeddable":true,"href":"https:\/\/www.medienlb.com\/en\/wp-json\/wp\/v2\/product_tag?post=37170"}],"curies":[{"name":"wp","href":"https:\/\/api.w.org\/{rel}","templated":true}]}}