{"id":37154,"date":"2026-03-25T06:27:32","date_gmt":"2026-03-25T06:27:32","guid":{"rendered":"https:\/\/www.medienlb.com\/?post_type=product&#038;p=37154"},"modified":"2026-03-25T06:49:10","modified_gmt":"2026-03-25T06:49:10","slug":"jourist-dc530","status":"publish","type":"product","link":"https:\/\/www.medienlb.com\/en\/produkt\/jourist-dc530\/","title":{"rendered":"JOURIST DC530"},"content":{"rendered":"<p>Pr\u00e4sentieren Sie Dokumente und Objekte interaktiv mit der JOURIST DC530 Dokumentenkamera. Zahlreiche zufriedene Lehrkr\u00e4fte und unabh\u00e4ngige Tests best\u00e4tigen: JOURIST DC530 ist sehr praktisch. Sie kann bequem auf Objekte ausgerichtet werden und wird anhand von nur einem USB-Kabel mit einem Windows- oder macOS-Rechner verbunden, weshalb kein Stromadapter ben\u00f6tigt wird. Der Unterricht mit Zoom, Skype, Teams, BigBlueButton und die Erstellung von hochwertigen Videos und Kursen mit OBS, Camtasia oder Adobe Captivate sind m\u00f6glich.<\/p>\n<hr \/>\n<p>Preis zzgl. Versandkosten<\/p>\n","protected":false},"excerpt":{"rendered":"<p>Pr\u00e4sentieren Sie Dokumente und Objekte interaktiv mit der JOURIST DC530 Dokumentenkamera. Zahlreiche zufriedene Lehrkr\u00e4fte und unabh\u00e4ngige Tests best\u00e4tigen: JOURIST DC530 ist sehr praktisch.<\/p>\n","protected":false},"featured_media":37157,"template":"","meta":{"_acf_changed":false},"product_brand":[],"product_cat":[75],"product_tag":[],"class_list":{"0":"post-37154","1":"product","2":"type-product","3":"status-publish","4":"has-post-thumbnail","6":"product_cat-hardware","8":"first","9":"instock","10":"taxable","11":"shipping-taxable","12":"purchasable","13":"product-type-variable"},"acf":{"subtitle":"Dokumentenkamera und Visualizer mit 13 Megapixel Ultra-HD-Aufl\u00f6sung","article_id":"MS_1_JOURIST_DOK_DC530","languages":"DE","thumb_up":false,"cover_image":"","linked_product":"","linked_products":[{"product":37170},{"product":13795},{"product":35691}],"banner":{"show":true,"text":"","color":""},"length":"","content_movie":"","learning_goals":"","preview_gif":"","trailer":{"file":"","url":"","image":""},"mediathek_id":"","amount":"","demo_url":"","h5p_demo_id":"","content_interactive":"","hide_numbers":false,"flyer":37156,"info_columns":[{"heading":"Intelligentes Beleuchtungssystem und integriertes Mikrofon","content":"<strong>Hochaufl\u00f6sende Webcam mit integriertem Mikrofon<\/strong>\r\n\r\nDie Dokumentenkamera wird als hochaufl\u00f6sende Webcam von Windows, macOS und Linux erkannt und eignet sich ideal f\u00fcr Fernunterricht, Live-Demonstrationen, Erstellung von Lernvideos, Webkonferenzen, Videochats mit Zoom, Microsoft Teams, OBS, G-Suite, Seesaw und anderen Anwendungen.\r\n\r\n<strong>Integrierte LED-Lampen<\/strong>\r\n\r\nAutomatische Kompensation von Seitenlicht und Oberlicht, Verbesserung der Helligkeit und Entfernung des Schattens. Dimmbare Leuchte mit Touch-Steuerung, die sich f\u00fcr verschiedene Bedingungen eignet."},{"heading":"","content":"<strong>Hochaufl\u00f6sender CMOS-Bildsensor von Sony mit 13 Megapixel Ultra-HD Aufl\u00f6sung<\/strong>\r\nDer verwendete CMOS-Bildsensor mit seiner 13 Megapixel Aufl\u00f6sung liefert ein klares und detailreiches Abbild Ihrer Dokumente. Bei schwachen Lichtverh\u00e4ltnissen sorgen die beiden LED Lampen f\u00fcr eine Aufhellung und optimale Darstellung.\r\n\r\n<strong>Flexibler Gelenkarm f\u00fcr platzsparenden Transport<\/strong>\r\nDer Kameraarm ist neigbar sowie rotierbar und l\u00e4sst sich somit ideal auf das Dokument oder ein Objekt ausrichten. Durch die geringe Naheinstellgrenze (Makrofunktion) von ca. 5cm lassen sich einzelne Details hervorheben. Ein digitaler Zoom erm\u00f6glicht zudem eine bis zu 5-fache Vergr\u00f6\u00dferung.\r\n\r\n<strong>Flexibler Gelenkarm<\/strong>\r\nDer Kameraarm ist neigbar sowie rotierbar und l\u00e4sst sich somit ideal auf das Dokument oder ein Objekt ausrichten.\r\n\r\n<strong>Nahaufnahmen<\/strong>\r\nFlexibler Gelenkarm macht das Pr\u00e4sentieren von Objekten in unterschiedlichen Gr\u00f6\u00dfen m\u00f6glich. Der Scanbereich kann von einer M\u00fcnze bis auf das A4-Format frei eingestellt werden, ohne dass dabei Details verloren gehen."},{"heading":"","content":"[video width=\"1920\" height=\"1080\" mp4=\"https:\/\/www.medienlb.com\/wp-content\/uploads\/2026\/03\/JOURIST_DC530.mp4\"][\/video]\r\n\r\n<strong>Aufl\u00f6sung bis zu 4160x3120 Pixe<\/strong>l\r\nMit Hilfe der USB Schnittstelle wird das Bild in bis zu 4160x3120 Pixel auf dem angeschlossenen Computer angezeigt. Maximale Videoaufnahmeaufl\u00f6sung 4160x3120. Die Erstellung von hochwertigen Videos und Kursen z.B. mit OBS erfolgt mit einer Bildrate von 30 fps bei Full HD (1920x1080).\r\n\r\n<strong>Autofokus-Kamera<\/strong>\r\nBlitzschnelle Bildaufnahme durch 13MP HD CMOS von Sony, wobei das Rauschen entfernt wird und die Details erhalten bleiben. Autofokus mit einem Klick und sofortiger Reaktion erm\u00f6glicht verschiedene Einsatzszenarien. Neben Autofokus kann die Dokumentenkamera auch manuell fokussiert werden.\r\n\r\n<strong>Pr\u00e4sentationssoftware f\u00fcr Windows und Mac<\/strong>\r\nDie mitgelieferte Pr\u00e4sentationssoftware f\u00fcr Windows und Mac macht den Einsatz Ihrer Dokumentenkamera noch attraktiver. Drehen, spiegeln oder zoomen Sie das Bild entsprechend Ihrer Anforderungen, passen sie die Aufl\u00f6sung an und machen Sie es so pr\u00e4sentabler. Frieren Sie die Kameraaufnahme ein, nehmen Sie ein Bild oder Video auf und speichern Sie es auf Ihrem Computer."}]},"_links":{"self":[{"href":"https:\/\/www.medienlb.com\/en\/wp-json\/wp\/v2\/product\/37154","targetHints":{"allow":["GET"]}}],"collection":[{"href":"https:\/\/www.medienlb.com\/en\/wp-json\/wp\/v2\/product"}],"about":[{"href":"https:\/\/www.medienlb.com\/en\/wp-json\/wp\/v2\/types\/product"}],"wp:featuredmedia":[{"embeddable":true,"href":"https:\/\/www.medienlb.com\/en\/wp-json\/wp\/v2\/media\/37157"}],"wp:attachment":[{"href":"https:\/\/www.medienlb.com\/en\/wp-json\/wp\/v2\/media?parent=37154"}],"wp:term":[{"taxonomy":"product_brand","embeddable":true,"href":"https:\/\/www.medienlb.com\/en\/wp-json\/wp\/v2\/product_brand?post=37154"},{"taxonomy":"product_cat","embeddable":true,"href":"https:\/\/www.medienlb.com\/en\/wp-json\/wp\/v2\/product_cat?post=37154"},{"taxonomy":"product_tag","embeddable":true,"href":"https:\/\/www.medienlb.com\/en\/wp-json\/wp\/v2\/product_tag?post=37154"}],"curies":[{"name":"wp","href":"https:\/\/api.w.org\/{rel}","templated":true}]}}