{"id":36998,"date":"2026-03-19T08:32:34","date_gmt":"2026-03-19T08:32:34","guid":{"rendered":"https:\/\/www.medienlb.com\/?post_type=product&#038;p=36998"},"modified":"2026-03-24T06:50:02","modified_gmt":"2026-03-24T06:50:02","slug":"55508573-fischertechnik","status":"publish","type":"product","link":"https:\/\/www.medienlb.com\/en\/produkt\/55508573-fischertechnik\/","title":{"rendered":"fischertechnik"},"content":{"rendered":"<p>Der Film zeigt, wie Lehrkr\u00e4fte mit dem <em>fischertechnik STEM Coding Max Set<\/em> kreative, alltagsnahe Projekte im Unterricht umsetzen. Erleben Sie, wie Sch\u00fclerinnen und Sch\u00fcler Roboter bauen, programmieren und dabei Computational Thinking sowie die 4K-Kompetenzen entwickeln. Die STEM-Suite-App, klare Materialien und ein coachingorientierter Ansatz machen digitales Lernen strukturiert, motivierend und praxisnah.<\/p>\n","protected":false},"excerpt":{"rendered":"<p>Der Film zeigt, wie Lehrkr\u00e4fte mit dem <em>fischertechnik STEM Coding Max Set<\/em> kreative, alltagsnahe Projekte im Unterricht umsetzen. Erleben Sie, wie Sch\u00fclerinnen und Sch\u00fcler Roboter bauen, programmieren und dabei Computational Thinking sowie die 4K-Kompetenzen entwickeln.<\/p>\n","protected":false},"featured_media":36999,"template":"","meta":{"_acf_changed":false},"product_brand":[],"product_cat":[70],"product_tag":[121,105,143,125],"class_list":{"0":"post-36998","1":"product","2":"type-product","3":"status-publish","4":"has-post-thumbnail","6":"product_cat-film","7":"product_tag-subject-lehrerfortbildung","8":"product_tag-subject-technik","9":"product_tag-target-lehrkraefte","10":"product_tag-target-sek-i","12":"first","13":"instock","14":"taxable","15":"shipping-taxable","16":"purchasable","17":"product-type-variable"},"acf":{"subtitle":"STEM Coding Max Set","article_id":"46505871 \/ 55508573","languages":"DE","thumb_up":false,"cover_image":37016,"linked_product":"","linked_products":[{"product":34932},{"product":35055},{"product":15906}],"banner":{"show":true,"text":"","color":""},"length":"10:18 min","content_movie":"35 Seiten Begleitmaterial\r\n\r\n69 Seiten Arbeitsmaterial von fischertechnik\r\n\r\n10 interaktive Aufgaben","learning_goals":"Lernziele:\r\n\r\nDie Sch\u00fclerinnen und Sch\u00fcler\r\n<ol>\r\n \t<li>beschreiben aktuelle Entwicklungen der Mobilit\u00e4t (autonomes Fahren).<\/li>\r\n \t<li>realisieren Steuerungs- oder Regelungsaufgaben computergest\u00fctzt.<\/li>\r\n<\/ol>\r\n&nbsp;\r\n\r\nKompetenzen:\r\n\r\nDie Sch\u00fclerinnen und Sch\u00fcler k\u00f6nnen\r\n<ol>\r\n \t<li>Handlungsschritte chronologisch ordnen (auch aufgrund von kausalen Zusammenh\u00e4ngen).<\/li>\r\n \t<li>relevante Abl\u00e4ufe, Daten und ihre Beziehungen in informatischen Modellen darstellen.<\/li>\r\n<\/ol>","preview_gif":37006,"trailer":{"file":37002,"url":"","image":37004},"mediathek_id":938,"amount":"","demo_url":"","h5p_demo_id":"","content_interactive":"","hide_numbers":false,"flyer":"","info_columns":null},"_links":{"self":[{"href":"https:\/\/www.medienlb.com\/en\/wp-json\/wp\/v2\/product\/36998","targetHints":{"allow":["GET"]}}],"collection":[{"href":"https:\/\/www.medienlb.com\/en\/wp-json\/wp\/v2\/product"}],"about":[{"href":"https:\/\/www.medienlb.com\/en\/wp-json\/wp\/v2\/types\/product"}],"wp:featuredmedia":[{"embeddable":true,"href":"https:\/\/www.medienlb.com\/en\/wp-json\/wp\/v2\/media\/36999"}],"wp:attachment":[{"href":"https:\/\/www.medienlb.com\/en\/wp-json\/wp\/v2\/media?parent=36998"}],"wp:term":[{"taxonomy":"product_brand","embeddable":true,"href":"https:\/\/www.medienlb.com\/en\/wp-json\/wp\/v2\/product_brand?post=36998"},{"taxonomy":"product_cat","embeddable":true,"href":"https:\/\/www.medienlb.com\/en\/wp-json\/wp\/v2\/product_cat?post=36998"},{"taxonomy":"product_tag","embeddable":true,"href":"https:\/\/www.medienlb.com\/en\/wp-json\/wp\/v2\/product_tag?post=36998"}],"curies":[{"name":"wp","href":"https:\/\/api.w.org\/{rel}","templated":true}]}}