{"id":36957,"date":"2026-03-16T13:24:18","date_gmt":"2026-03-16T13:24:18","guid":{"rendered":"https:\/\/www.medienlb.com\/?post_type=product&#038;p=36957"},"modified":"2026-03-17T09:01:27","modified_gmt":"2026-03-17T09:01:27","slug":"55508924-kiebitz","status":"publish","type":"product","link":"https:\/\/www.medienlb.com\/en\/produkt\/55508924-kiebitz\/","title":{"rendered":"Kiebitz"},"content":{"rendered":"<p>Der Kiebitz geh\u00f6rt zu den Regenpfeifern. Zu den Bodenbr\u00fctern z\u00e4hlend, lebt er in Mooren und Feuchtwiesen und auf \u00c4ckern und Feldern mit kurzer Vegetation. <!--more-->Man erkennt ihn an der auff\u00e4lligen Federhaube und dem schwarz-wei\u00dfen, auch gr\u00fcn schillernden Federkleid. Kennzeichnend sind sein Balzflug und vor allem sein Ruf, dem er seinen Namen verdankt. Zu seiner Nahrung z\u00e4hlen Insekten, W\u00fcrmer und kleine Schnecken. Aufgrund der Verringerung seines Lebensraums z\u00e4hlt er zu den gef\u00e4hrdeten Arten.<\/p>\n<p>Der Film zeigt die Merkmale und Lebensweise dieses erstaunlichen Vogels.<\/p>\n","protected":false},"excerpt":{"rendered":"<p>Der Kiebitz geh\u00f6rt zu den Regenpfeifern. Zu den Bodenbr\u00fctern z\u00e4hlend, lebt er in Mooren und Feuchtwiesen und auf \u00c4ckern und Feldern mit kurzer Vegetation. Der Film zeigt die Merkmale und Lebensweise dieses erstaunlichen Vogels.<\/p>\n","protected":false},"featured_media":36958,"template":"","meta":{"_acf_changed":false},"product_brand":[],"product_cat":[70],"product_tag":[87,97,129,125],"class_list":{"0":"post-36957","1":"product","2":"type-product","3":"status-publish","4":"has-post-thumbnail","6":"product_cat-film","7":"product_tag-subject-biologie","8":"product_tag-subject-grundschule","9":"product_tag-target-gru","10":"product_tag-target-sek-i","12":"first","13":"instock","14":"taxable","15":"shipping-taxable","16":"purchasable","17":"product-type-variable"},"acf":{"subtitle":"Aussehen, Lebensweise, Angepasstheit","article_id":"46505954 \/ 55508924","languages":"DE","thumb_up":false,"cover_image":36964,"linked_product":"","linked_products":[{"product":36824},{"product":35205},{"product":36505}],"banner":{"show":true,"text":"","color":""},"length":"16:04 Min.","content_movie":"56 Seiten Begleitmaterial\r\n\r\n20 Seiten Arbeitsbl\u00e4tter mit Musterl\u00f6sungen\r\n\r\n10 interaktive Aufgaben","learning_goals":"Lernziele:\r\n\r\nDie Sch\u00fclerinnen und Sch\u00fcler\r\n<ol>\r\n \t<li>erl\u00e4utern die Angepasstheit von Arten an einen Umweltfaktor.<\/li>\r\n \t<li>stellen den Wert von Artenvielfalt an einem Beispiel dar und entwickeln nachhaltige Ma\u00dfnahmen zu deren Erhalt.<\/li>\r\n<\/ol>\r\n&nbsp;\r\n\r\nKompetenzen:\r\n\r\nDie Sch\u00fclerinnen und Sch\u00fcler k\u00f6nnen\r\n<ol>\r\n \t<li>Tiere und Pflanzen eines Lebensraums exemplarisch beschreiben, benennen und unterscheiden.<\/li>\r\n \t<li>die Angepasstheit von Tieren und Pflanzen an ihren jeweiligen Lebensraum zu unterschiedlichen jahreszeitlichen Bedingungen beschreiben.<\/li>\r\n<\/ol>","preview_gif":36977,"trailer":{"file":36975,"url":"","image":36966},"mediathek_id":937,"amount":"","demo_url":"","h5p_demo_id":"","content_interactive":"","hide_numbers":false,"flyer":"","info_columns":null},"_links":{"self":[{"href":"https:\/\/www.medienlb.com\/en\/wp-json\/wp\/v2\/product\/36957","targetHints":{"allow":["GET"]}}],"collection":[{"href":"https:\/\/www.medienlb.com\/en\/wp-json\/wp\/v2\/product"}],"about":[{"href":"https:\/\/www.medienlb.com\/en\/wp-json\/wp\/v2\/types\/product"}],"wp:featuredmedia":[{"embeddable":true,"href":"https:\/\/www.medienlb.com\/en\/wp-json\/wp\/v2\/media\/36958"}],"wp:attachment":[{"href":"https:\/\/www.medienlb.com\/en\/wp-json\/wp\/v2\/media?parent=36957"}],"wp:term":[{"taxonomy":"product_brand","embeddable":true,"href":"https:\/\/www.medienlb.com\/en\/wp-json\/wp\/v2\/product_brand?post=36957"},{"taxonomy":"product_cat","embeddable":true,"href":"https:\/\/www.medienlb.com\/en\/wp-json\/wp\/v2\/product_cat?post=36957"},{"taxonomy":"product_tag","embeddable":true,"href":"https:\/\/www.medienlb.com\/en\/wp-json\/wp\/v2\/product_tag?post=36957"}],"curies":[{"name":"wp","href":"https:\/\/api.w.org\/{rel}","templated":true}]}}