{"id":36824,"date":"2026-03-04T13:48:46","date_gmt":"2026-03-04T13:48:46","guid":{"rendered":"https:\/\/www.medienlb.com\/?post_type=product&#038;p=36824"},"modified":"2026-03-06T07:55:06","modified_gmt":"2026-03-06T07:55:06","slug":"55508401-haubentaucher","status":"publish","type":"product","link":"https:\/\/www.medienlb.com\/en\/produkt\/55508401-haubentaucher\/","title":{"rendered":"Haubentaucher"},"content":{"rendered":"<p>Der Haubentaucher z\u00e4hlt zu den beeindruckendsten Wasserv\u00f6geln unserer Heimat. Der Film zeigt seine einzigartige Anpassung an das Leben im Wasser, sein faszinierendes Balzverhalten und die liebevolle Aufzucht der K\u00fcken. In eindrucksvollen Bildern erleben Sch\u00fclerinnen und Sch\u00fcler das Leben dieses au\u00dfergew\u00f6hnlichen Tauchspezialisten.<\/p>\n","protected":false},"excerpt":{"rendered":"<p>Der Haubentaucher z\u00e4hlt zu den beeindruckendsten Wasserv\u00f6geln unserer Heimat.<\/p>\n","protected":false},"featured_media":36825,"template":"","meta":{"_acf_changed":false},"product_brand":[],"product_cat":[70],"product_tag":[87,125],"class_list":{"0":"post-36824","1":"product","2":"type-product","3":"status-publish","4":"has-post-thumbnail","6":"product_cat-film","7":"product_tag-subject-biologie","8":"product_tag-target-sek-i","10":"first","11":"instock","12":"taxable","13":"shipping-taxable","14":"purchasable","15":"product-type-variable"},"acf":{"subtitle":"Aussehen, Lebensweise, Angepasstheit","article_id":"46505825 \/ 55508401","languages":"DE","thumb_up":false,"cover_image":36847,"linked_product":33771,"linked_products":[{"product":35205},{"product":36737}],"banner":{"show":true,"text":"","color":""},"length":"19:12 min","content_movie":"57 Seiten Begleitmaterial\r\n\r\n20 Seiten Arbeitsbl\u00e4tter mit Musterl\u00f6sungen\r\n\r\n10 interaktive Aufgaben","learning_goals":"Lernziele\r\n\r\nDie Sch\u00fclerinnen und Sch\u00fcler\r\n<ol>\r\n \t<li>erl\u00e4utern die Angepasstheit von Arten an einen Umweltfaktor<\/li>\r\n \t<li>stellen den Wert von Artenvielfalt an einem Beispiel dar und entwickeln nachhaltige Ma\u00dfnahmen zu deren Erhalt.<\/li>\r\n<\/ol>\r\nKompetenzen\r\n\r\nDie Sch\u00fclerinnen und Sch\u00fcler k\u00f6nnen\r\n<ol>\r\n \t<li>Tiere und Pflanzen eines Lebensraums exemplarisch beschreiben, benennen und unterscheiden.<\/li>\r\n \t<li>die Angepasstheit von Tieren und Pflanzen an ihren jeweiligen Lebensraum zu unterschiedlichen jahreszeitlichen Bedingungen beschreiben.<\/li>\r\n<\/ol>\r\n&nbsp;","preview_gif":36851,"trailer":{"file":36855,"url":"","image":36828},"mediathek_id":936,"amount":"","demo_url":"","h5p_demo_id":"","content_interactive":"","hide_numbers":false,"flyer":"","info_columns":null},"_links":{"self":[{"href":"https:\/\/www.medienlb.com\/en\/wp-json\/wp\/v2\/product\/36824","targetHints":{"allow":["GET"]}}],"collection":[{"href":"https:\/\/www.medienlb.com\/en\/wp-json\/wp\/v2\/product"}],"about":[{"href":"https:\/\/www.medienlb.com\/en\/wp-json\/wp\/v2\/types\/product"}],"acf:post":[{"embeddable":true,"href":"https:\/\/www.medienlb.com\/en\/wp-json\/wp\/v2\/product\/33771"}],"wp:featuredmedia":[{"embeddable":true,"href":"https:\/\/www.medienlb.com\/en\/wp-json\/wp\/v2\/media\/36825"}],"wp:attachment":[{"href":"https:\/\/www.medienlb.com\/en\/wp-json\/wp\/v2\/media?parent=36824"}],"wp:term":[{"taxonomy":"product_brand","embeddable":true,"href":"https:\/\/www.medienlb.com\/en\/wp-json\/wp\/v2\/product_brand?post=36824"},{"taxonomy":"product_cat","embeddable":true,"href":"https:\/\/www.medienlb.com\/en\/wp-json\/wp\/v2\/product_cat?post=36824"},{"taxonomy":"product_tag","embeddable":true,"href":"https:\/\/www.medienlb.com\/en\/wp-json\/wp\/v2\/product_tag?post=36824"}],"curies":[{"name":"wp","href":"https:\/\/api.w.org\/{rel}","templated":true}]}}