{"id":36764,"date":"2026-02-27T10:26:39","date_gmt":"2026-02-27T10:26:39","guid":{"rendered":"https:\/\/www.medienlb.com\/?post_type=product&#038;p=36764"},"modified":"2026-03-02T08:49:51","modified_gmt":"2026-03-02T08:49:51","slug":"55508557-bodentiere-und-mikroorganismen","status":"publish","type":"product","link":"https:\/\/www.medienlb.com\/en\/produkt\/55508557-bodentiere-und-mikroorganismen\/","title":{"rendered":"Bodentiere und Mikroorganismen"},"content":{"rendered":"<p>Bodentiere und Mikroorganismen sind winzig kleine Recyclingspezialisten im Boden. Sie helfen, das \u00f6kologische Gleichgewicht des Bodens aufrechtzuerhalten, indem sie durch Zersetzungsprozesse abgestorbenes Tier- und Pflanzenmaterials in wertvollen Humus verwandeln. Der Film zeigt in eindrucksvollen Detailaufnahmen der Makrofotografin Julia Rieger die Welt der Springschw\u00e4nze, Milben und Regenw\u00fcrmer. Experten und Expertinnen des Senckenberg Museums in G\u00f6rlitz, erkl\u00e4ren den Sch\u00fclerinnen und Sch\u00fclern die Merkmale und Funktionen der im und am Boden lebenden Lebewesen und beschreiben anschaulich deren existenzielle Bedeutung f\u00fcr uns Menschen.<\/p>\n","protected":false},"excerpt":{"rendered":"<p>Bodentiere und Mikroorganismen sind winzig kleine Recyclingspezialisten im Boden. Sie helfen, das \u00f6kologische Gleichgewicht des Bodens aufrechtzuerhalten, indem sie durch Zersetzungsprozesse abgestorbenes Tier- und Pflanzenmaterials in wertvollen Humus verwandeln.<\/p>\n","protected":false},"featured_media":36784,"template":"","meta":{"_acf_changed":false},"product_brand":[],"product_cat":[70],"product_tag":[87,125],"class_list":{"0":"post-36764","1":"product","2":"type-product","3":"status-publish","4":"has-post-thumbnail","6":"product_cat-film","7":"product_tag-subject-biologie","8":"product_tag-target-sek-i","10":"first","11":"instock","12":"taxable","13":"shipping-taxable","14":"purchasable","15":"product-type-variable"},"acf":{"subtitle":"Recyclingspezialisten im \u00d6kosystem","article_id":"46505855 \/ 55508557","languages":"DE","thumb_up":false,"cover_image":36792,"linked_product":"","linked_products":[{"product":36737},{"product":35205},{"product":33771}],"banner":{"show":true,"text":"","color":""},"length":"21:44 min","content_movie":"63 Seiten Begleitmaterial\r\n\r\n20 Seiten Arbeitsbl\u00e4tter mit Musterl\u00f6sungen\r\n\r\n10 interaktive Aufgaben (H5P)","learning_goals":"Lernziele:\r\n\r\nDie Sch\u00fclerinnen und Sch\u00fcler\r\n<ol>\r\n \t<li>stellen den Wert von Artenvielfalt an einem Beispiel dar.<\/li>\r\n \t<li>beschreiben Nahrungskette und Nahrungsnetz vergleichend.<\/li>\r\n<\/ol>\r\n&nbsp;\r\n\r\nKompetenzen:\r\n\r\nDie Sch\u00fclerinnen und Sch\u00fcler k\u00f6nnen\r\n<ol>\r\n \t<li>Informationen aus Texten, Bildern, Tabellen, Diagrammen oder Grafiken entnehmen.<\/li>\r\n \t<li>in ihrer Lebenswelt biologische Sachverhalte erkennen.<\/li>\r\n<\/ol>","preview_gif":36777,"trailer":{"file":36779,"url":"","image":36787},"mediathek_id":934,"amount":"","demo_url":"","h5p_demo_id":"","content_interactive":"","hide_numbers":false,"flyer":"","info_columns":null},"_links":{"self":[{"href":"https:\/\/www.medienlb.com\/en\/wp-json\/wp\/v2\/product\/36764","targetHints":{"allow":["GET"]}}],"collection":[{"href":"https:\/\/www.medienlb.com\/en\/wp-json\/wp\/v2\/product"}],"about":[{"href":"https:\/\/www.medienlb.com\/en\/wp-json\/wp\/v2\/types\/product"}],"wp:featuredmedia":[{"embeddable":true,"href":"https:\/\/www.medienlb.com\/en\/wp-json\/wp\/v2\/media\/36784"}],"wp:attachment":[{"href":"https:\/\/www.medienlb.com\/en\/wp-json\/wp\/v2\/media?parent=36764"}],"wp:term":[{"taxonomy":"product_brand","embeddable":true,"href":"https:\/\/www.medienlb.com\/en\/wp-json\/wp\/v2\/product_brand?post=36764"},{"taxonomy":"product_cat","embeddable":true,"href":"https:\/\/www.medienlb.com\/en\/wp-json\/wp\/v2\/product_cat?post=36764"},{"taxonomy":"product_tag","embeddable":true,"href":"https:\/\/www.medienlb.com\/en\/wp-json\/wp\/v2\/product_tag?post=36764"}],"curies":[{"name":"wp","href":"https:\/\/api.w.org\/{rel}","templated":true}]}}