{"id":36737,"date":"2026-02-26T12:23:01","date_gmt":"2026-02-26T12:23:01","guid":{"rendered":"https:\/\/www.medienlb.com\/?post_type=product&#038;p=36737"},"modified":"2026-02-27T06:44:53","modified_gmt":"2026-02-27T06:44:53","slug":"55508578-wildschwein","status":"publish","type":"product","link":"https:\/\/www.medienlb.com\/en\/produkt\/55508578-wildschwein\/","title":{"rendered":"Wildschwein"},"content":{"rendered":"<p>Das Wildschwein (<em>Sus scrofa<\/em>) lebt in W\u00e4ldern, Feldern und sogar in St\u00e4dten. Als Allesfresser hat es seine Lebensweise an die Umgebung angepasst.<\/p>\n<p>Der Film beschreibt das Aussehen, die Merkmale, das Vorkommen und die Verbreitung des Wildschweins. Er erkl\u00e4rt, wie die Sozialisation in der Rotte funktioniert, wie die Frischlinge aufwachsen und welchen Gefahren das Wildschwein heute gegen\u00fcbersteht.<\/p>\n","protected":false},"excerpt":{"rendered":"<p>Das Wildschwein (<em>Sus scrofa<\/em>) lebt in W\u00e4ldern, Feldern und sogar in St\u00e4dten. Als Allesfresser hat es seine Lebensweise an die Umgebung angepasst.<\/p>\n","protected":false},"featured_media":36739,"template":"","meta":{"_acf_changed":false},"product_brand":[],"product_cat":[70],"product_tag":[87,97,131,125],"class_list":{"0":"post-36737","1":"product","2":"type-product","3":"status-publish","4":"has-post-thumbnail","6":"product_cat-film","7":"product_tag-subject-biologie","8":"product_tag-subject-grundschule","9":"product_tag-target-gs","10":"product_tag-target-sek-i","12":"first","13":"instock","14":"taxable","15":"shipping-taxable","16":"purchasable","17":"product-type-variable"},"acf":{"subtitle":"Aussehen, Verbreitung, Lebensweise","article_id":"46505876 \/ 55508578","languages":"DE","thumb_up":false,"cover_image":36747,"linked_product":"","linked_products":[{"product":35205},{"product":33731},{"product":33505}],"banner":{"show":true,"text":"","color":""},"length":"17:10 min","content_movie":"56 Seiten Begleitmaterial\r\n\r\n20 Seiten Arbeitsbl\u00e4tter mit Musterl\u00f6sungen\r\n\r\n10 interaktive Aufgaben","learning_goals":"Lernziele:\r\n\r\nDie Sch\u00fclerinnen und Sch\u00fcler\r\n<ol>\r\n \t<li>beschreiben das Prinzip der Angepasstheit von Tierarten an ihren Lebensraum und zeigen dies anhand ausgew\u00e4hlter heimischer Vertreter.<\/li>\r\n \t<li>stellen wechselseitige Abh\u00e4ngigkeiten zwischen Lebewesen dar, indem sie Nahrungsbeziehungen aufzeigen und Einfl\u00fcsse des Menschen darstellen.<\/li>\r\n<\/ol>\r\n&nbsp;\r\n\r\nKompetenzen:\r\n\r\nDie Sch\u00fclerinnen und Sch\u00fcler k\u00f6nnen\r\n<ol>\r\n \t<li>Tiere eines Lebensraums exemplarisch beschreiben benennen und unterscheiden.<\/li>\r\n \t<li>die Angepasstheit von Tieren an ihrem jeweiligen Lebensraum zu unterschiedlichen Bedingungen beschreiben.<\/li>\r\n<\/ol>","preview_gif":36751,"trailer":{"file":36753,"url":"","image":36742},"mediathek_id":933,"amount":"","demo_url":"","h5p_demo_id":"","content_interactive":"","hide_numbers":false,"flyer":"","info_columns":null},"_links":{"self":[{"href":"https:\/\/www.medienlb.com\/en\/wp-json\/wp\/v2\/product\/36737","targetHints":{"allow":["GET"]}}],"collection":[{"href":"https:\/\/www.medienlb.com\/en\/wp-json\/wp\/v2\/product"}],"about":[{"href":"https:\/\/www.medienlb.com\/en\/wp-json\/wp\/v2\/types\/product"}],"wp:featuredmedia":[{"embeddable":true,"href":"https:\/\/www.medienlb.com\/en\/wp-json\/wp\/v2\/media\/36739"}],"wp:attachment":[{"href":"https:\/\/www.medienlb.com\/en\/wp-json\/wp\/v2\/media?parent=36737"}],"wp:term":[{"taxonomy":"product_brand","embeddable":true,"href":"https:\/\/www.medienlb.com\/en\/wp-json\/wp\/v2\/product_brand?post=36737"},{"taxonomy":"product_cat","embeddable":true,"href":"https:\/\/www.medienlb.com\/en\/wp-json\/wp\/v2\/product_cat?post=36737"},{"taxonomy":"product_tag","embeddable":true,"href":"https:\/\/www.medienlb.com\/en\/wp-json\/wp\/v2\/product_tag?post=36737"}],"curies":[{"name":"wp","href":"https:\/\/api.w.org\/{rel}","templated":true}]}}