{"id":36648,"date":"2026-02-23T08:56:44","date_gmt":"2026-02-23T08:56:44","guid":{"rendered":"https:\/\/www.medienlb.com\/?post_type=product&#038;p=36648"},"modified":"2026-02-24T14:19:38","modified_gmt":"2026-02-24T14:19:38","slug":"55508841-desinformation","status":"publish","type":"product","link":"https:\/\/www.medienlb.com\/en\/produkt\/55508841-desinformation\/","title":{"rendered":"Desinformation"},"content":{"rendered":"<p>Die Macher von Desinformation und Fake News setzen darauf, starke Emotionen wie Angst und Wut auszunutzen, um Menschen zum schnellen Teilen von Informationen zu bewegen. Anhand praktischer Beispiele bietet der Film wichtige Ankn\u00fcpfungspunkte, um Sch\u00fclerinnen und Sch\u00fcler daf\u00fcr zu sensibilisieren, wie bedeutend es ist, ein Gesp\u00fcr f\u00fcr den Wahrheitsgehalt von Informationen zu entwickeln, diese kritisch zu hinterfragen und Quellen sowie Perspektiven zu pr\u00fcfen.<\/p>\n","protected":false},"excerpt":{"rendered":"<p>Die Macher von Desinformation und Fake News setzen darauf, starke Emotionen wie Angst und Wut auszunutzen, um Menschen zum schnellen Teilen von Informationen zu bewegen.<\/p>\n","protected":false},"featured_media":36649,"template":"","meta":{"_acf_changed":false},"product_brand":[],"product_cat":[70],"product_tag":[77,125],"class_list":{"0":"post-36648","1":"product","2":"type-product","3":"status-publish","4":"has-post-thumbnail","6":"product_cat-film","7":"product_tag-subject-gesellschaft","8":"product_tag-target-sek-i","10":"first","11":"instock","12":"taxable","13":"shipping-taxable","14":"purchasable","15":"product-type-variable"},"acf":{"subtitle":"Digital Jungle","article_id":"46505929 \/ 55508841","languages":"DE","thumb_up":false,"cover_image":36657,"linked_product":"","linked_products":[{"product":35563},{"product":35541},{"product":34658}],"banner":{"show":true,"text":"","color":""},"length":"10:18 min","content_movie":"Gesamtes Begleitmaterial: 47 Seiten\r\n\r\n20 Seiten Arbeitsbl\u00e4tter mit L\u00f6sungen\r\n\r\n10 Interaktive Aufgaben","learning_goals":"Lernziele:\r\n\r\nDie Sch\u00fclerinnen und Sch\u00fcler\r\n<ol>\r\n \t<li>nennen in Grundz\u00fcgen alltagsrelevante gesetzliche Regelungen zum Umgang mit digitalen Daten<\/li>\r\n \t<li>sch\u00e4tzen die Verantwortung f\u00fcr publizierte Inhalte ein<\/li>\r\n<\/ol>\r\nKompetenzen:\r\n\r\nDie Sch\u00fclerinnen und Sch\u00fcler k\u00f6nnen\r\n<ol>\r\n \t<li>Aspekte von Toleranz und Akzeptanz von Vielfalt im Kontext informatischer Fragestellungen diskutieren.<\/li>\r\n \t<li>Verhaltensregeln im Umgang mit Medien einhalten und benennen.<\/li>\r\n<\/ol>\r\n&nbsp;","preview_gif":36733,"trailer":{"file":36735,"url":"","image":36652},"mediathek_id":932,"amount":"","demo_url":"","h5p_demo_id":"","content_interactive":"","hide_numbers":false,"flyer":"","info_columns":null},"_links":{"self":[{"href":"https:\/\/www.medienlb.com\/en\/wp-json\/wp\/v2\/product\/36648","targetHints":{"allow":["GET"]}}],"collection":[{"href":"https:\/\/www.medienlb.com\/en\/wp-json\/wp\/v2\/product"}],"about":[{"href":"https:\/\/www.medienlb.com\/en\/wp-json\/wp\/v2\/types\/product"}],"wp:featuredmedia":[{"embeddable":true,"href":"https:\/\/www.medienlb.com\/en\/wp-json\/wp\/v2\/media\/36649"}],"wp:attachment":[{"href":"https:\/\/www.medienlb.com\/en\/wp-json\/wp\/v2\/media?parent=36648"}],"wp:term":[{"taxonomy":"product_brand","embeddable":true,"href":"https:\/\/www.medienlb.com\/en\/wp-json\/wp\/v2\/product_brand?post=36648"},{"taxonomy":"product_cat","embeddable":true,"href":"https:\/\/www.medienlb.com\/en\/wp-json\/wp\/v2\/product_cat?post=36648"},{"taxonomy":"product_tag","embeddable":true,"href":"https:\/\/www.medienlb.com\/en\/wp-json\/wp\/v2\/product_tag?post=36648"}],"curies":[{"name":"wp","href":"https:\/\/api.w.org\/{rel}","templated":true}]}}