{"id":36631,"date":"2026-02-18T14:21:42","date_gmt":"2026-02-18T14:21:42","guid":{"rendered":"https:\/\/www.medienlb.com\/?post_type=product&#038;p=36631"},"modified":"2026-02-23T08:46:01","modified_gmt":"2026-02-23T08:46:01","slug":"55508192-ink-stitch-und-turtlestitch","status":"publish","type":"product","link":"https:\/\/www.medienlb.com\/en\/produkt\/55508192-ink-stitch-und-turtlestitch\/","title":{"rendered":"Ink\/Stitch und Turtlestitch"},"content":{"rendered":"<p>Der Film unterst\u00fctzt Lehrkr\u00e4fte bei der Vorbereitung und Umsetzung digitaler Stickvorlagen. Ink\/Stitch und Turtlestitch bieten als Open-Source-Plattformen lizenzfreien Zugang zu einer gro\u00dfen Auswahl an vorgefertigten Mustern und Motiven und leiten zum eigenen Programmieren an.<\/p>\n<p>Praktische Beispiele, Schritt-f\u00fcr-Schritt-Erkl\u00e4rungen und Tipps machen den Einstieg leicht und f\u00f6rdern didaktisch-methodisches, modernes und gestalterisches Lernen.<\/p>\n","protected":false},"excerpt":{"rendered":"<p>Ink\/Stitch und Turtlestitch bieten als Open-Source-Plattformen lizenzfreien Zugang zu einer gro\u00dfen Auswahl an vorgefertigten Mustern und Motiven und leiten zum eigenen Programmieren an.<\/p>\n","protected":false},"featured_media":36633,"template":"","meta":{"_acf_changed":false},"product_brand":[],"product_cat":[70],"product_tag":[121,143],"class_list":{"0":"post-36631","1":"product","2":"type-product","3":"status-publish","4":"has-post-thumbnail","6":"product_cat-film","7":"product_tag-subject-lehrerfortbildung","8":"product_tag-target-lehrkraefte","10":"first","11":"instock","12":"taxable","13":"shipping-taxable","14":"purchasable","15":"product-type-variable"},"acf":{"subtitle":"Open-Source Stickdesign","article_id":"46505795 \/ 55508192","languages":"DE","thumb_up":false,"cover_image":36641,"linked_product":"","linked_products":[{"product":21476},{"product":35055},{"product":12316}],"banner":{"show":true,"text":"","color":""},"length":"15:34 min.","content_movie":"17 Seiten Begleitmaterial","learning_goals":"","preview_gif":36644,"trailer":{"file":36646,"url":"","image":36636},"mediathek_id":931,"amount":"","demo_url":"","h5p_demo_id":"","content_interactive":"","hide_numbers":false,"flyer":"","info_columns":null},"_links":{"self":[{"href":"https:\/\/www.medienlb.com\/en\/wp-json\/wp\/v2\/product\/36631","targetHints":{"allow":["GET"]}}],"collection":[{"href":"https:\/\/www.medienlb.com\/en\/wp-json\/wp\/v2\/product"}],"about":[{"href":"https:\/\/www.medienlb.com\/en\/wp-json\/wp\/v2\/types\/product"}],"wp:featuredmedia":[{"embeddable":true,"href":"https:\/\/www.medienlb.com\/en\/wp-json\/wp\/v2\/media\/36633"}],"wp:attachment":[{"href":"https:\/\/www.medienlb.com\/en\/wp-json\/wp\/v2\/media?parent=36631"}],"wp:term":[{"taxonomy":"product_brand","embeddable":true,"href":"https:\/\/www.medienlb.com\/en\/wp-json\/wp\/v2\/product_brand?post=36631"},{"taxonomy":"product_cat","embeddable":true,"href":"https:\/\/www.medienlb.com\/en\/wp-json\/wp\/v2\/product_cat?post=36631"},{"taxonomy":"product_tag","embeddable":true,"href":"https:\/\/www.medienlb.com\/en\/wp-json\/wp\/v2\/product_tag?post=36631"}],"curies":[{"name":"wp","href":"https:\/\/api.w.org\/{rel}","templated":true}]}}