{"id":36562,"date":"2026-02-12T09:37:07","date_gmt":"2026-02-12T09:37:07","guid":{"rendered":"https:\/\/www.medienlb.com\/?post_type=product&#038;p=36562"},"modified":"2026-02-12T13:40:12","modified_gmt":"2026-02-12T13:40:12","slug":"55508575-haie","status":"publish","type":"product","link":"https:\/\/www.medienlb.com\/en\/produkt\/55508575-haie\/","title":{"rendered":"Haie"},"content":{"rendered":"<p>Haie geh\u00f6ren zu den faszinierendsten R\u00e4ubern der Meere. Der Film zeigt ihre einzigartigen Sinne, ihre vielf\u00e4ltigen Lebensr\u00e4ume und ihre bedeutende Rolle im marinen \u00d6kosystem. Er r\u00e4umt mit Mythen \u00fcber ihre Gef\u00e4hrlichkeit auf und vermittelt, warum Haie f\u00fcr das Gleichgewicht der Ozeane unverzichtbar sind. Beeindruckende Aufnahmen machen ihre Anpassungen und ihr Verhalten f\u00fcr Sch\u00fclerinnen und Sch\u00fcler anschaulich erlebbar.<\/p>\n","protected":false},"excerpt":{"rendered":"<p>Haie geh\u00f6ren zu den faszinierendsten R\u00e4ubern der Meere. Der Film zeigt ihre einzigartigen Sinne, ihre vielf\u00e4ltigen Lebensr\u00e4ume und ihre bedeutende Rolle im marinen \u00d6kosystem. Er r\u00e4umt mit Mythen \u00fcber ihre Gef\u00e4hrlichkeit auf und vermittelt, warum Haie f\u00fcr das Gleichgewicht der Ozeane unverzichtbar sind. Beeindruckende Aufnahmen machen ihre Anpassungen und ihr Verhalten f\u00fcr Sch\u00fclerinnen und Sch\u00fcler anschaulich erlebbar.<\/p>\n","protected":false},"featured_media":36563,"template":"","meta":{"_acf_changed":false},"product_brand":[],"product_cat":[70],"product_tag":[87,125],"class_list":{"0":"post-36562","1":"product","2":"type-product","3":"status-publish","4":"has-post-thumbnail","6":"product_cat-film","7":"product_tag-subject-biologie","8":"product_tag-target-sek-i","10":"first","11":"instock","12":"taxable","13":"shipping-taxable","14":"purchasable","15":"product-type-variable"},"acf":{"subtitle":"und andere Knorpelfische","article_id":"46505873 \/ 55508575","languages":"DE","thumb_up":false,"cover_image":36575,"linked_product":17554,"linked_products":[{"product":34689},{"product":33419},{"product":24918}],"banner":{"show":true,"text":"","color":""},"length":"16:05 min","content_movie":"58 Seiten Begleitmaterial\r\n\r\n20 Seiten Arbeitsbl\u00e4tter mit L\u00f6sungen\r\n\r\n20 Testaufgaben\r\n\r\n10 interaktive Aufgaben","learning_goals":"Lernziele:\r\n\r\nDie Sch\u00fclerinnen und Sch\u00fcler\r\n<ol>\r\n \t<li>erl\u00e4utern die Angepasstheit von Arten an einen Umweltfaktor.<\/li>\r\n \t<li>stellen den Wert von Artenvielfalt an einem Beispiel dar<\/li>\r\n<\/ol>\r\nKompetenzen:\r\n\r\nDie Sch\u00fclerinnen und Sch\u00fcler k\u00f6nnen\r\n<ol>\r\n \t<li>Lebewesen kriteriengeleitet vergleichen und klassifizieren.<\/li>\r\n \t<li>komplexe biologische Sachverhalte mithilfe von Schemata, Grafiken, Modellen oder Diagrammen anschaulich darstellen.<\/li>\r\n<\/ol>","preview_gif":36566,"trailer":{"file":36568,"url":"","image":36570},"mediathek_id":929,"amount":"","demo_url":"","h5p_demo_id":"","content_interactive":"","hide_numbers":false,"flyer":"","info_columns":null},"_links":{"self":[{"href":"https:\/\/www.medienlb.com\/en\/wp-json\/wp\/v2\/product\/36562","targetHints":{"allow":["GET"]}}],"collection":[{"href":"https:\/\/www.medienlb.com\/en\/wp-json\/wp\/v2\/product"}],"about":[{"href":"https:\/\/www.medienlb.com\/en\/wp-json\/wp\/v2\/types\/product"}],"acf:post":[{"embeddable":true,"href":"https:\/\/www.medienlb.com\/en\/wp-json\/wp\/v2\/product\/17554"}],"wp:featuredmedia":[{"embeddable":true,"href":"https:\/\/www.medienlb.com\/en\/wp-json\/wp\/v2\/media\/36563"}],"wp:attachment":[{"href":"https:\/\/www.medienlb.com\/en\/wp-json\/wp\/v2\/media?parent=36562"}],"wp:term":[{"taxonomy":"product_brand","embeddable":true,"href":"https:\/\/www.medienlb.com\/en\/wp-json\/wp\/v2\/product_brand?post=36562"},{"taxonomy":"product_cat","embeddable":true,"href":"https:\/\/www.medienlb.com\/en\/wp-json\/wp\/v2\/product_cat?post=36562"},{"taxonomy":"product_tag","embeddable":true,"href":"https:\/\/www.medienlb.com\/en\/wp-json\/wp\/v2\/product_tag?post=36562"}],"curies":[{"name":"wp","href":"https:\/\/api.w.org\/{rel}","templated":true}]}}