{"id":36505,"date":"2026-02-06T08:41:52","date_gmt":"2026-02-06T08:41:52","guid":{"rendered":"https:\/\/www.medienlb.com\/?post_type=product&#038;p=36505"},"modified":"2026-02-11T13:33:08","modified_gmt":"2026-02-11T13:33:08","slug":"55508541-rebhuhn","status":"publish","type":"product","link":"https:\/\/www.medienlb.com\/en\/produkt\/55508541-rebhuhn\/","title":{"rendered":"Rebhuhn"},"content":{"rendered":"<p>Das Rebhuhn ist in gro\u00dfen Teilen Europas und Asiens verbreitet. Mit seinem braun-grauen Gefieder und dem rostbraunen Halsfleck z\u00e4hlt es zu den Bodenbr\u00fctern. Es bevorzugt offene Agrarlandschaften mit Hecken und Feldr\u00e4ndern. Seine Nahrung besteht aus Samen, Kr\u00e4utern und Insekten. Durch intensive Landwirtschaft und den Verlust strukturreicher Lebensr\u00e4ume ist die Art stark gef\u00e4hrdet. Der Film stellt Merkmale und Lebensweise des Vogels des Jahres 2026 vor.<\/p>\n","protected":false},"excerpt":{"rendered":"<p>Das Rebhuhn ist in gro\u00dfen Teilen Europas und Asiens verbreitet. Mit seinem braun-grauen Gefieder und dem rostbraunen Halsfleck z\u00e4hlt es zu den Bodenbr\u00fctern. Es bevorzugt offene Agrarlandschaften mit Hecken und Feldr\u00e4ndern. Seine Nahrung besteht aus Samen, Kr\u00e4utern und Insekten. Durch intensive Landwirtschaft und den Verlust strukturreicher Lebensr\u00e4ume ist die Art stark gef\u00e4hrdet. Der Film stellt Merkmale und Lebensweise des Vogels des Jahres 2026 vor.<\/p>\n","protected":false},"featured_media":36511,"template":"","meta":{"_acf_changed":false},"product_brand":[],"product_cat":[70],"product_tag":[87,125],"class_list":{"0":"post-36505","1":"product","2":"type-product","3":"status-publish","4":"has-post-thumbnail","6":"product_cat-film","7":"product_tag-subject-biologie","8":"product_tag-target-sek-i","10":"first","11":"instock","12":"taxable","13":"shipping-taxable","14":"purchasable","15":"product-type-variable"},"acf":{"subtitle":"Aussehen, Verbreitung, Lebensweise","article_id":"46505839 \/ 55508541","languages":"DE","thumb_up":false,"cover_image":36517,"linked_product":35205,"linked_products":[{"product":32607},{"product":32459},{"product":34689}],"banner":{"show":true,"text":"","color":""},"length":"13:46 min","content_movie":"59 Seiten Begleitmaterial\r\n\r\n20 Seiten Arbeitsbl\u00e4tter mit L\u00f6sungen\r\n\r\n20 Testaufgaben\r\n\r\n10 Interaktive Aufgaben","learning_goals":"Lernziele:\r\n\r\nDie Sch\u00fclerinnen und Sch\u00fcler\r\n<ol>\r\n \t<li>beschreiben exemplarisch Tiere eines Lebensraumes<\/li>\r\n \t<li>beschreiben die Angepasstheit von Tieren an ihren Lebensraum.<\/li>\r\n<\/ol>\r\nKompetenzen:\r\n\r\nDie Sch\u00fclerinnen und Sch\u00fcler k\u00f6nnen\r\n<ol>\r\n \t<li>Tiere und Pflanzen eines Lebensraums exemplarisch beschreiben benennen und unterscheiden.<\/li>\r\n \t<li>die Angepasstheit von Tieren und Pflanzen an ihrem jeweiligen Lebensraum zu unterschiedlichen Bedingungen beschreiben.<\/li>\r\n<\/ol>","preview_gif":36519,"trailer":{"file":36510,"url":"","image":36508},"mediathek_id":927,"amount":"","demo_url":"","h5p_demo_id":"","content_interactive":"","hide_numbers":false,"flyer":"","info_columns":null},"_links":{"self":[{"href":"https:\/\/www.medienlb.com\/en\/wp-json\/wp\/v2\/product\/36505","targetHints":{"allow":["GET"]}}],"collection":[{"href":"https:\/\/www.medienlb.com\/en\/wp-json\/wp\/v2\/product"}],"about":[{"href":"https:\/\/www.medienlb.com\/en\/wp-json\/wp\/v2\/types\/product"}],"acf:post":[{"embeddable":true,"href":"https:\/\/www.medienlb.com\/en\/wp-json\/wp\/v2\/product\/35205"}],"wp:featuredmedia":[{"embeddable":true,"href":"https:\/\/www.medienlb.com\/en\/wp-json\/wp\/v2\/media\/36511"}],"wp:attachment":[{"href":"https:\/\/www.medienlb.com\/en\/wp-json\/wp\/v2\/media?parent=36505"}],"wp:term":[{"taxonomy":"product_brand","embeddable":true,"href":"https:\/\/www.medienlb.com\/en\/wp-json\/wp\/v2\/product_brand?post=36505"},{"taxonomy":"product_cat","embeddable":true,"href":"https:\/\/www.medienlb.com\/en\/wp-json\/wp\/v2\/product_cat?post=36505"},{"taxonomy":"product_tag","embeddable":true,"href":"https:\/\/www.medienlb.com\/en\/wp-json\/wp\/v2\/product_tag?post=36505"}],"curies":[{"name":"wp","href":"https:\/\/api.w.org\/{rel}","templated":true}]}}