{"id":36485,"date":"2026-02-05T13:56:18","date_gmt":"2026-02-05T13:56:18","guid":{"rendered":"https:\/\/www.medienlb.com\/?post_type=product&#038;p=36485"},"modified":"2026-02-11T09:11:29","modified_gmt":"2026-02-11T09:11:29","slug":"55508572-hilfe-fuer-togo","status":"publish","type":"product","link":"https:\/\/www.medienlb.com\/en\/produkt\/55508572-hilfe-fuer-togo\/","title":{"rendered":"Hilfe f\u00fcr Togo"},"content":{"rendered":"<p>Togo in Westafrika leidet seit Jahren unter politischen Spannungen, wirtschaftlichen Belastungen und regionaler Unsicherheit \u2013 der Alltag ist f\u00fcr viele Menschen voller Herausforderungen.<\/p>\n<p>Der Film zeigt, wie Hilfe f\u00fcr Togo e.V. mit Projekten in den Bereichen Gesundheit, Trinkwasser, Bildung, Ausbildung und sozialer Unterst\u00fctzung nachhaltige Hilfe besonders in l\u00e4ndlichen Regionen zur Selbsthilfe leistet.<\/p>\n","protected":false},"excerpt":{"rendered":"<p>Der Film zeigt, wie Hilfe f\u00fcr Togo e.V. mit Projekten in dem westafrikanischen Land Unterst\u00fctzung leistet und Selbsthilfe anleitet.<\/p>\n","protected":false},"featured_media":36486,"template":"","meta":{"_acf_changed":false},"product_brand":[],"product_cat":[70],"product_tag":[91,125],"class_list":{"0":"post-36485","1":"product","2":"type-product","3":"status-publish","4":"has-post-thumbnail","6":"product_cat-film","7":"product_tag-subject-geografie","8":"product_tag-target-sek-i","10":"first","11":"instock","12":"taxable","13":"shipping-taxable","14":"purchasable","15":"product-type-variable"},"acf":{"subtitle":"Projekte in Westafrika","article_id":"46505870 \/ 55508572","languages":"DE","thumb_up":false,"cover_image":36553,"linked_product":32502,"linked_products":[{"product":34063},{"product":32502},{"product":33505}],"banner":{"show":true,"text":"","color":""},"length":"45:31 min","content_movie":"67 Seiten Begleitmaterial\r\n\r\n20 Seiten Arbeitsbl\u00e4tter mit L\u00f6sungen\r\n\r\n10 Interaktive Aufgaben H5P","learning_goals":"Lernziele: Die Sch\u00fclerinnen und Sch\u00fcler\r\n<ol>\r\n \t<li>stellen Zusammenh\u00e4nge zwischen naturr\u00e4umlicher Ausstattung und menschlicher Nutzung her<\/li>\r\n \t<li>erl\u00e4utern die Auswirkungen dies Klimawandels auf die Ressource Wasser<\/li>\r\n<\/ol>\r\n&nbsp;\r\n\r\nKompetenzen: Die Sch\u00fclerinnen und Sch\u00fcler k\u00f6nnen\r\n<ol>\r\n \t<li>raumrelevante systemische Strukturen und Prozesse auch hinsichtlich ihrer zuk\u00fcnftigen Entwicklung bewerten<\/li>\r\n \t<li>l\u00f6sungsorientierte, nachhaltige Handlungsm\u00f6glichkeiten erl\u00e4utern<\/li>\r\n<\/ol>","preview_gif":36502,"trailer":{"file":36504,"url":"","image":36492},"mediathek_id":925,"amount":"","demo_url":"","h5p_demo_id":"","content_interactive":"","hide_numbers":false,"flyer":"","info_columns":null},"_links":{"self":[{"href":"https:\/\/www.medienlb.com\/en\/wp-json\/wp\/v2\/product\/36485","targetHints":{"allow":["GET"]}}],"collection":[{"href":"https:\/\/www.medienlb.com\/en\/wp-json\/wp\/v2\/product"}],"about":[{"href":"https:\/\/www.medienlb.com\/en\/wp-json\/wp\/v2\/types\/product"}],"acf:post":[{"embeddable":true,"href":"https:\/\/www.medienlb.com\/en\/wp-json\/wp\/v2\/product\/32502"}],"wp:featuredmedia":[{"embeddable":true,"href":"https:\/\/www.medienlb.com\/en\/wp-json\/wp\/v2\/media\/36486"}],"wp:attachment":[{"href":"https:\/\/www.medienlb.com\/en\/wp-json\/wp\/v2\/media?parent=36485"}],"wp:term":[{"taxonomy":"product_brand","embeddable":true,"href":"https:\/\/www.medienlb.com\/en\/wp-json\/wp\/v2\/product_brand?post=36485"},{"taxonomy":"product_cat","embeddable":true,"href":"https:\/\/www.medienlb.com\/en\/wp-json\/wp\/v2\/product_cat?post=36485"},{"taxonomy":"product_tag","embeddable":true,"href":"https:\/\/www.medienlb.com\/en\/wp-json\/wp\/v2\/product_tag?post=36485"}],"curies":[{"name":"wp","href":"https:\/\/api.w.org\/{rel}","templated":true}]}}