{"id":36445,"date":"2026-02-04T09:20:28","date_gmt":"2026-02-04T09:20:28","guid":{"rendered":"https:\/\/www.medienlb.com\/?post_type=product&#038;p=36445"},"modified":"2026-02-05T05:57:28","modified_gmt":"2026-02-05T05:57:28","slug":"55508542-fluechtlinge-migranten-asylbewerber","status":"publish","type":"product","link":"https:\/\/www.medienlb.com\/en\/produkt\/55508542-fluechtlinge-migranten-asylbewerber\/","title":{"rendered":"Fl\u00fcchtlinge, Migranten, Asylbewerber"},"content":{"rendered":"<p>Migration pr\u00e4gt Deutschland seit Jahrzehnten. Der Film zeigt Ursachen von Flucht und Zuwanderung, erkl\u00e4rt Begriffe wie Asyl, Fl\u00fcchtlingsstatus und Integration und beleuchtet die Herausforderungen f\u00fcr Gesellschaft und Politik. Eine sachliche Einordnung eines hochaktuellen, emotional gef\u00fchrten Themas.<\/p>\n","protected":false},"excerpt":{"rendered":"<p>Migration pr\u00e4gt Deutschland seit Jahrzehnten. Der Film zeigt Ursachen von Flucht und Zuwanderung, erkl\u00e4rt Begriffe wie Asyl, Fl\u00fcchtlingsstatus und Integration und beleuchtet die Herausforderungen f\u00fcr Gesellschaft und Politik. Eine sachliche Einordnung eines hochaktuellen, emotional gef\u00fchrten Themas.<\/p>\n","protected":false},"featured_media":36446,"template":"","meta":{"_acf_changed":false},"product_brand":[],"product_cat":[70],"product_tag":[93,125,127],"class_list":{"0":"post-36445","1":"product","2":"type-product","3":"status-publish","4":"has-post-thumbnail","6":"product_cat-film","7":"product_tag-subject-politik-sozialkunde","8":"product_tag-target-sek-i","9":"product_tag-target-sek-ii","11":"first","12":"instock","13":"taxable","14":"shipping-taxable","15":"purchasable","16":"product-type-variable"},"acf":{"subtitle":"Zuwanderung nach Deutschland","article_id":"46505840 \/ 55508542","languages":"DE","thumb_up":false,"cover_image":36454,"linked_product":11275,"linked_products":[{"product":""}],"banner":{"show":true,"text":"","color":""},"length":"18:36","content_movie":"61 Seiten Begleitmaterial\r\n\r\n20 Seiten Arbeitsbl\u00e4tter mit L\u00f6sungen\r\n\r\n10 Interaktive Aufgaben H5P","learning_goals":"Lernziele:\r\n\r\nDie Sch\u00fclerinnen und Sch\u00fcler\r\n<ol>\r\n \t<li>erl\u00e4utern Ursachen von Zuwanderung nach Deutschland (Push- und Pull-Faktoren).<\/li>\r\n \t<li>erl\u00e4utern Anforderungen an die Aufnahmegesellschaft und an die Zuwanderer im Integrationsprozess.<\/li>\r\n<\/ol>\r\nKompetenzen:\r\n\r\nDie Sch\u00fclerinnen und Sch\u00fcler k\u00f6nnen\r\n<ol>\r\n \t<li>politische, wirtschaftliche und gesellschaftliche Sach-, Konflikt- und Problemlagen anhand grundlegender sozialwissenschaftlicher Kategorien untersuchen.<\/li>\r\n \t<li>begr\u00fcndete Vorschl\u00e4ge zur Bew\u00e4ltigung von politischen, wirtschaftlichen und gesellschaftlichen Problemen formulieren.<\/li>\r\n<\/ol>","preview_gif":36457,"trailer":{"file":36459,"url":"","image":36449},"mediathek_id":924,"amount":"","demo_url":"","h5p_demo_id":"","content_interactive":"","hide_numbers":false,"flyer":"","info_columns":null},"_links":{"self":[{"href":"https:\/\/www.medienlb.com\/en\/wp-json\/wp\/v2\/product\/36445","targetHints":{"allow":["GET"]}}],"collection":[{"href":"https:\/\/www.medienlb.com\/en\/wp-json\/wp\/v2\/product"}],"about":[{"href":"https:\/\/www.medienlb.com\/en\/wp-json\/wp\/v2\/types\/product"}],"acf:post":[{"embeddable":true,"href":"https:\/\/www.medienlb.com\/en\/wp-json\/wp\/v2\/product\/11275"}],"wp:featuredmedia":[{"embeddable":true,"href":"https:\/\/www.medienlb.com\/en\/wp-json\/wp\/v2\/media\/36446"}],"wp:attachment":[{"href":"https:\/\/www.medienlb.com\/en\/wp-json\/wp\/v2\/media?parent=36445"}],"wp:term":[{"taxonomy":"product_brand","embeddable":true,"href":"https:\/\/www.medienlb.com\/en\/wp-json\/wp\/v2\/product_brand?post=36445"},{"taxonomy":"product_cat","embeddable":true,"href":"https:\/\/www.medienlb.com\/en\/wp-json\/wp\/v2\/product_cat?post=36445"},{"taxonomy":"product_tag","embeddable":true,"href":"https:\/\/www.medienlb.com\/en\/wp-json\/wp\/v2\/product_tag?post=36445"}],"curies":[{"name":"wp","href":"https:\/\/api.w.org\/{rel}","templated":true}]}}