{"id":36422,"date":"2026-01-28T14:46:05","date_gmt":"2026-01-28T14:46:05","guid":{"rendered":"https:\/\/www.medienlb.com\/?post_type=product&#038;p=36422"},"modified":"2026-01-28T15:00:12","modified_gmt":"2026-01-28T15:00:12","slug":"sphero-bolt-plus-lernroboter","status":"publish","type":"product","link":"https:\/\/www.medienlb.com\/en\/produkt\/sphero-bolt-plus-lernroboter\/","title":{"rendered":"Sphero Bolt Plus- Lernroboter"},"content":{"rendered":"<div class=\"flex flex-grow flex-col max-w-full\">\n<div class=\"min-h-[20px] text-message flex flex-col items-start gap-3 whitespace-pre-wrap break-words [.text-message+&amp;]:mt-5 overflow-x-auto\" data-message-author-role=\"assistant\" data-message-id=\"4653d40d-7698-4c6a-8b72-0a0c1290771e\">\n<div class=\"markdown prose w-full break-words dark:prose-invert light\">\n<p>Durch das robuste und transparente Geh\u00e4use des Kugel-Roboter erhalten die Lernenden Einblick in die faszinierende Technik, darunter eine 128&#215;128 LCD Display\u00a0und hochpr\u00e4zise Sensoren. \u00dcber die kostenlose Sphero Edu-App kann der Roboter individuell gesteuert und programmiert werden. Die wahlweise Programmierung in\u00a0 Scratch\u2122 Blocks oder JavaScript erm\u00f6glicht eine flexible Nutzung entsprechend dem Wissensstand der Lernenden. Der Sphero Bolt erfasst Befehle zur Geschwindigkeit, Beschleunigung und Richtung, zeigt Animationen, Zeichen, Texte und Daten an. Der Roboter kommuniziert \u00fcber Infrarot mit anderen Kugeln,\u00a0 er\u00f6ffnet vielf\u00e4ltige Spiel- und Programmierm\u00f6glichkeiten und ist somit f\u00fcr den Unterricht von der Grundschule bis zur Sekundarstufe 2 geeignet.<\/p>\n<\/div>\n<\/div>\n<\/div>\n<hr \/>\n<p>Hier ein Link zum Hersteller:\u00a0\u00a0 <span style=\"color: #3366ff;\"><a style=\"color: #3366ff;\" href=\"https:\/\/edu.sphero.com\/cwists\/?robot=BOLT\" target=\"_blank\" rel=\"noopener\">sphero.com<\/a><\/span><\/p>\n<hr \/>\n<p>Hier der Link zum<span style=\"color: #3366ff;\"> FILM <span style=\"color: #000000;\">(noch in Arbeit)<\/span><br \/>\n<\/span><\/p>\n","protected":false},"excerpt":{"rendered":"<p>Der kugelf\u00f6rmige Roboter f\u00fcr super spannenden Programmierunterricht mittels Blockly oder mit JavaScript.<br \/>\nDie vielen integrierten Sensoren erm\u00f6glichen unz\u00e4hlige Programmierexperimente im MINT-Bereich.<\/p>\n","protected":false},"featured_media":36430,"template":"","meta":{"_acf_changed":false},"product_brand":[],"product_cat":[75],"product_tag":[],"class_list":{"0":"post-36422","1":"product","2":"type-product","3":"status-publish","4":"has-post-thumbnail","6":"product_cat-hardware","8":"first","9":"instock","10":"taxable","11":"shipping-taxable","12":"purchasable","13":"product-type-variable"},"acf":{"subtitle":"spannender Programmierunterricht in kugelform","article_id":"MS_15_BOLT Plus","languages":"DE","thumb_up":false,"cover_image":"","linked_product":"","linked_products":null,"banner":{"show":true,"text":"","color":""},"length":"","content_movie":"","learning_goals":"","preview_gif":"","trailer":{"file":"","url":"","image":""},"mediathek_id":"","amount":"","demo_url":"","h5p_demo_id":"","content_interactive":"","hide_numbers":false,"flyer":21233,"info_columns":[{"heading":"","content":"<ul>\r\n \t<li>1\u00a0 Sphero Bolt-Roboter<\/li>\r\n \t<li>1 360-Grad-Winkelmesser<\/li>\r\n \t<li>8 Sphero-AufkleberGeeignet f\u00fcr Kinder ab 7 Jahren<\/li>\r\n \t<li>Kompatibel mit der Sphero Edu-App und weiterer Sphero Software<\/li>\r\n \t<li>Akkulaufzeit bis zu 2 Stunden<\/li>\r\n \t<li>ideal f\u00fcr die ersten Programmiererfahrungen mit Blockly (\u00e4hnlich SCRATCH) bis zum fortgeschrittenen Programmieren mittels JavaScript<\/li>\r\n \t<li>die programmierbare LED-Matrix erm\u00f6glicht das Anzeigen von Daten und Nachrichten und auch die Darstellung von Emojis<\/li>\r\n<\/ul>"},{"heading":"","content":"<ul>\r\n \t<li>mit Auto-Aiming-Technologie f\u00fcr intuitive Fortbewegung<\/li>\r\n \t<li>das wasser- und sto\u00dffeste Geh\u00e4use erm\u00f6glicht den Einsatz im Innen- und Au\u00dfenbereich<\/li>\r\n \t<li>integrierte Sensoren f\u00fcr die Richtungs- und Beschleunigungserfassung, sowie f\u00fcr Helligkeit und Magnetfeld (digitalen Kompass) bieten unz\u00e4hligen Experimenten im MINT Bereich die technischen Voraussetzungen<\/li>\r\n \t<li>drahtlose Bluetooth SMART-Verbindung und Infrarotschnittstelle zur Steuerung und Programmierung der Kugelroboter und zur Kommunikation mit andren Sphero Bolts<\/li>\r\n \t<li>Ladestation zur induktiven Akkuaufladung<\/li>\r\n<\/ul>"},{"heading":"","content":"Lieferumfang\r\n\r\n- 1 Ladeschale f\u00fcr induktive Ladung\r\n- 1 Ladekabel f\u00fcr den Koffer\r\n- 1\u00a0 360-Grad-Winkelmesser mit Kurs,\r\nRichtungen und Uhr\r\n- 8 Sphero-Aufkleber\r\n- Gebrauchsanweisung"}]},"_links":{"self":[{"href":"https:\/\/www.medienlb.com\/en\/wp-json\/wp\/v2\/product\/36422","targetHints":{"allow":["GET"]}}],"collection":[{"href":"https:\/\/www.medienlb.com\/en\/wp-json\/wp\/v2\/product"}],"about":[{"href":"https:\/\/www.medienlb.com\/en\/wp-json\/wp\/v2\/types\/product"}],"wp:featuredmedia":[{"embeddable":true,"href":"https:\/\/www.medienlb.com\/en\/wp-json\/wp\/v2\/media\/36430"}],"wp:attachment":[{"href":"https:\/\/www.medienlb.com\/en\/wp-json\/wp\/v2\/media?parent=36422"}],"wp:term":[{"taxonomy":"product_brand","embeddable":true,"href":"https:\/\/www.medienlb.com\/en\/wp-json\/wp\/v2\/product_brand?post=36422"},{"taxonomy":"product_cat","embeddable":true,"href":"https:\/\/www.medienlb.com\/en\/wp-json\/wp\/v2\/product_cat?post=36422"},{"taxonomy":"product_tag","embeddable":true,"href":"https:\/\/www.medienlb.com\/en\/wp-json\/wp\/v2\/product_tag?post=36422"}],"curies":[{"name":"wp","href":"https:\/\/api.w.org\/{rel}","templated":true}]}}