{"id":36324,"date":"2026-01-21T14:20:30","date_gmt":"2026-01-21T14:20:30","guid":{"rendered":"https:\/\/www.medienlb.com\/?post_type=product&#038;p=36324"},"modified":"2026-02-03T12:58:42","modified_gmt":"2026-02-03T12:58:42","slug":"55508558-breakdance","status":"publish","type":"product","link":"https:\/\/www.medienlb.com\/en\/produkt\/55508558-breakdance\/","title":{"rendered":"Breakdance"},"content":{"rendered":"<p>In den 1970er Jahren entstand der Breakdance als Teil der Hip-Hop-Kultur in The Bronx, New York. \u201aTanz statt Konflikt\u2018 war der Ausdruck der Jugend, die inmitten von Armut und Gewalt aufwuchs. Heute ist Breakdance global und sogar Olympische Disziplin. Das interaktive Begleitmaterial gibt Einblick in die Entstehungsgeschichte und Hintergr\u00fcnde des Breakdance.<\/p>\n<p>Praktisch wird es mit Moses Mwanjelwa vom GORILLA Schulprogramm. Er zeigt im Film in Abschnitten Aufw\u00e4rm\u00fcbungen, Moves und Tanzstile von Top Rocks bis Powermoves und gibt den Sch\u00fclerinnen und Sch\u00fclern Schritt f\u00fcr Schritt die Anleitung zum Ausprobieren und Mitmachen.<\/p>\n","protected":false},"excerpt":{"rendered":"<p>In den 1970er Jahren entstand der Breakdance als Teil der Hip-Hop-Kultur in The Bronx, New York. \u201aTanz statt Konflikt\u2018 war der Ausdruck der Jugend, die inmitten von Armut und Gewalt aufwuchs.<\/p>\n","protected":false},"featured_media":36330,"template":"","meta":{"_acf_changed":false},"product_brand":[],"product_cat":[70],"product_tag":[103,125],"class_list":{"0":"post-36324","1":"product","2":"type-product","3":"status-publish","4":"has-post-thumbnail","6":"product_cat-film","7":"product_tag-subject-sport","8":"product_tag-target-sek-i","10":"first","11":"instock","12":"taxable","13":"shipping-taxable","14":"purchasable","15":"product-type-variable"},"acf":{"subtitle":"Moves f\u00fcr Anf\u00e4nger","article_id":"46505856 \/ 55508558","languages":"DE","thumb_up":false,"cover_image":36341,"linked_product":13648,"linked_products":null,"banner":{"show":true,"text":"","color":""},"length":"47:56 min","content_movie":"Gesamtes Begleitmaterial: 54 Seiten\r\n\r\nArbeitsbl\u00e4tter mit L\u00f6sungen: 19 Seiten\r\n\r\nInteraktive Aufgaben: 10","learning_goals":"Lernziele:\r\n\r\nDie Sch\u00fclerinnen und Sch\u00fcler\r\n<ol>\r\n \t<li>erkennen bei ihrem sportlichen Bewegungshandeln die Sinnrichtung\/Sinnrichtungen.<\/li>\r\n \t<li>l\u00f6sen gestalterische Bewegungsaufgaben.<\/li>\r\n<\/ol>\r\n&nbsp;\r\n\r\nKompetenzen:\r\n\r\nDie Sch\u00fclerinnen und Sch\u00fcler k\u00f6nnen\r\n<ol>\r\n \t<li>Bewegungen gestalten und sich durch Bewegungen ausdr\u00fccken.<\/li>\r\n \t<li>bei sportlichen Aktivit\u00e4ten kommunizieren, kooperieren und konkurrieren.<\/li>\r\n<\/ol>","preview_gif":36337,"trailer":{"file":36339,"url":"","image":36333},"mediathek_id":922,"amount":"","demo_url":"","h5p_demo_id":"","content_interactive":"","hide_numbers":false,"flyer":"","info_columns":null},"_links":{"self":[{"href":"https:\/\/www.medienlb.com\/en\/wp-json\/wp\/v2\/product\/36324","targetHints":{"allow":["GET"]}}],"collection":[{"href":"https:\/\/www.medienlb.com\/en\/wp-json\/wp\/v2\/product"}],"about":[{"href":"https:\/\/www.medienlb.com\/en\/wp-json\/wp\/v2\/types\/product"}],"acf:post":[{"embeddable":true,"href":"https:\/\/www.medienlb.com\/en\/wp-json\/wp\/v2\/product\/13648"}],"wp:featuredmedia":[{"embeddable":true,"href":"https:\/\/www.medienlb.com\/en\/wp-json\/wp\/v2\/media\/36330"}],"wp:attachment":[{"href":"https:\/\/www.medienlb.com\/en\/wp-json\/wp\/v2\/media?parent=36324"}],"wp:term":[{"taxonomy":"product_brand","embeddable":true,"href":"https:\/\/www.medienlb.com\/en\/wp-json\/wp\/v2\/product_brand?post=36324"},{"taxonomy":"product_cat","embeddable":true,"href":"https:\/\/www.medienlb.com\/en\/wp-json\/wp\/v2\/product_cat?post=36324"},{"taxonomy":"product_tag","embeddable":true,"href":"https:\/\/www.medienlb.com\/en\/wp-json\/wp\/v2\/product_tag?post=36324"}],"curies":[{"name":"wp","href":"https:\/\/api.w.org\/{rel}","templated":true}]}}