{"id":36104,"date":"2025-12-15T13:03:21","date_gmt":"2025-12-15T13:03:21","guid":{"rendered":"https:\/\/www.medienlb.com\/?post_type=product&#038;p=36104"},"modified":"2026-01-07T14:11:49","modified_gmt":"2026-01-07T14:11:49","slug":"matatalab-intelligent-microscope-mx2-as","status":"publish","type":"product","link":"https:\/\/www.medienlb.com\/en\/produkt\/matatalab-intelligent-microscope-mx2-as\/","title":{"rendered":"Intelligent Microscope MX2-AS"},"content":{"rendered":"<div>\n<div class=\"product--main-body\">\n<div class=\"product--description\">\n<div>\n<article class=\"text-token-text-primary w-full focus:outline-none [--shadow-height:45px] has-data-writing-block:pointer-events-none has-data-writing-block:-mt-(--shadow-height) has-data-writing-block:pt-(--shadow-height) [&amp;:has([data-writing-block])&gt;*]:pointer-events-auto [content-visibility:auto] supports-[content-visibility:auto]:[contain-intrinsic-size:auto_100lvh] scroll-mt-[calc(var(--header-height)+min(200px,max(70px,20svh)))]\" dir=\"auto\" tabindex=\"-1\" data-turn-id=\"818282ec-fcde-44a5-8a19-fd10303b95e6\" data-testid=\"conversation-turn-2\" data-scroll-anchor=\"true\" data-turn=\"assistant\">\n<div class=\"text-base my-auto mx-auto pb-10 [--thread-content-margin:--spacing(4)] @w-sm\/main:[--thread-content-margin:--spacing(6)] @w-lg\/main:[--thread-content-margin:--spacing(16)] px-(--thread-content-margin)\">\n<div class=\"[--thread-content-max-width:40rem] @w-lg\/main:[--thread-content-max-width:48rem] mx-auto max-w-(--thread-content-max-width) flex-1 group\/turn-messages focus-visible:outline-hidden relative flex w-full min-w-0 flex-col agent-turn\" tabindex=\"-1\">\n<div class=\"flex max-w-full flex-col grow\">\n<div class=\"min-h-8 text-message relative flex w-full flex-col items-end gap-2 text-start break-words whitespace-normal [.text-message+&amp;]:mt-1\" dir=\"auto\" data-message-author-role=\"assistant\" data-message-id=\"42a0cf60-3a02-4917-aef2-6d1110502fc5\" data-message-model-slug=\"gpt-5-2\">\n<div class=\"flex w-full flex-col gap-1 empty:hidden first:pt-[1px]\">\n<div class=\"markdown prose dark:prose-invert w-full break-words light markdown-new-styling\">\n<p>Das Matatalab Intelligent Microscope MX2-AS bietet digitale Mikroskopie mit klappbarem Bildschirm, stufenlosem Zoom von 9\u00d7 bis 72\u00d7 und dualer Beleuchtung aus Auf- und Durchlicht f\u00fcr vielseitige Anwendungen. Dank Hand- und Standmodus sowie kabelgebundener und kabelloser Bild\u00fcbertragung ist es flexibel einsetzbar und ideal f\u00fcr mobile wie station\u00e4re Lernumgebungen.<\/p>\n<hr \/>\n<p data-start=\"833\" data-end=\"1020\">Preis exklusive Versandkosten<\/p>\n<\/div>\n<\/div>\n<\/div>\n<\/div>\n<\/div>\n<\/div>\n<\/article>\n<\/div>\n<\/div>\n<\/div>\n<\/div>\n","protected":false},"excerpt":{"rendered":"<p>Das Matatalab Intelligent Microscope MX2-AS bietet digitale Mikroskopie f\u00fcr vielseitige Anwendungen<\/p>\n","protected":false},"featured_media":36112,"template":"","meta":{"_acf_changed":false},"product_brand":[],"product_cat":[75],"product_tag":[],"class_list":{"0":"post-36104","1":"product","2":"type-product","3":"status-publish","4":"has-post-thumbnail","6":"product_cat-hardware","8":"first","9":"instock","10":"taxable","11":"shipping-taxable","12":"purchasable","13":"product-type-variable"},"acf":{"subtitle":"Matatalabs Digitales Mikroskop f\u00fcr Schule & Bildung","article_id":"MS_95","languages":"","thumb_up":false,"cover_image":"","linked_product":36092,"linked_products":null,"banner":{"show":true,"text":"","color":""},"length":"","content_movie":"","learning_goals":"","preview_gif":"","trailer":{"file":"","url":"","image":""},"mediathek_id":"","amount":"","demo_url":"","h5p_demo_id":"","content_interactive":"","hide_numbers":false,"flyer":"","info_columns":[{"heading":"","content":"<strong>Digitale Bildgebung<\/strong>\r\n<ul data-start=\"86\" data-end=\"203\">\r\n \t<li data-start=\"86\" data-end=\"158\">Klappbarer Bildschirm f\u00fcr einfache Beobachtung, Aufnahme und Messung<\/li>\r\n \t<li data-start=\"159\" data-end=\"203\">Intuitive, benutzerfreundliche Bedienung<\/li>\r\n<\/ul>\r\n<strong>Flexibles Design<\/strong>\r\n<ul data-start=\"227\" data-end=\"325\">\r\n \t<li data-start=\"227\" data-end=\"270\"><strong data-start=\"229\" data-end=\"242\">Dual-Mode<\/strong>: Handheld- und Standmodus<\/li>\r\n \t<li data-start=\"271\" data-end=\"325\">Handheld-Modus ist kompakt und gut transportierbar<\/li>\r\n<\/ul>\r\n<strong>Beleuchtungssystem<\/strong>\r\n<ul data-start=\"351\" data-end=\"553\">\r\n \t<li data-start=\"351\" data-end=\"401\"><strong data-start=\"353\" data-end=\"374\">Duale Lichtquelle<\/strong>: Auflicht und Durchlicht<\/li>\r\n \t<li data-start=\"402\" data-end=\"481\">Vereint Funktionen eines Stereomikroskops und eines biologischen Mikroskops<\/li>\r\n \t<li data-start=\"482\" data-end=\"553\">Intelligente LED-F\u00e4rbebeleuchtung zur Verbesserung der Bildqualit\u00e4t<\/li>\r\n<\/ul>"},{"heading":"","content":"<strong>Vergr\u00f6\u00dferung<\/strong>\r\n<ul data-start=\"573\" data-end=\"699\">\r\n \t<li data-start=\"573\" data-end=\"628\"><strong data-start=\"575\" data-end=\"595\">Stufenloser Zoom<\/strong> f\u00fcr schnelle Bildfeldanpassung<\/li>\r\n \t<li data-start=\"629\" data-end=\"665\">Vergr\u00f6\u00dferungsbereich: <strong data-start=\"653\" data-end=\"663\">9\u00d7\u201372\u00d7<\/strong><\/li>\r\n \t<li data-start=\"666\" data-end=\"699\">1 Objektiv mit <strong data-start=\"683\" data-end=\"699\">0,5\u00d7\u20134\u00d7 Zoom<\/strong><\/li>\r\n<\/ul>\r\n<strong>Bild\u00fcbertragung<\/strong>\r\n<ul data-start=\"722\" data-end=\"820\" data-is-last-node=\"\" data-is-only-node=\"\">\r\n \t<li data-start=\"722\" data-end=\"774\"><strong data-start=\"724\" data-end=\"756\">Kabellose und kabelgebundene<\/strong> Bild\u00fcbertragung<\/li>\r\n \t<li data-start=\"775\" data-end=\"820\" data-is-last-node=\"\">Darstellung auf mehreren Endger\u00e4ten m\u00f6glich<\/li>\r\n<\/ul>"},{"heading":"","content":"https:\/\/youtu.be\/8UDRSWKKbNY\r\n\r\n<img class=\"alignnone wp-image-36121\" src=\"https:\/\/www.medienlb.com\/wp-content\/uploads\/2025\/12\/Sn_mek_obrazovky_2025-01-20_114142_1-300x175.png\" alt=\"\" width=\"507\" height=\"296\" \/>\r\n\r\n<img class=\"alignnone wp-image-36123\" src=\"https:\/\/www.medienlb.com\/wp-content\/uploads\/2025\/12\/zoom_1-300x178.png\" alt=\"\" width=\"492\" height=\"292\" \/>\r\n\r\n&nbsp;"}]},"_links":{"self":[{"href":"https:\/\/www.medienlb.com\/en\/wp-json\/wp\/v2\/product\/36104","targetHints":{"allow":["GET"]}}],"collection":[{"href":"https:\/\/www.medienlb.com\/en\/wp-json\/wp\/v2\/product"}],"about":[{"href":"https:\/\/www.medienlb.com\/en\/wp-json\/wp\/v2\/types\/product"}],"acf:post":[{"embeddable":true,"href":"https:\/\/www.medienlb.com\/en\/wp-json\/wp\/v2\/product\/36092"}],"wp:featuredmedia":[{"embeddable":true,"href":"https:\/\/www.medienlb.com\/en\/wp-json\/wp\/v2\/media\/36112"}],"wp:attachment":[{"href":"https:\/\/www.medienlb.com\/en\/wp-json\/wp\/v2\/media?parent=36104"}],"wp:term":[{"taxonomy":"product_brand","embeddable":true,"href":"https:\/\/www.medienlb.com\/en\/wp-json\/wp\/v2\/product_brand?post=36104"},{"taxonomy":"product_cat","embeddable":true,"href":"https:\/\/www.medienlb.com\/en\/wp-json\/wp\/v2\/product_cat?post=36104"},{"taxonomy":"product_tag","embeddable":true,"href":"https:\/\/www.medienlb.com\/en\/wp-json\/wp\/v2\/product_tag?post=36104"}],"curies":[{"name":"wp","href":"https:\/\/api.w.org\/{rel}","templated":true}]}}