{"id":36092,"date":"2025-12-15T11:29:29","date_gmt":"2025-12-15T11:29:29","guid":{"rendered":"https:\/\/www.medienlb.com\/?post_type=product&#038;p=36092"},"modified":"2026-01-07T14:12:55","modified_gmt":"2026-01-07T14:12:55","slug":"easi_scope-wireless-screen","status":"publish","type":"product","link":"https:\/\/www.medienlb.com\/en\/produkt\/easi_scope-wireless-screen\/","title":{"rendered":"Easi\u2011Scope \u2013 Wireless + Screen"},"content":{"rendered":"<div>\n<div class=\"product--main-body\">\n<div class=\"product--description\">\n<div>\n<div class=\"flex max-w-full flex-col grow\">\n<div class=\"min-h-8 text-message relative flex w-full flex-col items-end gap-2 text-start break-words whitespace-normal [.text-message+&amp;]:mt-1\" dir=\"auto\" data-message-author-role=\"assistant\" data-message-id=\"eea23a5f-a00f-4eeb-8b15-d2efc878ee6b\" data-message-model-slug=\"gpt-5-2\">\n<div class=\"flex w-full flex-col gap-1 empty:hidden first:pt-[1px]\">\n<div class=\"markdown prose dark:prose-invert w-full break-words light markdown-new-styling\">\n<p>Das <strong data-start=\"74\" data-end=\"116\">Easi-Scope mit integriertem Bildschirm<\/strong> ist ein tragbares Handmikroskop f\u00fcr Kinder. Dank des eingebauten 2&#8243;-Displays erm\u00f6glicht es mikroskopische Beobachtungen <strong data-start=\"237\" data-end=\"267\">ohne zus\u00e4tzliches Endger\u00e4t<\/strong> \u2013 ideal f\u00fcr Schule, Exkursionen und Zuhause.<\/p>\n<\/div>\n<\/div>\n<\/div>\n<\/div>\n<hr \/>\n<p data-start=\"833\" data-end=\"1020\">Preis exklusive Versandkosten<\/p>\n<\/div>\n<\/div>\n<\/div>\n<\/div>\n","protected":false},"excerpt":{"rendered":"<p>Das <strong data-start=\"74\" data-end=\"116\">Easi-Scope mit integriertem Bildschirm<\/strong> ist ein tragbares Handmikroskop f\u00fcr Kinder!<\/p>\n<p>&nbsp;<\/p>\n","protected":false},"featured_media":36096,"template":"","meta":{"_acf_changed":false},"product_brand":[],"product_cat":[75],"product_tag":[],"class_list":{"0":"post-36092","1":"product","2":"type-product","3":"status-publish","4":"has-post-thumbnail","6":"product_cat-hardware","8":"first","9":"instock","10":"taxable","11":"shipping-taxable","12":"purchasable","13":"product-type-variable"},"acf":{"subtitle":"Digitales Funkmikroskop f\u00fcr Schule & Bildung","article_id":"MS_94","languages":"","thumb_up":false,"cover_image":"","linked_product":36104,"linked_products":null,"banner":{"show":true,"text":"","color":""},"length":"","content_movie":"","learning_goals":"","preview_gif":"","trailer":{"file":"","url":"","image":""},"mediathek_id":"","amount":"","demo_url":"","h5p_demo_id":"","content_interactive":"","hide_numbers":false,"flyer":"","info_columns":[{"heading":"","content":"<strong data-start=\"195\" data-end=\"216\">Zentrale Merkmale<\/strong>\r\n<ul data-start=\"338\" data-end=\"756\">\r\n \t<li data-start=\"338\" data-end=\"438\"><strong data-start=\"340\" data-end=\"372\">Integrierter Bildschirm (2\")<\/strong><br data-start=\"372\" data-end=\"375\" \/>Sofortige Anzeige der Beobachtungen ohne Computer oder Tablet<\/li>\r\n \t<li data-start=\"439\" data-end=\"534\"><strong data-start=\"441\" data-end=\"468\">Bis zu 43\u00d7 Vergr\u00f6\u00dferung<\/strong><br data-start=\"468\" data-end=\"471\" \/>Geeignet f\u00fcr Pflanzen, Insekten, Textilien und Alltagsobjekte<\/li>\r\n<\/ul>"},{"heading":"","content":"<ul data-start=\"338\" data-end=\"756\">\r\n \t<li data-start=\"535\" data-end=\"617\"><strong data-start=\"537\" data-end=\"559\">Einfache Bedienung<\/strong><br data-start=\"559\" data-end=\"562\" \/>Ein-Knopf-Steuerung f\u00fcr Fokussierung und Bildaufnahme<\/li>\r\n \t<li data-start=\"618\" data-end=\"682\"><strong data-start=\"620\" data-end=\"647\">Wiederaufladbar per USB<\/strong><br data-start=\"647\" data-end=\"650\" \/>Kein Batteriewechsel notwendig<\/li>\r\n \t<li data-start=\"683\" data-end=\"756\"><strong data-start=\"685\" data-end=\"705\">Kabellos nutzbar<\/strong><br data-start=\"705\" data-end=\"708\" \/>Optionaler Anschluss an Tablet oder PC m\u00f6glich<\/li>\r\n<\/ul>"},{"heading":"","content":"<p data-start=\"758\" data-end=\"788\"><strong>Einsatz im Bildungsbereich<\/strong><\/p>\r\n\r\n<ul data-start=\"789\" data-end=\"1000\" data-is-last-node=\"\" data-is-only-node=\"\">\r\n \t<li data-start=\"789\" data-end=\"834\">F\u00f6rdert <strong data-start=\"799\" data-end=\"822\">entdeckendes Lernen<\/strong> und Neugier<\/li>\r\n \t<li data-start=\"835\" data-end=\"923\">Besonders geeignet f\u00fcr <strong data-start=\"860\" data-end=\"923\">Sachunterricht, Naturwissenschaften und Outdoor-Aktivit\u00e4ten<\/strong><\/li>\r\n \t<li data-start=\"924\" data-end=\"1000\" data-is-last-node=\"\">Kinder sehen ihre Ergebnisse <strong data-start=\"955\" data-end=\"981\">direkt und unmittelbar<\/strong> auf dem Bildschirm<\/li>\r\n<\/ul>"}]},"_links":{"self":[{"href":"https:\/\/www.medienlb.com\/en\/wp-json\/wp\/v2\/product\/36092","targetHints":{"allow":["GET"]}}],"collection":[{"href":"https:\/\/www.medienlb.com\/en\/wp-json\/wp\/v2\/product"}],"about":[{"href":"https:\/\/www.medienlb.com\/en\/wp-json\/wp\/v2\/types\/product"}],"acf:post":[{"embeddable":true,"href":"https:\/\/www.medienlb.com\/en\/wp-json\/wp\/v2\/product\/36104"}],"wp:featuredmedia":[{"embeddable":true,"href":"https:\/\/www.medienlb.com\/en\/wp-json\/wp\/v2\/media\/36096"}],"wp:attachment":[{"href":"https:\/\/www.medienlb.com\/en\/wp-json\/wp\/v2\/media?parent=36092"}],"wp:term":[{"taxonomy":"product_brand","embeddable":true,"href":"https:\/\/www.medienlb.com\/en\/wp-json\/wp\/v2\/product_brand?post=36092"},{"taxonomy":"product_cat","embeddable":true,"href":"https:\/\/www.medienlb.com\/en\/wp-json\/wp\/v2\/product_cat?post=36092"},{"taxonomy":"product_tag","embeddable":true,"href":"https:\/\/www.medienlb.com\/en\/wp-json\/wp\/v2\/product_tag?post=36092"}],"curies":[{"name":"wp","href":"https:\/\/api.w.org\/{rel}","templated":true}]}}