{"id":36079,"date":"2025-12-15T11:23:15","date_gmt":"2025-12-15T11:23:15","guid":{"rendered":"https:\/\/www.medienlb.com\/?post_type=product&#038;p=36079"},"modified":"2026-01-07T14:13:32","modified_gmt":"2026-01-07T14:13:32","slug":"easi_scope-wireless","status":"publish","type":"product","link":"https:\/\/www.medienlb.com\/en\/produkt\/easi_scope-wireless\/","title":{"rendered":"Easi\u2011Scope \u2013 Wireless"},"content":{"rendered":"<div>\n<div class=\"product--main-body\">\n<div class=\"product--description\">\n<div>\n<div class=\"flex max-w-full flex-col grow\">\n<div class=\"min-h-8 text-message relative flex w-full flex-col items-end gap-2 text-start break-words whitespace-normal [.text-message+&amp;]:mt-1\" dir=\"auto\" data-message-author-role=\"assistant\" data-message-id=\"eea23a5f-a00f-4eeb-8b15-d2efc878ee6b\" data-message-model-slug=\"gpt-5-2\">\n<div class=\"flex w-full flex-col gap-1 empty:hidden first:pt-[1px]\">\n<div class=\"markdown prose dark:prose-invert w-full break-words light markdown-new-styling\">\n<p>Das TTS Easi-Scope Wireless ist ein kabelloses, digitales Mikroskop f\u00fcr den Bildungsbereich. Es erm\u00f6glicht eine einfache, flexible Nutzung im Klassenzimmer und im Au\u00dfeneinsatz und unterst\u00fctzt entdeckendes, handlungsorientiertes Lernen im MINT-Unterricht.<\/p>\n<\/div>\n<\/div>\n<\/div>\n<\/div>\n<hr \/>\n<p data-start=\"833\" data-end=\"1020\">Preis exklusive Versandkosten<\/p>\n<\/div>\n<\/div>\n<\/div>\n<\/div>\n","protected":false},"excerpt":{"rendered":"<p>Das TTS Easi-Scope Wireless ist ein kabelloses, digitales Mikroskop f\u00fcr den Bildungsbereich!<\/p>\n<p>&nbsp;<\/p>\n<p>&nbsp;<\/p>\n","protected":false},"featured_media":36081,"template":"","meta":{"_acf_changed":false},"product_brand":[],"product_cat":[75],"product_tag":[],"class_list":{"0":"post-36079","1":"product","2":"type-product","3":"status-publish","4":"has-post-thumbnail","6":"product_cat-hardware","8":"first","9":"instock","10":"taxable","11":"shipping-taxable","12":"purchasable","13":"product-type-variable"},"acf":{"subtitle":"Digitales Funkmikroskop f\u00fcr Schule & Bildung","article_id":"MS_93","languages":"","thumb_up":false,"cover_image":"","linked_product":34893,"linked_products":null,"banner":{"show":true,"text":"","color":""},"length":"","content_movie":"","learning_goals":"","preview_gif":"","trailer":{"file":"","url":"","image":""},"mediathek_id":"","amount":"","demo_url":"","h5p_demo_id":"","content_interactive":"","hide_numbers":false,"flyer":"","info_columns":[{"heading":"","content":"<strong data-start=\"355\" data-end=\"379\">Wesentliche Merkmale<\/strong>\r\n<ul data-start=\"380\" data-end=\"787\">\r\n \t<li data-start=\"380\" data-end=\"440\"><strong data-start=\"382\" data-end=\"399\">Vergr\u00f6\u00dferung:<\/strong> bis zu 40\u00d7 optisch (bis 43\u00d7 angegeben)<\/li>\r\n \t<li data-start=\"441\" data-end=\"515\"><strong data-start=\"443\" data-end=\"465\">Kabellose Nutzung:<\/strong> Wi-Fi-Verbindung mit bis zu <strong data-start=\"494\" data-end=\"513\">10 m Reichweite<\/strong><\/li>\r\n \t<li data-start=\"516\" data-end=\"573\"><strong data-start=\"518\" data-end=\"537\">Kompatibilit\u00e4t:<\/strong> iOS, Android, Windows, Chromebook<\/li>\r\n \t<li data-start=\"574\" data-end=\"652\"><strong data-start=\"576\" data-end=\"597\">Medienfunktionen:<\/strong> Live-Bild, Fotoaufnahme und <strong data-start=\"626\" data-end=\"650\">HD-Videoaufzeichnung<\/strong><\/li>\r\n \t<li data-start=\"653\" data-end=\"715\"><strong data-start=\"655\" data-end=\"671\">Beleuchtung:<\/strong> integrierte, einstellbare LED-Beleuchtung<\/li>\r\n \t<li data-start=\"716\" data-end=\"787\"><strong data-start=\"718\" data-end=\"740\">Energieversorgung:<\/strong> <strong data-start=\"741\" data-end=\"767\">wiederaufladbarer Akku<\/strong>, mobil einsetzbar<\/li>\r\n<\/ul>"},{"heading":"","content":"<strong data-start=\"789\" data-end=\"812\">Didaktischer Nutzen<\/strong>\r\n<ul data-start=\"813\" data-end=\"1019\" data-is-last-node=\"\" data-is-only-node=\"\">\r\n \t<li data-start=\"813\" data-end=\"876\">F\u00f6rdert <strong data-start=\"823\" data-end=\"842\">hands-on Lernen<\/strong> und wissenschaftliches Arbeiten<\/li>\r\n \t<li data-start=\"877\" data-end=\"952\">Ideal f\u00fcr <strong data-start=\"889\" data-end=\"913\">STEM\/MINT-Unterricht<\/strong>, Projekte und Outdoor-Untersuchungen<\/li>\r\n \t<li data-start=\"953\" data-end=\"1019\" data-is-last-node=\"\">Geeignet f\u00fcr <strong data-start=\"968\" data-end=\"1019\" data-is-last-node=\"\">Klassenzimmer, Labore und Home-Science-Projekte<\/strong><\/li>\r\n<\/ul>"},{"heading":"","content":""}]},"_links":{"self":[{"href":"https:\/\/www.medienlb.com\/en\/wp-json\/wp\/v2\/product\/36079","targetHints":{"allow":["GET"]}}],"collection":[{"href":"https:\/\/www.medienlb.com\/en\/wp-json\/wp\/v2\/product"}],"about":[{"href":"https:\/\/www.medienlb.com\/en\/wp-json\/wp\/v2\/types\/product"}],"acf:post":[{"embeddable":true,"href":"https:\/\/www.medienlb.com\/en\/wp-json\/wp\/v2\/product\/34893"}],"wp:featuredmedia":[{"embeddable":true,"href":"https:\/\/www.medienlb.com\/en\/wp-json\/wp\/v2\/media\/36081"}],"wp:attachment":[{"href":"https:\/\/www.medienlb.com\/en\/wp-json\/wp\/v2\/media?parent=36079"}],"wp:term":[{"taxonomy":"product_brand","embeddable":true,"href":"https:\/\/www.medienlb.com\/en\/wp-json\/wp\/v2\/product_brand?post=36079"},{"taxonomy":"product_cat","embeddable":true,"href":"https:\/\/www.medienlb.com\/en\/wp-json\/wp\/v2\/product_cat?post=36079"},{"taxonomy":"product_tag","embeddable":true,"href":"https:\/\/www.medienlb.com\/en\/wp-json\/wp\/v2\/product_tag?post=36079"}],"curies":[{"name":"wp","href":"https:\/\/api.w.org\/{rel}","templated":true}]}}