{"id":36007,"date":"2025-12-12T07:45:41","date_gmt":"2025-12-12T07:45:41","guid":{"rendered":"https:\/\/www.medienlb.com\/?post_type=product&#038;p=36007"},"modified":"2026-03-20T12:06:55","modified_gmt":"2026-03-20T12:06:55","slug":"piximakey-animation-studio","status":"publish","type":"product","link":"https:\/\/www.medienlb.com\/en\/produkt\/piximakey-animation-studio\/","title":{"rendered":"Piximakey Animation Studio"},"content":{"rendered":"<div>\n<div class=\"product--main-body\">\n<div class=\"product--description\">\n<div>\n<p data-section-id=\"1sqxa95\" data-start=\"200\" data-end=\"248\">Kreativer Einstieg in die Welt der Animation!<br \/>\nMit dem Piximakey Animation Studio k\u00f6nnen Kinder ihre eigenen Geschichten zum Leben erwecken. Das Set bietet alles, was f\u00fcr den Einstieg in die Stop-Motion-Animation ben\u00f6tigt wird \u2013 von der B\u00fchne bis zur Modelliermasse.<\/p>\n<p data-start=\"471\" data-end=\"566\">Ob alleine oder in der Gruppe: Hier entstehen mit Fantasie und Kreativit\u00e4t eigene kleine Filme.<\/p>\n<hr \/>\n<p data-start=\"833\" data-end=\"1020\">Preis exklusive Versandkosten<\/p>\n<\/div>\n<\/div>\n<\/div>\n<\/div>\n","protected":false},"excerpt":{"rendered":"<p>Kreativer Einstieg in die Welt der Animation!<\/p>\n<p>&nbsp;<\/p>\n","protected":false},"featured_media":35940,"template":"","meta":{"_acf_changed":false},"product_brand":[],"product_cat":[75],"product_tag":[],"class_list":{"0":"post-36007","1":"product","2":"type-product","3":"status-publish","4":"has-post-thumbnail","6":"product_cat-hardware","8":"first","9":"instock","10":"taxable","11":"shipping-taxable","12":"purchasable","13":"product-type-variable"},"acf":{"subtitle":"Stop-Motion leicht gemacht ","article_id":"MS_85","languages":"","thumb_up":false,"cover_image":"","linked_product":34893,"linked_products":null,"banner":{"show":true,"text":"","color":""},"length":"","content_movie":"","learning_goals":"","preview_gif":"","trailer":{"file":"","url":"","image":""},"mediathek_id":"","amount":"","demo_url":"","h5p_demo_id":"","content_interactive":"","hide_numbers":false,"flyer":"","info_columns":[{"heading":"","content":"<p data-section-id=\"1hbwxwu\" data-start=\"573\" data-end=\"605\"><strong>Was macht das Set besonders?<\/strong><\/p>\r\n\r\n<ul data-start=\"607\" data-end=\"874\">\r\n \t<li data-section-id=\"1doyg50\" data-start=\"607\" data-end=\"682\">F\u00f6rdert Kreativit\u00e4t durch eigenes Gestalten von Figuren und Geschichten<\/li>\r\n \t<li data-section-id=\"12qyxrj\" data-start=\"683\" data-end=\"754\">Unterst\u00fctzt einen aktiven und bewussten Umgang mit digitalen Medien<\/li>\r\n \t<li data-section-id=\"9h3ool\" data-start=\"755\" data-end=\"812\">Ideal f\u00fcr Gruppenarbeiten und Workshops im Makerspace<\/li>\r\n \t<li data-section-id=\"hmlss7\" data-start=\"813\" data-end=\"874\">Einfacher Einstieg in Stop-Motion mit unterst\u00fctzender App<\/li>\r\n<\/ul>\r\n\r\n<hr data-start=\"876\" data-end=\"879\" \/>\r\n<p data-section-id=\"1caz3o3\" data-start=\"881\" data-end=\"900\"><strong>Inhalt des Sets<\/strong><\/p>\r\n\r\n<ul data-start=\"902\" data-end=\"1183\">\r\n \t<li data-section-id=\"1tkn0ko\" data-start=\"902\" data-end=\"941\">1 Holzkoffer mit integrierter B\u00fchne<\/li>\r\n \t<li data-section-id=\"1whhpjd\" data-start=\"942\" data-end=\"988\">2 Hintergr\u00fcnde (Dunkellila und Himmelblau)<\/li>\r\n \t<li data-section-id=\"15uyi3a\" data-start=\"989\" data-end=\"1034\">5 Dosen Animations-Knete in Profiqualit\u00e4t<\/li>\r\n \t<li data-section-id=\"1i1d6lb\" data-start=\"1035\" data-end=\"1099\">1 gro\u00dfer Holzst\u00e4nder (Draufsicht f\u00fcr Smartphone oder Tablet)<\/li>\r\n \t<li data-section-id=\"q4k3it\" data-start=\"1100\" data-end=\"1167\">1 kleiner Holzst\u00e4nder (Frontansicht f\u00fcr Smartphone oder Tablet)<\/li>\r\n \t<li data-section-id=\"fniue6\" data-start=\"1168\" data-end=\"1183\">1 Anleitung<\/li>\r\n<\/ul>"},{"heading":"","content":"https:\/\/youtu.be\/jpzyuF1YON0\r\n<p data-section-id=\"1513kh8\" data-start=\"1190\" data-end=\"1212\"><strong>So funktioniert es<\/strong><\/p>\r\n\r\n<ol data-start=\"1214\" data-end=\"1458\">\r\n \t<li data-section-id=\"1uy9wj8\" data-start=\"1214\" data-end=\"1247\">Szene im Holzkoffer aufbauen<\/li>\r\n \t<li data-section-id=\"8s6p3w\" data-start=\"1248\" data-end=\"1280\">Figuren aus Knete gestalten<\/li>\r\n \t<li data-section-id=\"bmldsj\" data-start=\"1281\" data-end=\"1328\">Smartphone oder Tablet im St\u00e4nder fixieren<\/li>\r\n \t<li data-section-id=\"1yspsqs\" data-start=\"1329\" data-end=\"1371\">Mit der App einzelne Bilder aufnehmen<\/li>\r\n \t<li data-section-id=\"1v3g0x9\" data-start=\"1372\" data-end=\"1405\">Figuren schrittweise bewegen<\/li>\r\n \t<li data-section-id=\"j0i9tp\" data-start=\"1406\" data-end=\"1458\">Die Bilder werden zu einem Film zusammengesetzt<\/li>\r\n<\/ol>"},{"heading":"","content":"<p data-section-id=\"1ckjloc\" data-start=\"1465\" data-end=\"1486\"><strong>Die Piximakey App<\/strong><\/p>\r\n<p data-start=\"1488\" data-end=\"1725\">Die kostenlose Piximakey App unterst\u00fctzt den gesamten Prozess und erm\u00f6glicht einen einfachen Einstieg in die Filmproduktion. Sie ist f\u00fcr iOS- und Android-Ger\u00e4te verf\u00fcgbar und so gestaltet, dass Kinder selbstst\u00e4ndig damit arbeiten k\u00f6nnen.<\/p>\r\n\r\n\r\n<hr data-start=\"1727\" data-end=\"1730\" \/>\r\n<p data-section-id=\"1s30oa0\" data-start=\"1732\" data-end=\"1757\"><strong>Einsatz im Makerspace<\/strong><\/p>\r\n<p data-start=\"1759\" data-end=\"1939\">Das Set eignet sich besonders f\u00fcr Workshops, Ferienprogramme und kreative Gruppenangebote. Kinder k\u00f6nnen eigene Geschichten entwickeln, umsetzen und am Ende gemeinsam pr\u00e4sentieren.<\/p>\r\n\r\n\r\n<hr data-start=\"1941\" data-end=\"1944\" \/>\r\n<p data-section-id=\"1lilm30\" data-start=\"1946\" data-end=\"1959\"><strong>Lernziele<\/strong><\/p>\r\n\r\n<ul data-start=\"1961\" data-end=\"2156\">\r\n \t<li data-section-id=\"1u9ynfw\" data-start=\"1961\" data-end=\"2018\">F\u00f6rderung von Kreativit\u00e4t und Probleml\u00f6sungsf\u00e4higkeit<\/li>\r\n \t<li data-section-id=\"1572r6y\" data-start=\"2019\" data-end=\"2051\">St\u00e4rkung der Medienkompetenz<\/li>\r\n \t<li data-section-id=\"au5ap9\" data-start=\"2052\" data-end=\"2106\">Entwicklung von Teamarbeit und Planungsf\u00e4higkeiten<\/li>\r\n \t<li data-section-id=\"1hpny9e\" data-start=\"2107\" data-end=\"2156\">Einf\u00fchrung in Storytelling und Filmgestaltung<\/li>\r\n<\/ul>"}]},"_links":{"self":[{"href":"https:\/\/www.medienlb.com\/en\/wp-json\/wp\/v2\/product\/36007","targetHints":{"allow":["GET"]}}],"collection":[{"href":"https:\/\/www.medienlb.com\/en\/wp-json\/wp\/v2\/product"}],"about":[{"href":"https:\/\/www.medienlb.com\/en\/wp-json\/wp\/v2\/types\/product"}],"acf:post":[{"embeddable":true,"href":"https:\/\/www.medienlb.com\/en\/wp-json\/wp\/v2\/product\/34893"}],"wp:featuredmedia":[{"embeddable":true,"href":"https:\/\/www.medienlb.com\/en\/wp-json\/wp\/v2\/media\/35940"}],"wp:attachment":[{"href":"https:\/\/www.medienlb.com\/en\/wp-json\/wp\/v2\/media?parent=36007"}],"wp:term":[{"taxonomy":"product_brand","embeddable":true,"href":"https:\/\/www.medienlb.com\/en\/wp-json\/wp\/v2\/product_brand?post=36007"},{"taxonomy":"product_cat","embeddable":true,"href":"https:\/\/www.medienlb.com\/en\/wp-json\/wp\/v2\/product_cat?post=36007"},{"taxonomy":"product_tag","embeddable":true,"href":"https:\/\/www.medienlb.com\/en\/wp-json\/wp\/v2\/product_tag?post=36007"}],"curies":[{"name":"wp","href":"https:\/\/api.w.org\/{rel}","templated":true}]}}