{"id":35978,"date":"2025-12-11T18:37:16","date_gmt":"2025-12-11T18:37:16","guid":{"rendered":"https:\/\/www.medienlb.com\/?post_type=product&#038;p=35978"},"modified":"2026-03-08T14:50:32","modified_gmt":"2026-03-08T14:50:32","slug":"curiscope-t-shirt-mit-augmented-reality","status":"publish","type":"product","link":"https:\/\/www.medienlb.com\/en\/produkt\/curiscope-t-shirt-mit-augmented-reality\/","title":{"rendered":"Curiscope \u2013 Virtuali-tee T-Shirt"},"content":{"rendered":"<div class=\"product--main-body\">\n<div class=\"product--description\">\n<p>Curiscope bringt Naturwissenschaften zum Leben, indem es Anatomie und biologische Prozesse mit beeindruckender Augmented Reality direkt erfahrbar macht. Mit dem Virtual\u2011tee k\u00f6nnen Sch\u00fclerinnen und Sch\u00fcler den menschlichen K\u00f6rper in 3D erkunden und Organe, Systeme und Funktionen aus n\u00e4chster N\u00e4he betrachten. Die Kombination aus 3D\u2011Modellen, Animationen und Voice\u2011over\u2011Erkl\u00e4rungen macht komplexe Inhalte sofort verst\u00e4ndlich. Die neue Curiscope\u2011App vereint alle AR\u2011Erlebnisse in einer einzigen Anwendung und erm\u00f6glicht einen besonders einfachen Einstieg. Durch intuitive Visualisierungen wird Lernen motivierend, aktiv und nachhaltig. Das Virtual\u2011Tee eignet sich ideal f\u00fcr Biologie\u2011 und Naturwissenschaftsunterricht und steigert die Lernmotivation sp\u00fcrbar. Dank klarer Schritt\u2011f\u00fcr\u2011Schritt\u2011Anleitung ist das System schnell einsatzbereit und leicht zu bedienen. So entsteht ein immersives Lernerlebnis, das Neugier weckt und Unterricht modern und interaktiv gestaltet.<\/p>\n<hr \/>\n<p data-start=\"833\" data-end=\"1020\">Preis exklusive Versandkosten<\/p>\n<table width=\"216\">\n<tbody>\n<tr>\n<td width=\"122\">Youth size: S<\/td>\n<td width=\"94\">\u00a05 &#8211; 6 years<\/td>\n<\/tr>\n<tr>\n<td>Youth size: M<\/td>\n<td>7 &#8211; 8 years<\/td>\n<\/tr>\n<tr>\n<td>Youth size: L<\/td>\n<td>9 &#8211; 11 years<\/td>\n<\/tr>\n<tr>\n<td>Youth size: XL<\/td>\n<td>12 -14 years<\/td>\n<\/tr>\n<tr>\n<td><\/td>\n<td><\/td>\n<\/tr>\n<tr>\n<td>Adult size: S<\/td>\n<td><\/td>\n<\/tr>\n<tr>\n<td>Adult size: M<\/td>\n<td><\/td>\n<\/tr>\n<tr>\n<td>Adult size: L<\/td>\n<td><\/td>\n<\/tr>\n<tr>\n<td>Adult size: XL<\/td>\n<td><\/td>\n<\/tr>\n<tr>\n<td>Adult size: XXL<\/td>\n<td><\/td>\n<\/tr>\n<\/tbody>\n<\/table>\n<\/div>\n<\/div>\n","protected":false},"excerpt":{"rendered":"<p>Virtuali-tee T-Shirt mit Augmented Reality<\/p>\n<p>&nbsp;<\/p>\n","protected":false},"featured_media":35980,"template":"","meta":{"_acf_changed":false},"product_brand":[],"product_cat":[75],"product_tag":[],"class_list":{"0":"post-35978","1":"product","2":"type-product","3":"status-publish","4":"has-post-thumbnail","6":"product_cat-hardware","8":"first","9":"instock","10":"taxable","11":"shipping-taxable","12":"purchasable","13":"product-type-variable"},"acf":{"subtitle":"mit Augmented Reality","article_id":"MS_90","languages":"","thumb_up":false,"cover_image":"","linked_product":35604,"linked_products":null,"banner":{"show":true,"text":"","color":""},"length":"","content_movie":"","learning_goals":"","preview_gif":"","trailer":{"file":"","url":"","image":""},"mediathek_id":"","amount":"","demo_url":"","h5p_demo_id":"","content_interactive":"","hide_numbers":false,"flyer":"","info_columns":[{"heading":"","content":"<strong>Hauptmerkmale T-Shirt<\/strong>\r\n<ul>\r\n \t<li>100 % Baumwolle, Fair Wear, GOTS, PETA\u2011approved vegan<\/li>\r\n \t<li>App in mehreren Sprachen (u.\u202fa. Deutsch, Englisch, Spanisch)<\/li>\r\n \t<li>360\u00b0\u2011Anatomie\u2011Erlebnis mit 3D\u2011Modellen und VR\u2011Videos<\/li>\r\n \t<li>Herzfrequenz\u2011Tracker integriert<\/li>\r\n \t<li>Kompatibel mit iOS und Android<\/li>\r\n<\/ul>"},{"heading":"","content":"<strong>Funktionen der Curiscope-App<\/strong>\r\n<ul>\r\n \t<li>Eine App f\u00fcr alle AR\u2011Erlebnisse<\/li>\r\n \t<li>Interaktive Anatomie\u2011Visualisierungen in Echtzeit<\/li>\r\n \t<li>Voice\u2011over\u2011Erkl\u00e4rungen f\u00fcr verst\u00e4ndliche Wissensvermittlung<\/li>\r\n \t<li>Einfache Aktivierung per Code aus der Verpackung<\/li>\r\n \t<li>Ideal f\u00fcr Unterricht, Lernr\u00e4ume und Zuhause<\/li>\r\n<\/ul>\r\n<div><\/div>"},{"heading":"","content":"<strong>P\u00e4dagogischer Mehrwert<\/strong>\r\n<ul>\r\n \t<li>Macht abstrakte biologische Inhalte anschaulich und greifbar<\/li>\r\n \t<li>F\u00f6rdert Motivation, Neugier und aktives Lernen<\/li>\r\n \t<li>Unterst\u00fctzt visuelle und kin\u00e4sthetische Lernstile<\/li>\r\n \t<li>Perfekt f\u00fcr MINT\u2011F\u00e4cher, besonders Biologie<\/li>\r\n \t<li>Schnell einsatzbereit und intuitiv bedienbar<\/li>\r\n<\/ul>"}]},"_links":{"self":[{"href":"https:\/\/www.medienlb.com\/en\/wp-json\/wp\/v2\/product\/35978","targetHints":{"allow":["GET"]}}],"collection":[{"href":"https:\/\/www.medienlb.com\/en\/wp-json\/wp\/v2\/product"}],"about":[{"href":"https:\/\/www.medienlb.com\/en\/wp-json\/wp\/v2\/types\/product"}],"acf:post":[{"embeddable":true,"href":"https:\/\/www.medienlb.com\/en\/wp-json\/wp\/v2\/product\/35604"}],"wp:featuredmedia":[{"embeddable":true,"href":"https:\/\/www.medienlb.com\/en\/wp-json\/wp\/v2\/media\/35980"}],"wp:attachment":[{"href":"https:\/\/www.medienlb.com\/en\/wp-json\/wp\/v2\/media?parent=35978"}],"wp:term":[{"taxonomy":"product_brand","embeddable":true,"href":"https:\/\/www.medienlb.com\/en\/wp-json\/wp\/v2\/product_brand?post=35978"},{"taxonomy":"product_cat","embeddable":true,"href":"https:\/\/www.medienlb.com\/en\/wp-json\/wp\/v2\/product_cat?post=35978"},{"taxonomy":"product_tag","embeddable":true,"href":"https:\/\/www.medienlb.com\/en\/wp-json\/wp\/v2\/product_tag?post=35978"}],"curies":[{"name":"wp","href":"https:\/\/api.w.org\/{rel}","templated":true}]}}