{"id":35927,"date":"2025-12-10T20:17:32","date_gmt":"2025-12-10T20:17:32","guid":{"rendered":"https:\/\/www.medienlb.com\/?post_type=product&#038;p=35927"},"modified":"2026-04-01T16:42:57","modified_gmt":"2026-04-01T16:42:57","slug":"sphero-rvr","status":"publish","type":"product","link":"https:\/\/www.medienlb.com\/en\/produkt\/sphero-rvr\/","title":{"rendered":"Sphero RVR+"},"content":{"rendered":"<div>\n<div class=\"product--main-body\">\n<div class=\"product--description\">\n<div>\n<p data-start=\"322\" data-end=\"940\">Der <strong data-start=\"326\" data-end=\"341\">Sphero RVR+<\/strong> von <span class=\"hover:entity-accent entity-underline inline cursor-pointer align-baseline\"><span class=\"whitespace-normal\">Sphero<\/span><\/span> ist ein leistungsstarker, voll programmierbarer Roboter f\u00fcr den Einsatz in Schule, Makerspace und Projektarbeit.<br data-start=\"496\" data-end=\"499\" \/>Dank umfangreicher Sensorik, robuster Bauweise und hoher Geschwindigkeit eignet er sich sowohl f\u00fcr Einsteiger als auch f\u00fcr fortgeschrittene Lernende.<br data-start=\"648\" data-end=\"651\" \/>Besonders hervorzuheben ist die offene Architektur: Der RVR+ l\u00e4sst sich mit Systemen wie Raspberry Pi, Arduino oder micro:bit erweitern und wird so zur echten Entwicklungsplattform.<br data-start=\"832\" data-end=\"835\" \/>Ideal f\u00fcr praxisnahe Robotik, Informatik und interdisziplin\u00e4re MINT-Projekte bis in die Sekundarstufe II.<\/p>\n<hr \/>\n<p data-start=\"322\" data-end=\"940\">Preis exklusive Versandkosten<\/p>\n<\/div>\n<\/div>\n<\/div>\n<\/div>\n","protected":false},"excerpt":{"rendered":"<p>Die offene Robotik-Plattform f\u00fcr anspruchsvollen MINT-U<strong data-start=\"252\" data-end=\"320\">nterricht<\/strong><\/p>\n<p>&nbsp;<\/p>\n","protected":false},"featured_media":35925,"template":"","meta":{"_acf_changed":false},"product_brand":[],"product_cat":[75],"product_tag":[],"class_list":{"0":"post-35927","1":"product","2":"type-product","3":"status-publish","4":"has-post-thumbnail","6":"product_cat-hardware","8":"first","9":"instock","10":"taxable","11":"shipping-taxable","12":"purchasable","13":"product-type-variable"},"acf":{"subtitle":"Programmierbarer All-Terrain Roboter","article_id":"MS_82","languages":"","thumb_up":false,"cover_image":"","linked_product":34893,"linked_products":[{"product":36422},{"product":20516},{"product":34908}],"banner":{"show":true,"text":"","color":""},"length":"","content_movie":"","learning_goals":"","preview_gif":"","trailer":{"file":"","url":"","image":""},"mediathek_id":"","amount":"","demo_url":"","h5p_demo_id":"","content_interactive":"","hide_numbers":false,"flyer":"","info_columns":[{"heading":"","content":"<p data-section-id=\"1s4g54r\" data-start=\"947\" data-end=\"978\"><span role=\"text\"><strong data-start=\"950\" data-end=\"978\">Technik &amp; Performance<\/strong><\/span><\/p>\r\n\r\n<ul data-start=\"980\" data-end=\"1355\">\r\n \t<li data-section-id=\"mybesj\" data-start=\"980\" data-end=\"1042\">All-Terrain-Fahrwerk mit hoher Traktion (Hypergrip-Ketten)<\/li>\r\n \t<li data-section-id=\"10635s7\" data-start=\"1043\" data-end=\"1079\">Geschwindigkeit bis ca. 7,2 km\/h<\/li>\r\n \t<li data-section-id=\"uzrvho\" data-start=\"1080\" data-end=\"1139\">Pr\u00e4zises Fahrverhalten durch Encoder und Antriebssystem<\/li>\r\n \t<li data-section-id=\"1mow9v0\" data-start=\"1140\" data-end=\"1174\">Akkulaufzeit: bis zu 2 Stunden<\/li>\r\n \t<li data-section-id=\"1eszgjl\" data-start=\"1175\" data-end=\"1313\">Sensorik:\r\n<ul data-start=\"1191\" data-end=\"1313\">\r\n \t<li data-section-id=\"fenjwf\" data-start=\"1191\" data-end=\"1211\">Farbsensor (RGB)<\/li>\r\n \t<li data-section-id=\"1tm90r7\" data-start=\"1214\" data-end=\"1238\">Umgebungslichtsensor<\/li>\r\n \t<li data-section-id=\"zgqk3\" data-start=\"1241\" data-end=\"1253\">Infrarot<\/li>\r\n \t<li data-section-id=\"8xylvc\" data-start=\"1256\" data-end=\"1313\">9-Achsen-IMU (Gyroskop, Beschleunigung, Magnetometer)<\/li>\r\n<\/ul>\r\n<\/li>\r\n \t<li data-section-id=\"12dilbu\" data-start=\"1314\" data-end=\"1355\">Bluetooth- und Infrarot-Kommunikation<\/li>\r\n<\/ul>\r\n\r\n<hr data-start=\"1357\" data-end=\"1360\" \/>\r\n\r\n<span role=\"text\"><strong data-start=\"1365\" data-end=\"1404\">Programmierung &amp; Erweiterbarkeit<\/strong><\/span>\r\n<ul data-start=\"1406\" data-end=\"1837\">\r\n \t<li data-section-id=\"1smd85b\" data-start=\"1406\" data-end=\"1554\">Programmierung \u00fcber Sphero Edu App:\r\n<ul data-start=\"1448\" data-end=\"1554\">\r\n \t<li data-section-id=\"of2vm0\" data-start=\"1448\" data-end=\"1473\">Zeichnen (Einsteiger)<\/li>\r\n \t<li data-section-id=\"zhalyo\" data-start=\"1476\" data-end=\"1517\">Blockprogrammierung (Scratch-basiert)<\/li>\r\n \t<li data-section-id=\"ee3zym\" data-start=\"1520\" data-end=\"1554\">Textbasiert (JavaScript \/ SDK)<\/li>\r\n<\/ul>\r\n<\/li>\r\n \t<li data-section-id=\"gufnfn\" data-start=\"1555\" data-end=\"1606\">UART-Schnittstelle (4-Pin) f\u00fcr externe Hardware<\/li>\r\n \t<li data-section-id=\"yvd0f2\" data-start=\"1607\" data-end=\"1703\">Kompatibel mit:\r\n<ul data-start=\"1629\" data-end=\"1703\">\r\n \t<li data-section-id=\"1sgd96n\" data-start=\"1629\" data-end=\"1645\">Raspberry Pi<\/li>\r\n \t<li data-section-id=\"dbmalw\" data-start=\"1648\" data-end=\"1665\">BBC micro:bit<\/li>\r\n \t<li data-section-id=\"qinmo2\" data-start=\"1668\" data-end=\"1679\">Arduino<\/li>\r\n \t<li data-section-id=\"1vdeimz\" data-start=\"1682\" data-end=\"1703\">Sphero littleBits<\/li>\r\n<\/ul>\r\n<\/li>\r\n \t<li data-section-id=\"1oxyt9s\" data-start=\"1704\" data-end=\"1768\">Stromversorgung externer Komponenten direkt \u00fcber den Roboter<\/li>\r\n \t<li data-section-id=\"y75ldq\" data-start=\"1769\" data-end=\"1837\">Ideal f\u00fcr autonome Systeme, Sensorik-Projekte und KI-Anwendungen<\/li>\r\n<\/ul>"},{"heading":"","content":"https:\/\/youtu.be\/MPpxY-Wx9Ys\r\n\r\nhttps:\/\/youtu.be\/GZq8JEvuGEg"},{"heading":"","content":"<p data-section-id=\"3r5d2k\" data-start=\"1844\" data-end=\"1875\"><span role=\"text\"><strong data-start=\"1847\" data-end=\"1875\">Einsatz im Unterricht<\/strong><\/span><\/p>\r\n\r\n<ul>\r\n \t<li>Projektorientierter Robotik- und Informatikunterricht<\/li>\r\n \t<li>Entwicklung autonomer Fahrzeuge und Systeme<\/li>\r\n \t<li>Experimente mit Sensorik, Daten und Umweltmessung<\/li>\r\n \t<li>F\u00f6rderung von Probleml\u00f6sung, Kreativit\u00e4t und Teamarbeit<\/li>\r\n \t<li>Geeignet f\u00fcr SEK I und SEK II sowie AGs und Makerspaces<\/li>\r\n \t<li>Differenzierbar vom Einstieg bis zu komplexen Coding-Projekten<\/li>\r\n<\/ul>\r\n\r\n<hr data-start=\"2225\" data-end=\"2228\" \/>\r\n<p data-section-id=\"yg6a61\" data-start=\"2230\" data-end=\"2252\"><span role=\"text\"><strong data-start=\"2233\" data-end=\"2252\">\ud83d\udce6 Lieferumfang<\/strong><\/span><\/p>\r\n<p data-start=\"2254\" data-end=\"2270\"><strong data-start=\"2254\" data-end=\"2270\">Einzelger\u00e4t:<\/strong><\/p>\r\n\r\n<ul data-start=\"2272\" data-end=\"2567\">\r\n \t<li data-section-id=\"1mw9wxw\" data-start=\"2272\" data-end=\"2297\">1 Sphero RVR+ Roboter<\/li>\r\n \t<li data-section-id=\"1rv405g\" data-start=\"2298\" data-end=\"2328\">Abnehmbare Schutzabdeckung<\/li>\r\n \t<li data-section-id=\"1omu6b6\" data-start=\"2329\" data-end=\"2357\">Abnehmbare Montageplatte<\/li>\r\n \t<li data-section-id=\"6g51e8\" data-start=\"2358\" data-end=\"2387\">Abnehmbarer \u00dcberrollk\u00e4fig<\/li>\r\n \t<li data-section-id=\"vyemvc\" data-start=\"2388\" data-end=\"2427\">Wiederaufladbarer Akku (entnehmbar)<\/li>\r\n \t<li data-section-id=\"195hou5\" data-start=\"2428\" data-end=\"2453\">Batteriefachschl\u00fcssel<\/li>\r\n \t<li data-section-id=\"1fujdvn\" data-start=\"2454\" data-end=\"2486\">4-Pin UART-Erweiterungsboard<\/li>\r\n \t<li data-section-id=\"vm4f35\" data-start=\"2487\" data-end=\"2516\">USB-A-Ladekabel (5V\/2.1A)<\/li>\r\n \t<li data-section-id=\"e8tki3\" data-start=\"2517\" data-end=\"2567\">Farbkarten f\u00fcr Programmier- und Sensorprojekte<\/li>\r\n<\/ul>\r\n<p data-start=\"2569\" data-end=\"2646\"><strong data-start=\"2569\" data-end=\"2644\">Optional als Klassensatz erh\u00e4ltlich (z. B. 6er-, 12er- oder 18er-Sets):<\/strong><\/p>\r\n\r\n<ul data-start=\"2647\" data-end=\"2779\">\r\n \t<li data-section-id=\"1gjdf3g\" data-start=\"2647\" data-end=\"2685\">Mehrere RVR+ Roboter inkl. Zubeh\u00f6r<\/li>\r\n \t<li data-section-id=\"1x08ez4\" data-start=\"2686\" data-end=\"2725\">Lehrmaterialien und Einstiegshilfen<\/li>\r\n \t<li data-section-id=\"1xuhmyh\" data-start=\"2726\" data-end=\"2779\">Optimiert f\u00fcr Gruppenarbeit und Projektunterricht<\/li>\r\n<\/ul>\r\n\r\n<hr data-start=\"2781\" data-end=\"2784\" \/>\r\n<p data-section-id=\"feu9mb\" data-start=\"2786\" data-end=\"2822\"><span role=\"text\"><strong data-start=\"2791\" data-end=\"2822\">Fazit<\/strong><\/span><\/p>\r\nHigh-End Robotikplattform f\u00fcr Schule &amp; Makerspace<br data-start=\"2880\" data-end=\"2883\" \/>Vom Einstieg bis zu echten Entwicklungsprojekten skalierbar<br data-start=\"2949\" data-end=\"2952\" \/>Perfekt f\u00fcr anspruchsvolle MINT- und Coding-Projekte"}]},"_links":{"self":[{"href":"https:\/\/www.medienlb.com\/en\/wp-json\/wp\/v2\/product\/35927","targetHints":{"allow":["GET"]}}],"collection":[{"href":"https:\/\/www.medienlb.com\/en\/wp-json\/wp\/v2\/product"}],"about":[{"href":"https:\/\/www.medienlb.com\/en\/wp-json\/wp\/v2\/types\/product"}],"acf:post":[{"embeddable":true,"href":"https:\/\/www.medienlb.com\/en\/wp-json\/wp\/v2\/product\/34893"}],"wp:featuredmedia":[{"embeddable":true,"href":"https:\/\/www.medienlb.com\/en\/wp-json\/wp\/v2\/media\/35925"}],"wp:attachment":[{"href":"https:\/\/www.medienlb.com\/en\/wp-json\/wp\/v2\/media?parent=35927"}],"wp:term":[{"taxonomy":"product_brand","embeddable":true,"href":"https:\/\/www.medienlb.com\/en\/wp-json\/wp\/v2\/product_brand?post=35927"},{"taxonomy":"product_cat","embeddable":true,"href":"https:\/\/www.medienlb.com\/en\/wp-json\/wp\/v2\/product_cat?post=35927"},{"taxonomy":"product_tag","embeddable":true,"href":"https:\/\/www.medienlb.com\/en\/wp-json\/wp\/v2\/product_tag?post=35927"}],"curies":[{"name":"wp","href":"https:\/\/api.w.org\/{rel}","templated":true}]}}