{"id":35919,"date":"2025-12-10T20:08:15","date_gmt":"2025-12-10T20:08:15","guid":{"rendered":"https:\/\/www.medienlb.com\/?post_type=product&#038;p=35919"},"modified":"2026-04-01T13:37:25","modified_gmt":"2026-04-01T13:37:25","slug":"sphero-mini","status":"publish","type":"product","link":"https:\/\/www.medienlb.com\/en\/produkt\/sphero-mini\/","title":{"rendered":"Sphero Mini &#8211; Activity Kit"},"content":{"rendered":"<div>\n<div class=\"product--main-body\">\n<div class=\"product--description\">\n<div>\n<p data-start=\"292\" data-end=\"849\">Das <strong data-start=\"296\" data-end=\"324\">Sphero Mini Activity Kit<\/strong> von <span class=\"hover:entity-accent entity-underline inline cursor-pointer align-baseline\"><span class=\"whitespace-normal\">Sphero<\/span><\/span> bietet einen motivierenden Einstieg in die Welt der Robotik und Programmierung.<br data-start=\"446\" data-end=\"449\" \/>Der kompakte Roboterball wird \u00fcber Apps gesteuert und programmiert und erm\u00f6glicht einen schrittweisen Zugang von einfacher Steuerung bis hin zu textbasierter Programmierung.<br data-start=\"622\" data-end=\"625\" \/>Mit Aktivit\u00e4tskarten und Bauset lassen sich direkt im Unterricht Parcours, Experimente und Aufgaben umsetzen.<br data-start=\"734\" data-end=\"737\" \/>Das Kit eignet sich ideal f\u00fcr MINT-Unterricht, projektorientiertes Lernen und erste algorithmische Denkprozesse.<\/p>\n<hr \/>\n<p data-start=\"833\" data-end=\"1020\">Preis exklusive Versandkosten<\/p>\n<\/div>\n<\/div>\n<\/div>\n<\/div>\n","protected":false},"excerpt":{"rendered":"<p data-section-id=\"uft4p9\" data-start=\"205\" data-end=\"237\"><strong><span role=\"text\">Sphero Mini\u00a0<\/span><\/strong> &#8211;\u00a0Kompakter Einstieg in Robotik und Programmierung<\/p>\n<p>&nbsp;<\/p>\n","protected":false},"featured_media":37327,"template":"","meta":{"_acf_changed":false},"product_brand":[],"product_cat":[75],"product_tag":[],"class_list":{"0":"post-35919","1":"product","2":"type-product","3":"status-publish","4":"has-post-thumbnail","6":"product_cat-hardware","8":"first","9":"instock","10":"taxable","11":"shipping-taxable","12":"purchasable","13":"product-type-variable"},"acf":{"subtitle":"Education Kit","article_id":"MS_81","languages":"","thumb_up":false,"cover_image":"","linked_product":34893,"linked_products":null,"banner":{"show":true,"text":"","color":""},"length":"","content_movie":"","learning_goals":"","preview_gif":"","trailer":{"file":"","url":"","image":""},"mediathek_id":"","amount":"","demo_url":"","h5p_demo_id":"","content_interactive":"","hide_numbers":false,"flyer":"","info_columns":[{"heading":"Kompakter Einstieg in Robotik und Programmierung","content":"<strong><span role=\"text\">Technik &amp; Funktionen<\/span><\/strong>\r\n<ul data-start=\"888\" data-end=\"1153\">\r\n \t<li data-section-id=\"1ltf53p\" data-start=\"888\" data-end=\"941\">Programmierbarer Roboter (Gr\u00f6\u00dfe: Tischtennisball)<\/li>\r\n \t<li data-section-id=\"1c1tmfj\" data-start=\"942\" data-end=\"975\">Geschwindigkeit bis ca. 1 m\/s<\/li>\r\n \t<li data-section-id=\"ijighd\" data-start=\"976\" data-end=\"1022\">Bluetooth-Verbindung (Reichweite ca. 10 m)<\/li>\r\n \t<li data-section-id=\"1oyq2ei\" data-start=\"1023\" data-end=\"1083\">Sensorik: Gyroskop, Beschleunigungssensor, Motor-Encoder<\/li>\r\n \t<li data-section-id=\"qi5car\" data-start=\"1084\" data-end=\"1119\">Programmierbare LED-Beleuchtung<\/li>\r\n \t<li data-section-id=\"xxnwgv\" data-start=\"1120\" data-end=\"1153\">Robustes Polycarbonat-Geh\u00e4use<\/li>\r\n<\/ul>\r\n\r\n<hr data-start=\"1155\" data-end=\"1158\" \/>\r\n<p data-section-id=\"120agvg\" data-start=\"1160\" data-end=\"1191\"><strong><span role=\"text\">Programmierung &amp; Apps<\/span><\/strong><\/p>\r\n\r\n<ul data-start=\"1193\" data-end=\"1566\">\r\n \t<li data-section-id=\"1ssm26o\" data-start=\"1193\" data-end=\"1259\">Steuerung \u00fcber kostenlose Apps (iOS, Android, Windows, Chrome)<\/li>\r\n \t<li data-section-id=\"xteij0\" data-start=\"1260\" data-end=\"1333\">Sphero Play App: Steuerung per Joystick, Neigung, Gesicht oder Stimme<\/li>\r\n \t<li data-section-id=\"li6jsc\" data-start=\"1334\" data-end=\"1508\">Sphero Edu App:\r\n<ul data-start=\"1356\" data-end=\"1508\">\r\n \t<li data-section-id=\"1bh837e\" data-start=\"1356\" data-end=\"1396\">Zeichnen von Bewegungen (Einsteiger)<\/li>\r\n \t<li data-section-id=\"xpdpb9\" data-start=\"1399\" data-end=\"1431\">Blockbasierte Programmierung<\/li>\r\n \t<li data-section-id=\"1hso0ko\" data-start=\"1434\" data-end=\"1508\">Textbasierte Programmierung (JavaScript \/ Einstieg in Python-Konzepte)<\/li>\r\n<\/ul>\r\n<\/li>\r\n \t<li data-section-id=\"ym2szb\" data-start=\"1509\" data-end=\"1566\">\u00dcber 1.000 Unterrichtsideen und Aktivit\u00e4ten verf\u00fcgbar<\/li>\r\n<\/ul>"},{"heading":"","content":"https:\/\/youtu.be\/DxFNCRYbMe4\r\n<p data-section-id=\"3r5d2k\" data-start=\"1573\" data-end=\"1604\"><span role=\"text\"><strong data-start=\"1576\" data-end=\"1604\">Einsatz im Unterricht<\/strong><\/span><\/p>\r\n\r\n<ul data-start=\"1606\" data-end=\"1952\">\r\n \t<li data-section-id=\"1ca0eir\" data-start=\"1606\" data-end=\"1648\">Einstieg in Programmierung und Robotik<\/li>\r\n \t<li data-section-id=\"1tm31sx\" data-start=\"1649\" data-end=\"1708\">F\u00f6rderung von logischem Denken und Probleml\u00f6sekompetenz<\/li>\r\n \t<li data-section-id=\"1ye7ag4\" data-start=\"1709\" data-end=\"1776\">Ideal f\u00fcr Parcours, Wettbewerbe und kreative Aufgabenstellungen<\/li>\r\n \t<li data-section-id=\"37ukgn\" data-start=\"1777\" data-end=\"1841\">Einsetzbar in Informatik, Mathematik und Naturwissenschaften<\/li>\r\n \t<li data-section-id=\"1vji6ix\" data-start=\"1842\" data-end=\"1906\">Geeignet f\u00fcr Einzelarbeit, Partnerarbeit und Gruppenprojekte<\/li>\r\n \t<li data-section-id=\"1eo8aoz\" data-start=\"1907\" data-end=\"1952\">Verbindung von Bewegung, Spiel und Lernen<\/li>\r\n<\/ul>"},{"heading":"","content":"<p data-section-id=\"yg6a61\" data-start=\"1959\" data-end=\"1981\"><span role=\"text\"><strong data-start=\"1962\" data-end=\"1981\"> Lieferumfang<\/strong><\/span><\/p>\r\n\r\n<ul data-start=\"1983\" data-end=\"2219\">\r\n \t<li data-section-id=\"13rlro0\" data-start=\"1983\" data-end=\"2034\">1 Sphero Mini Roboterball (appf\u00e4hig, mit H\u00fclle)<\/li>\r\n \t<li data-section-id=\"16swr6n\" data-start=\"2035\" data-end=\"2086\">15 Aktivit\u00e4tskarten (MINT-orientierte Aufgaben)<\/li>\r\n \t<li data-section-id=\"3g2hi8\" data-start=\"2087\" data-end=\"2139\">28-teiliger Bausatz f\u00fcr Parcours und Experimente<\/li>\r\n \t<li data-section-id=\"1ewd0rg\" data-start=\"2140\" data-end=\"2199\">6 Stifte und 3 Kegel (f\u00fcr Spiele und Herausforderungen)<\/li>\r\n \t<li data-section-id=\"1uf21lp\" data-start=\"2200\" data-end=\"2219\">1 USB-Ladekabel<\/li>\r\n<\/ul>\r\n\r\n<hr data-start=\"2221\" data-end=\"2224\" \/>\r\n<p data-section-id=\"feu9mb\" data-start=\"2226\" data-end=\"2262\"><span role=\"text\"><strong data-start=\"2231\" data-end=\"2262\">Kurzfazit<\/strong><\/span><\/p>\r\n\r\n<ul>\r\n \t<li data-start=\"2264\" data-end=\"2447\">Niedrigschwelliger Einstieg in Coding &amp; Robotik<\/li>\r\n \t<li data-start=\"2264\" data-end=\"2447\">Hoher Spiel- und Motivationsfaktor bei gleichzeitigem Lernnutzen<\/li>\r\n \t<li data-start=\"2264\" data-end=\"2447\">Ideal f\u00fcr projektorientierten MINT-Unterricht<\/li>\r\n<\/ul>"}]},"_links":{"self":[{"href":"https:\/\/www.medienlb.com\/en\/wp-json\/wp\/v2\/product\/35919","targetHints":{"allow":["GET"]}}],"collection":[{"href":"https:\/\/www.medienlb.com\/en\/wp-json\/wp\/v2\/product"}],"about":[{"href":"https:\/\/www.medienlb.com\/en\/wp-json\/wp\/v2\/types\/product"}],"acf:post":[{"embeddable":true,"href":"https:\/\/www.medienlb.com\/en\/wp-json\/wp\/v2\/product\/34893"}],"wp:featuredmedia":[{"embeddable":true,"href":"https:\/\/www.medienlb.com\/en\/wp-json\/wp\/v2\/media\/37327"}],"wp:attachment":[{"href":"https:\/\/www.medienlb.com\/en\/wp-json\/wp\/v2\/media?parent=35919"}],"wp:term":[{"taxonomy":"product_brand","embeddable":true,"href":"https:\/\/www.medienlb.com\/en\/wp-json\/wp\/v2\/product_brand?post=35919"},{"taxonomy":"product_cat","embeddable":true,"href":"https:\/\/www.medienlb.com\/en\/wp-json\/wp\/v2\/product_cat?post=35919"},{"taxonomy":"product_tag","embeddable":true,"href":"https:\/\/www.medienlb.com\/en\/wp-json\/wp\/v2\/product_tag?post=35919"}],"curies":[{"name":"wp","href":"https:\/\/api.w.org\/{rel}","templated":true}]}}