{"id":35901,"date":"2025-12-10T18:22:18","date_gmt":"2025-12-10T18:22:18","guid":{"rendered":"https:\/\/www.medienlb.com\/?post_type=product&#038;p=35901"},"modified":"2026-02-23T21:56:02","modified_gmt":"2026-02-23T21:56:02","slug":"intelino-smart-train","status":"publish","type":"product","link":"https:\/\/www.medienlb.com\/en\/produkt\/intelino-smart-train\/","title":{"rendered":"Intelino &#8211; Smart Train"},"content":{"rendered":"<div>\n<div class=\"product--main-body\">\n<div class=\"product--description\">\n<p>Der <strong data-start=\"110\" data-end=\"134\">intelino Smart Train<\/strong> ist ein modulares Lernsystem f\u00fcr die schulische Praxis. Er verbindet spielerische Interaktion mit systematischem Kompetenzerwerb in den Bereichen <strong data-start=\"281\" data-end=\"321\">Programmieren, Probleml\u00f6sen und MINT<\/strong>.<br data-start=\"322\" data-end=\"325\" \/>Lehrkr\u00e4fte und Medienp\u00e4dagogen k\u00f6nnen damit einen <strong data-start=\"375\" data-end=\"400\">progressiven Lernpfad<\/strong> anbieten \u2013 von taktilem Coding bis zu <strong data-start=\"439\" data-end=\"450\">Scratch<\/strong> und <strong data-start=\"455\" data-end=\"465\">Python<\/strong>.<\/p>\n<hr data-start=\"2289\" data-end=\"2292\" \/>\n<p>Preis exklusive Versandkosten<\/p>\n<\/div>\n<\/div>\n<\/div>\n","protected":false},"excerpt":{"rendered":"<p>Programmierbares Lernsystem f\u00fcr Schule, MINT-Unterricht und Medienbildung<\/p>\n<p>&nbsp;<\/p>\n","protected":false},"featured_media":35904,"template":"","meta":{"_acf_changed":false},"product_brand":[],"product_cat":[75],"product_tag":[],"class_list":{"0":"post-35901","1":"product","2":"type-product","3":"status-publish","4":"has-post-thumbnail","6":"product_cat-hardware","8":"first","9":"instock","10":"taxable","11":"shipping-taxable","12":"purchasable","13":"product-type-variable"},"acf":{"subtitle":"Der programmierbare Lernzug f\u00fcr fr\u00fche MINT-Bildung","article_id":"MS_68","languages":"","thumb_up":false,"cover_image":"","linked_product":34893,"linked_products":null,"banner":{"show":true,"text":"","color":""},"length":"","content_movie":"","learning_goals":"","preview_gif":"","trailer":{"file":"","url":"","image":""},"mediathek_id":"","amount":"","demo_url":"","h5p_demo_id":"","content_interactive":"","hide_numbers":false,"flyer":"","info_columns":[{"heading":"","content":"<strong>Einsatz im Unterricht<\/strong>\r\n<ul>\r\n \t<li>Informatik und Medienbildung<\/li>\r\n \t<li>MINT- und Projektunterricht<\/li>\r\n \t<li>Makerspace, AGs, Projektwochen<\/li>\r\n \t<li>f\u00e4cher\u00fcbergreifend (Technik, Verkehr, Stadtplanung, Logistik, KI)<\/li>\r\n<\/ul>\r\n<strong>Geeignet f\u00fcr:<\/strong>\r\n<ul>\r\n \t<li>Grundschule bis Sekundarstufe I<\/li>\r\n \t<li>heterogene Lerngruppen<\/li>\r\n \t<li>binnendifferenzierte Lernsettings<\/li>\r\n<\/ul>\r\n<strong>Lernziele<\/strong>\r\n<ul data-start=\"2151\" data-end=\"2287\">\r\n \t<li data-start=\"2151\" data-end=\"2177\">Algorithmisches Denken<\/li>\r\n \t<li data-start=\"2151\" data-end=\"2177\">Programmierlogik<\/li>\r\n \t<li data-start=\"2199\" data-end=\"2224\">Probleml\u00f6sestrategien<\/li>\r\n \t<li data-start=\"2225\" data-end=\"2255\">Modellieren realer Systeme<\/li>\r\n \t<li data-start=\"2256\" data-end=\"2287\">Teamarbeit und Projektplanung<\/li>\r\n<\/ul>\r\n\r\n<hr data-start=\"2289\" data-end=\"2292\" \/>\r\n\r\n<strong>Didaktisches Konzept<\/strong>\r\n\r\nintelino erm\u00f6glicht einen <strong data-start=\"838\" data-end=\"870\">stufenweisen Kompetenzaufbau<\/strong>:\r\n\r\n<strong>1. Einstieg: Bildschirmfreies Coding<\/strong>\r\n\r\nMit farbcodierten <strong data-start=\"934\" data-end=\"949\">Color Snaps<\/strong> auf den Schienen steuern Lernende den Zug:\r\n<ul>\r\n \t<li data-start=\"995\" data-end=\"1005\">Anhalten<\/li>\r\n \t<li data-start=\"995\" data-end=\"1005\">Beschleunigen \/ Verlangsamen<\/li>\r\n \t<li data-start=\"995\" data-end=\"1005\">Richtungswechsel<\/li>\r\n \t<li data-start=\"995\" data-end=\"1005\">Abkoppeln von Waggons<\/li>\r\n \t<li data-start=\"995\" data-end=\"1005\">Verhalten an Kreuzungen<\/li>\r\n<\/ul>\r\nIdeal f\u00fcr:\r\n<ul data-start=\"1126\" data-end=\"1224\">\r\n \t<li data-start=\"1126\" data-end=\"1159\">erste Algorithmus-Erfahrungen<\/li>\r\n \t<li data-start=\"1160\" data-end=\"1193\">Ursache-Wirkung-Zusammenh\u00e4nge<\/li>\r\n \t<li data-start=\"1194\" data-end=\"1224\">handlungsorientiertes Lernen<\/li>\r\n<\/ul>\r\n\r\n<hr data-start=\"1226\" data-end=\"1229\" \/>\r\n\r\n<strong>2. App-gest\u00fctzte Steuerung<\/strong>\r\n\r\nMit der kostenlosen <strong data-start=\"1284\" data-end=\"1305\">intelino play App<\/strong> (iOS\/Android):\r\n<ul data-start=\"1321\" data-end=\"1397\">\r\n \t<li data-start=\"1321\" data-end=\"1346\">verschiedene Fahrmodi<\/li>\r\n \t<li data-start=\"1347\" data-end=\"1371\">Mixed-Reality-Spiele<\/li>\r\n \t<li data-start=\"1372\" data-end=\"1397\">eigener Befehlseditor<\/li>\r\n<\/ul>\r\nGeeignet f\u00fcr:\r\n<ul data-start=\"1413\" data-end=\"1521\">\r\n \t<li data-start=\"1413\" data-end=\"1468\">\u00dcbergang vom haptischen zum digitalen Programmieren<\/li>\r\n \t<li data-start=\"1469\" data-end=\"1494\">individuelle Lernwege<\/li>\r\n \t<li data-start=\"1495\" data-end=\"1521\">selbstst\u00e4ndiges Arbeiten<\/li>\r\n<\/ul>\r\n<strong>3. Blockbasierte Programmierung mit Scratch<\/strong>\r\n<ul data-start=\"1578\" data-end=\"1718\">\r\n \t<li data-start=\"1578\" data-end=\"1611\">Steuerung \u00fcber Scratch-Bl\u00f6ckebis zu <strong data-start=\"1621\" data-end=\"1644\">4 Z\u00fcge gleichzeitig<\/strong><\/li>\r\n \t<li data-start=\"1647\" data-end=\"1675\">Aufbau komplexer Abl\u00e4ufe<\/li>\r\n \t<li data-start=\"1676\" data-end=\"1718\">Verkehrssysteme und Smart-City-Modelle<\/li>\r\n<\/ul>\r\n\r\n<hr \/>\r\n\r\n<strong>Intelino - Station &amp; Tunnel kit (inserts only)\u00a0 \u20ac 1<span class=\"woocommerce-Price-amount amount\">4,95<\/span><\/strong>\r\n\r\n<a href=\"https:\/\/www.medienlb.com\/wp-content\/uploads\/2026\/02\/intelino-station_tunnel-kit_14_95.jpg\" target=\"_blank\" rel=\"noopener\"><img class=\"alignnone size-medium wp-image-36710\" src=\"https:\/\/www.medienlb.com\/wp-content\/uploads\/2025\/12\/intelino-station_tunnel-kit_14_95-300x300.jpg\" alt=\"\" width=\"300\" height=\"300\" \/><\/a>"},{"heading":"","content":"https:\/\/youtu.be\/AgdQAdvzvSU\r\n\r\n<strong>4. Unterrichtsszenarien:<\/strong>\r\n<ul data-start=\"1742\" data-end=\"1837\">\r\n \t<li data-start=\"1742\" data-end=\"1767\">Kollisionen vermeiden<\/li>\r\n \t<li data-start=\"1768\" data-end=\"1789\">Haltestellenlogik<\/li>\r\n \t<li data-start=\"1790\" data-end=\"1803\">Fahrpl\u00e4ne<\/li>\r\n \t<li data-start=\"1804\" data-end=\"1837\">Fracht- und Personentransport4. Textbasierte Programmierung mit Python\r\n<ul data-start=\"1892\" data-end=\"2046\">\r\n \t<li data-start=\"1892\" data-end=\"1936\">vollst\u00e4ndige Kontrolle \u00fcber mehrere Z\u00fcge<\/li>\r\n \t<li data-start=\"1937\" data-end=\"1969\">Kommunikation zwischen Z\u00fcgen<\/li>\r\n \t<li data-start=\"1970\" data-end=\"2019\">Integration externer Ger\u00e4te (z. B. micro:bit)<\/li>\r\n \t<li data-start=\"2020\" data-end=\"2046\">KI-Experimente m\u00f6glich<\/li>\r\n<\/ul>\r\n<\/li>\r\n<\/ul>\r\n<strong>5. Digitale Lernumgebung<\/strong>\r\n\r\nintelino play App\r\n<ul>\r\n \t<li>f\u00fcr\u00a0\u00a0iOS &amp; Android<\/li>\r\n \t<li>Steuerung, Spiele, Befehlseditor<\/li>\r\n<\/ul>\r\nintelino edu central\r\n<ul data-start=\"2427\" data-end=\"2558\">\r\n \t<li data-start=\"2427\" data-end=\"2449\">iOS, Android &amp; Web<\/li>\r\n \t<li data-start=\"2450\" data-end=\"2477\">storybasierte Lernpfade<\/li>\r\n \t<li data-start=\"2478\" data-end=\"2506\">automatische R\u00fcckmeldung<\/li>\r\n \t<li data-start=\"2507\" data-end=\"2523\">mehrsprachig<\/li>\r\n \t<li data-start=\"2524\" data-end=\"2558\">ideal f\u00fcr selbstst\u00e4ndiges Lernen<\/li>\r\n<\/ul>\r\nintelino Lab\r\n<ul data-start=\"2579\" data-end=\"2750\">\r\n \t<li data-start=\"2579\" data-end=\"2610\">offene Ressourcenbibliothek<\/li>\r\n \t<li data-start=\"2611\" data-end=\"2654\">Unterrichtsideen, Projekte, Materialien<\/li>\r\n \t<li data-start=\"2655\" data-end=\"2750\">Vorlagen f\u00fcr:\r\n<ul data-start=\"2673\" data-end=\"2750\">\r\n \t<li data-start=\"2673\" data-end=\"2688\">Color Snaps<\/li>\r\n \t<li data-start=\"2691\" data-end=\"2702\">Scratch<\/li>\r\n \t<li data-start=\"2705\" data-end=\"2718\">micro:bit<\/li>\r\n \t<li data-start=\"2721\" data-end=\"2739\">KI-Anwendungen<\/li>\r\n \t<li data-start=\"2742\" data-end=\"2750\">Python<\/li>\r\n<\/ul>\r\n<\/li>\r\n<\/ul>\r\n<strong>6. Technische Ausstattung<\/strong>\r\n<ul data-start=\"2784\" data-end=\"3093\">\r\n \t<li data-start=\"2784\" data-end=\"2807\">Kapazitive Sensoren<\/li>\r\n \t<li data-start=\"2808\" data-end=\"2834\">Geschwindigkeitssensor<\/li>\r\n \t<li data-start=\"2835\" data-end=\"2866\">Elektromagnetische Kupplung<\/li>\r\n \t<li data-start=\"2867\" data-end=\"2911\">2 Farbsensoren mit IR-N\u00e4herungserkennung<\/li>\r\n \t<li data-start=\"2912\" data-end=\"2946\">3-Achsen-Beschleunigungssensor<\/li>\r\n \t<li data-start=\"2947\" data-end=\"2977\">32-Bit-ARM-Mikrocontroller<\/li>\r\n \t<li data-start=\"2978\" data-end=\"3012\">LEDs und Mikrofon f\u00fcr Feedback<\/li>\r\n \t<li data-start=\"3013\" data-end=\"3093\">kompatibel mit g\u00e4ngigen Holzeisenbahnsystemen(Adapter separat erh\u00e4ltlich)<\/li>\r\n<\/ul>\r\n\r\n<hr \/>\r\n\r\n<strong>Intelino - Wooden Track Adapter Kit\u00a0\u00a0<\/strong><strong>\u00a0 \u20ac 12<span class=\"woocommerce-Price-amount amount\">,95<\/span><\/strong>\r\n\r\n<a href=\"https:\/\/www.medienlb.com\/wp-content\/uploads\/2026\/02\/adapter-box_900x_Zusammenfassung.png\" target=\"_blank\" rel=\"noopener\"><img class=\"alignnone size-medium wp-image-36714\" src=\"https:\/\/www.medienlb.com\/wp-content\/uploads\/2025\/12\/adapter-box_900x_Zusammenfassung-300x106.png\" alt=\"\" width=\"300\" height=\"106\" \/><\/a>\r\n\r\n<strong>Intelino - Bridge\u00a0 \u20ac 2<span class=\"woocommerce-Price-amount amount\">4,95<\/span><\/strong>\r\n\r\n<a href=\"https:\/\/www.medienlb.com\/wp-content\/uploads\/2025\/12\/intelino-bridge-kit-1_24_95.jpg\" target=\"_blank\" rel=\"noopener\"><img class=\"alignnone size-medium wp-image-36708\" src=\"https:\/\/www.medienlb.com\/wp-content\/uploads\/2025\/12\/intelino-bridge-kit-1_24_95-300x300.jpg\" alt=\"\" width=\"300\" height=\"300\" \/><\/a>"},{"heading":"","content":"<strong>7 .Lieferumfang (Starter Set)<\/strong>\r\n<ul data-start=\"3308\" data-end=\"3403\">\r\n \t<li data-start=\"3308\" data-end=\"3323\">1 Smart-Lok<\/li>\r\n \t<li data-start=\"3324\" data-end=\"3336\">1 Waggon<\/li>\r\n \t<li data-start=\"3337\" data-end=\"3352\">20 Schienen<\/li>\r\n \t<li data-start=\"3353\" data-end=\"3371\">40 Color Snaps<\/li>\r\n \t<li data-start=\"3372\" data-end=\"3385\">Aufkleber<\/li>\r\n \t<li data-start=\"3386\" data-end=\"3403\">USB-Ladekabel<\/li>\r\n<\/ul>\r\n<strong>8. F\u00fcr Klassen und Projekte erweiterbar<\/strong>\r\n<ul data-start=\"3451\" data-end=\"3576\">\r\n \t<li data-start=\"3451\" data-end=\"3492\">Klassenzimmer-Sets mit mehreren Z\u00fcgen<\/li>\r\n \t<li data-start=\"3493\" data-end=\"3517\">zus\u00e4tzliche Schienen<\/li>\r\n \t<li data-start=\"3518\" data-end=\"3542\">Br\u00fccken und Viadukte<\/li>\r\n \t<li data-start=\"3543\" data-end=\"3576\">Zubeh\u00f6r f\u00fcr gro\u00dfe Streckennetze<\/li>\r\n<\/ul>\r\n<strong data-start=\"130\" data-end=\"171\">Intelino Classroom Set\u00a0 \u00a0\u20ac <span class=\"woocommerce-Price-amount amount\">629,95\u00a0<\/span><\/strong>\r\n\r\n<a href=\"https:\/\/www.medienlb.com\/wp-content\/uploads\/2025\/12\/classroom-set-1_1-e1771841557520.jpg\" target=\"_blank\" rel=\"noopener\"><img class=\"alignnone size-medium wp-image-36697\" src=\"https:\/\/www.medienlb.com\/wp-content\/uploads\/2025\/12\/classroom-set-1_1-e1771841557520-300x225.jpg\" alt=\"\" width=\"300\" height=\"225\" \/><\/a>\r\n<ul data-start=\"173\" data-end=\"398\">\r\n \t<li data-start=\"173\" data-end=\"223\">Klassenset f\u00fcr <strong data-start=\"190\" data-end=\"212\">bis zu 12 Lernende<\/strong> (4 Z\u00fcge)<\/li>\r\n \t<li data-start=\"173\" data-end=\"223\">Geeignet f\u00fcr <strong data-start=\"239\" data-end=\"261\">Kleingruppenarbeit<\/strong> und <strong data-start=\"266\" data-end=\"297\">kooperative Klassenprojekte<\/strong><\/li>\r\n \t<li data-start=\"300\" data-end=\"398\">Voll kompatibel mit allen <strong data-start=\"328\" data-end=\"356\">intelino Lernmaterialien<\/strong><br data-start=\"356\" data-end=\"359\" \/>(intelino Lab &amp; intelino Edu Cent<\/li>\r\n<\/ul>\r\n<strong>Lieferumfang \u2013 Classroom Set<\/strong>\r\n<ul data-start=\"442\" data-end=\"666\">\r\n \t<li data-start=\"442\" data-end=\"480\"><strong data-start=\"444\" data-end=\"460\">4 Smart-Loks<\/strong> und <strong data-start=\"465\" data-end=\"478\">4 Waggons<\/strong><\/li>\r\n \t<li data-start=\"442\" data-end=\"480\"><strong data-start=\"483\" data-end=\"499\">4 Gleis-Sets<\/strong> mit Weichen, Kreuzung, Geraden, Kurven &amp; <strong data-start=\"541\" data-end=\"556\">Color Snaps<\/strong><\/li>\r\n \t<li data-start=\"559\" data-end=\"596\"><strong data-start=\"561\" data-end=\"581\">4-fach-Ladekabel<\/strong> mit Netzteil<\/li>\r\n \t<li data-start=\"597\" data-end=\"632\"><strong data-start=\"599\" data-end=\"616\">Befehlskarten<\/strong> und Aufkleber<\/li>\r\n \t<li data-start=\"633\" data-end=\"666\"><strong data-start=\"635\" data-end=\"666\">Gepolsterte Transporttasche<\/strong><\/li>\r\n<\/ul>\r\n<strong>Intelino - Track Extension Kit\u00a0 \u20ac <span class=\"woocommerce-Price-amount amount\">34,95<\/span><\/strong>\r\n\r\n<a href=\"https:\/\/www.medienlb.com\/wp-content\/uploads\/2025\/12\/track-pack-main_900_34_95.jpg\" target=\"_blank\" rel=\"noopener\"><img class=\"alignnone size-medium wp-image-36701\" src=\"https:\/\/www.medienlb.com\/wp-content\/uploads\/2025\/12\/track-pack-main_900_34_95-300x300.jpg\" alt=\"\" width=\"300\" height=\"300\" \/><\/a>\r\n\r\n<strong>Intelino - Short Track Pack\u00a0 \u20ac 2<span class=\"woocommerce-Price-amount amount\">4,95<\/span><\/strong>\r\n\r\n<a href=\"https:\/\/www.medienlb.com\/wp-content\/uploads\/2025\/12\/intelino-short-track-pack_24_95.jpg\" target=\"_blank\" rel=\"noopener\"><img class=\"alignnone size-medium wp-image-36703\" src=\"https:\/\/www.medienlb.com\/wp-content\/uploads\/2025\/12\/intelino-short-track-pack_24_95-300x300.jpg\" alt=\"\" width=\"300\" height=\"300\" \/><\/a>\r\n\r\n<strong>Intelino - Support Tower Pack\u00a0 \u20ac 2<span class=\"woocommerce-Price-amount amount\">4,95<\/span><\/strong>\r\n\r\n<a href=\"https:\/\/www.medienlb.com\/wp-content\/uploads\/2025\/12\/intelino-tower-pack-1_24_95.jpg\" target=\"_blank\" rel=\"noopener\"><img class=\"alignnone size-medium wp-image-36705\" src=\"https:\/\/www.medienlb.com\/wp-content\/uploads\/2025\/12\/intelino-tower-pack-1_24_95-300x300.jpg\" alt=\"\" width=\"300\" height=\"300\" \/><\/a>\r\n\r\n&nbsp;"}]},"_links":{"self":[{"href":"https:\/\/www.medienlb.com\/en\/wp-json\/wp\/v2\/product\/35901","targetHints":{"allow":["GET"]}}],"collection":[{"href":"https:\/\/www.medienlb.com\/en\/wp-json\/wp\/v2\/product"}],"about":[{"href":"https:\/\/www.medienlb.com\/en\/wp-json\/wp\/v2\/types\/product"}],"acf:post":[{"embeddable":true,"href":"https:\/\/www.medienlb.com\/en\/wp-json\/wp\/v2\/product\/34893"}],"wp:featuredmedia":[{"embeddable":true,"href":"https:\/\/www.medienlb.com\/en\/wp-json\/wp\/v2\/media\/35904"}],"wp:attachment":[{"href":"https:\/\/www.medienlb.com\/en\/wp-json\/wp\/v2\/media?parent=35901"}],"wp:term":[{"taxonomy":"product_brand","embeddable":true,"href":"https:\/\/www.medienlb.com\/en\/wp-json\/wp\/v2\/product_brand?post=35901"},{"taxonomy":"product_cat","embeddable":true,"href":"https:\/\/www.medienlb.com\/en\/wp-json\/wp\/v2\/product_cat?post=35901"},{"taxonomy":"product_tag","embeddable":true,"href":"https:\/\/www.medienlb.com\/en\/wp-json\/wp\/v2\/product_tag?post=35901"}],"curies":[{"name":"wp","href":"https:\/\/api.w.org\/{rel}","templated":true}]}}