{"id":35897,"date":"2025-12-10T18:15:33","date_gmt":"2025-12-10T18:15:33","guid":{"rendered":"https:\/\/www.medienlb.com\/?post_type=product&#038;p=35897"},"modified":"2026-04-01T12:07:11","modified_gmt":"2026-04-01T12:07:11","slug":"matatalab-nous-ai-set","status":"publish","type":"product","link":"https:\/\/www.medienlb.com\/en\/produkt\/matatalab-nous-ai-set\/","title":{"rendered":"Nous AI \u2013 KI-Lernroboter (MatataLab)"},"content":{"rendered":"<div>\n<div class=\"product--main-body\">\n<div class=\"product--description\">\n<div>\n<p data-start=\"301\" data-end=\"951\">Der <strong data-start=\"305\" data-end=\"324\">Nous AI Roboter<\/strong> von <span class=\"hover:entity-accent entity-underline inline cursor-pointer align-baseline\"><span class=\"whitespace-normal\">MatataLab<\/span><\/span> ist eine umfassende Bildungsplattform zur praxisnahen Vermittlung von K\u00fcnstlicher Intelligenz im Schulunterricht.<br data-start=\"480\" data-end=\"483\" \/>Von der Datenerfassung \u00fcber das Training eigener Modelle bis hin zur Anwendung lernen Sch\u00fclerinnen und Sch\u00fcler den gesamten KI-Prozess hands-on kennen.<br data-start=\"634\" data-end=\"637\" \/>Mit Funktionen wie Computer Vision, Sprachverarbeitung und autonomer Navigation wird KI nicht nur erkl\u00e4rt, sondern aktiv gestaltet.<br data-start=\"768\" data-end=\"771\" \/>Nous AI eignet sich ideal f\u00fcr Informatik, MINT-F\u00e4cher und zukunftsorientierte Projektarbeit und f\u00f6rdert algorithmisches Denken, Kreativit\u00e4t und kritische Reflexion von Technologie.<\/p>\n<hr \/>\n<p data-start=\"301\" data-end=\"951\">Preis exklusive Versandkosten<\/p>\n<\/div>\n<\/div>\n<\/div>\n<\/div>\n","protected":false},"excerpt":{"rendered":"<p>In Arbeit<\/p>\n<p>&nbsp;<\/p>\n","protected":false},"featured_media":35899,"template":"","meta":{"_acf_changed":false},"product_brand":[],"product_cat":[75],"product_tag":[],"class_list":{"0":"post-35897","1":"product","2":"type-product","3":"status-publish","4":"has-post-thumbnail","6":"product_cat-hardware","8":"first","9":"instock","10":"taxable","11":"shipping-taxable","12":"purchasable","13":"product-type-variable"},"acf":{"subtitle":"K\u00fcnstliche Intelligenz im Unterricht verstehen und anwenden","article_id":"MS_68","languages":"","thumb_up":false,"cover_image":"","linked_product":34893,"linked_products":null,"banner":{"show":true,"text":"","color":""},"length":"","content_movie":"","learning_goals":"","preview_gif":"","trailer":{"file":"","url":"","image":""},"mediathek_id":"","amount":"","demo_url":"","h5p_demo_id":"","content_interactive":"","hide_numbers":false,"flyer":"","info_columns":[{"heading":"","content":"<span role=\"text\"><strong data-start=\"961\" data-end=\"993\">\u00a0Hardware &amp; KI-Technologie<\/strong><\/span>\r\n<ul data-start=\"995\" data-end=\"1343\">\r\n \t<li data-section-id=\"xglluv\" data-start=\"995\" data-end=\"1055\">Integrierte Kamera f\u00fcr Bilderkennung und Computer Vision<\/li>\r\n \t<li data-section-id=\"1pyx9ky\" data-start=\"1056\" data-end=\"1114\">Sprach- und Stimmerkennung f\u00fcr interaktive Anwendungen<\/li>\r\n \t<li data-section-id=\"1h66eme\" data-start=\"1115\" data-end=\"1171\">Autonome Navigation (z. B. selbstfahrende Szenarien)<\/li>\r\n \t<li data-section-id=\"1ajv5v6\" data-start=\"1172\" data-end=\"1214\">Touchscreen, Sensoren und Servomotoren<\/li>\r\n \t<li data-section-id=\"f1w9he\" data-start=\"1215\" data-end=\"1271\">Modular erweiterbares System (Elektronik &amp; Mechanik)<\/li>\r\n \t<li data-section-id=\"grapga\" data-start=\"1272\" data-end=\"1343\">Unterst\u00fctzt moderne KI-Technologien (TinyML, neuronale Netze, AIGC)<\/li>\r\n<\/ul>\r\n\r\n<hr data-start=\"1345\" data-end=\"1348\" \/>\r\n\r\n<span role=\"text\"><strong data-start=\"1353\" data-end=\"1391\">Programmierung &amp; KI-Kompetenzen<\/strong><\/span>\r\n<ul data-start=\"1393\" data-end=\"1749\">\r\n \t<li data-section-id=\"sma0vl\" data-start=\"1393\" data-end=\"1447\">Zwei Programmiermodi: Scratch (visuell) und Python<\/li>\r\n \t<li data-section-id=\"5yqvi8\" data-start=\"1448\" data-end=\"1494\">Erstellung und Training eigener KI-Modelle<\/li>\r\n \t<li data-section-id=\"3basr6\" data-start=\"1495\" data-end=\"1562\">Einf\u00fchrung in Datenanalyse, Klassifikation und Machine Learning<\/li>\r\n \t<li data-section-id=\"15mxsfo\" data-start=\"1563\" data-end=\"1617\">MatataChat: Einstieg in generative KI und Chatbots<\/li>\r\n \t<li data-section-id=\"ok7i7p\" data-start=\"1618\" data-end=\"1685\">Progressiver Lernpfad vom Einstieg bis zu komplexen Anwendungen<\/li>\r\n \t<li data-section-id=\"1t0eihg\" data-start=\"1686\" data-end=\"1749\">Online-Plattform mit strukturierten Lektionen und Projekten<\/li>\r\n<\/ul>"},{"heading":"","content":"https:\/\/youtu.be\/-MhDVfrA3HQ\r\n<p data-section-id=\"x27jgf\" data-start=\"1756\" data-end=\"1787\"><span role=\"text\"><strong data-start=\"1759\" data-end=\"1787\">Einsatz im Unterricht<\/strong><\/span><\/p>\r\n\r\n<ul data-start=\"1789\" data-end=\"2208\">\r\n \t<li data-section-id=\"1y0m1ea\" data-start=\"1789\" data-end=\"1859\">Praxisnahe Einf\u00fchrung in K\u00fcnstliche Intelligenz und Datenkompetenz<\/li>\r\n \t<li data-section-id=\"rwv335\" data-start=\"1860\" data-end=\"1934\">Durchf\u00fchrung realer Experimente (z. B. Bilderkennung, Sprachsteuerung)<\/li>\r\n \t<li data-section-id=\"1e2zyfb\" data-start=\"1935\" data-end=\"2000\">Projektbasiertes Lernen: autonome Systeme, Smart Applications<\/li>\r\n \t<li data-section-id=\"9dgpk\" data-start=\"2001\" data-end=\"2078\">Verbindung von Informatik, Technik und gesellschaftlichen Fragestellungen<\/li>\r\n \t<li data-section-id=\"1ut5e5s\" data-start=\"2079\" data-end=\"2138\">F\u00f6rderung von Probleml\u00f6sung, Kreativit\u00e4t und Teamarbeit<\/li>\r\n \t<li data-section-id=\"yk9oyg\" data-start=\"2139\" data-end=\"2208\">Ideal f\u00fcr SEK I \/ SEK II, AGs und zukunftsorientierte Makerspaces<\/li>\r\n<\/ul>"},{"heading":"","content":"<p data-section-id=\"yg6a61\" data-start=\"100\" data-end=\"122\"><span role=\"text\"><strong data-start=\"103\" data-end=\"122\">Lieferumfang<\/strong><\/span><\/p>\r\n\r\n<ul data-start=\"124\" data-end=\"626\">\r\n \t<li data-section-id=\"1rpfah\" data-start=\"124\" data-end=\"157\">1 Nous AI Roboter (Hub-Modul)<\/li>\r\n \t<li data-section-id=\"mv5k35\" data-start=\"158\" data-end=\"208\">1 Kamera-Modul f\u00fcr Computer Vision Anwendungen<\/li>\r\n \t<li data-section-id=\"1rg6nfr\" data-start=\"209\" data-end=\"227\">2 Servomotoren<\/li>\r\n \t<li data-section-id=\"78hplj\" data-start=\"228\" data-end=\"279\">Mechanische Bauteile f\u00fcr Aufbau und Erweiterung<\/li>\r\n \t<li data-section-id=\"37vdxq\" data-start=\"280\" data-end=\"355\">Programmier- und Steuerungseinheit (inkl. Coding Board \/ Command Tower)<\/li>\r\n \t<li data-section-id=\"2xt3js\" data-start=\"356\" data-end=\"394\">Farbcodierte Coding- und KI-Bl\u00f6cke<\/li>\r\n \t<li data-section-id=\"1xw24ug\" data-start=\"395\" data-end=\"513\">Karten &amp; Materialien f\u00fcr KI- und Robotik-Szenarien (z. B. Fahrzeuge, Tiere, Pflanzen, Verkehrsschilder, AprilTags)<\/li>\r\n \t<li data-section-id=\"1ooopkj\" data-start=\"514\" data-end=\"565\">Kartenhalter f\u00fcr Experimente und Trainingsdaten<\/li>\r\n \t<li data-section-id=\"1pinnwi\" data-start=\"566\" data-end=\"585\">USB-C-Ladekabel<\/li>\r\n \t<li data-section-id=\"oqtvfv\" data-start=\"586\" data-end=\"626\">Benutzerhandbuch \/ Einstiegsmaterial<\/li>\r\n<\/ul>\r\n<p data-section-id=\"feu9mb\" data-start=\"2215\" data-end=\"2251\"><span role=\"text\"><strong data-start=\"2220\" data-end=\"2251\">Fazit\u00a0<\/strong><\/span><\/p>\r\n\r\n<ul>\r\n \t<li data-start=\"2253\" data-end=\"2437\">KI nicht nur verstehen, sondern selbst entwickeln<\/li>\r\n \t<li data-start=\"2253\" data-end=\"2437\">Einzigartige Kombination aus Robotik + Machine Learning<\/li>\r\n \t<li data-start=\"2253\" data-end=\"2437\">Perfekt f\u00fcr modernen, zukunftsorientierten Unterricht<\/li>\r\n<\/ul>"}]},"_links":{"self":[{"href":"https:\/\/www.medienlb.com\/en\/wp-json\/wp\/v2\/product\/35897","targetHints":{"allow":["GET"]}}],"collection":[{"href":"https:\/\/www.medienlb.com\/en\/wp-json\/wp\/v2\/product"}],"about":[{"href":"https:\/\/www.medienlb.com\/en\/wp-json\/wp\/v2\/types\/product"}],"acf:post":[{"embeddable":true,"href":"https:\/\/www.medienlb.com\/en\/wp-json\/wp\/v2\/product\/34893"}],"wp:featuredmedia":[{"embeddable":true,"href":"https:\/\/www.medienlb.com\/en\/wp-json\/wp\/v2\/media\/35899"}],"wp:attachment":[{"href":"https:\/\/www.medienlb.com\/en\/wp-json\/wp\/v2\/media?parent=35897"}],"wp:term":[{"taxonomy":"product_brand","embeddable":true,"href":"https:\/\/www.medienlb.com\/en\/wp-json\/wp\/v2\/product_brand?post=35897"},{"taxonomy":"product_cat","embeddable":true,"href":"https:\/\/www.medienlb.com\/en\/wp-json\/wp\/v2\/product_cat?post=35897"},{"taxonomy":"product_tag","embeddable":true,"href":"https:\/\/www.medienlb.com\/en\/wp-json\/wp\/v2\/product_tag?post=35897"}],"curies":[{"name":"wp","href":"https:\/\/api.w.org\/{rel}","templated":true}]}}