{"id":35856,"date":"2025-12-10T14:47:46","date_gmt":"2025-12-10T14:47:46","guid":{"rendered":"https:\/\/www.medienlb.com\/?post_type=product&#038;p=35856"},"modified":"2026-02-11T09:34:24","modified_gmt":"2026-02-11T09:34:24","slug":"55507281-rainer-maria-rilke","status":"publish","type":"product","link":"https:\/\/www.medienlb.com\/en\/produkt\/55507281-rainer-maria-rilke\/","title":{"rendered":"Rainer Maria Rilke"},"content":{"rendered":"<p>Der Film beleuchtet Leben und Werk von Rainer Maria Rilke, einem der bedeutendsten Dichter der Moderne. Er zeigt, wie Rilkes Erfahrungen und Begegnungen seine Lyrik pr\u00e4gten \u2013 von den fr\u00fchen Gedichten bis zu den Duineser Elegien und Sonetten an Orpheus. Ein inspirierender Einblick in die Welt der Poesie und Selbstsuche.<\/p>\n","protected":false},"excerpt":{"rendered":"<p>Der Film beleuchtet Leben und Werk von Rainer Maria Rilke, einem der bedeutendsten Dichter der Moderne.<\/p>\n","protected":false},"featured_media":35866,"template":"","meta":{"_acf_changed":false},"product_brand":[],"product_cat":[70],"product_tag":[119,125],"class_list":{"0":"post-35856","1":"product","2":"type-product","3":"status-publish","4":"has-post-thumbnail","6":"product_cat-film","7":"product_tag-subject-deutsch","8":"product_tag-target-sek-i","10":"first","11":"instock","12":"taxable","13":"shipping-taxable","14":"purchasable","15":"product-type-variable"},"acf":{"subtitle":"Leben und Werk","article_id":"46505607 \/ 55507281","languages":"DE","thumb_up":false,"cover_image":35869,"linked_product":26171,"linked_products":null,"banner":{"show":true,"text":"","color":""},"length":"14:00 min","content_movie":"Gesamtes Begleitmaterial: 73 Seiten\r\n\r\nArbeitsbl\u00e4tter mit L\u00f6sungen: 20 Seiten\r\n\r\nTestaufgaben: 20\r\n\r\nInteraktive Aufgaben: 10","learning_goals":"Lernziele:\r\n\r\nDie Sch\u00fclerinnen und Sch\u00fcler\r\n<ol>\r\n \t<li>erl\u00e4utern die formale und sprachlich-stilistische Gestaltungsweise von Texten und deren Wirkung an Beispielen.<\/li>\r\n \t<li>interpretieren Texte analytisch und begr\u00fcnden und belegen Textdeutungen.<\/li>\r\n<\/ol>\r\n&nbsp;\r\n\r\nKompetenzen:\r\n\r\nDie Sch\u00fclerinnen und Sch\u00fcler k\u00f6nnen\r\n<ol>\r\n \t<li>Inhalte von Texten zusammenh\u00e4ngend wiedergeben und in \u00fcbergeordnete Zusammenh\u00e4nge einordnen; dazu aussagekr\u00e4ftige Textbelege ausw\u00e4hlen.<\/li>\r\n \t<li>die Wirkung von Gestaltungsmitteln beschreiben und f\u00fcr die eigene Deutung nutzen.<\/li>\r\n \t<li>eine KI gezielt zur Recherche einsetzen und die Ergebnisse kritisch bewerten.<\/li>\r\n<\/ol>","preview_gif":35861,"trailer":{"file":35863,"url":"","image":35865},"mediathek_id":928,"amount":"","demo_url":"","h5p_demo_id":"","content_interactive":"","hide_numbers":false,"flyer":"","info_columns":null},"_links":{"self":[{"href":"https:\/\/www.medienlb.com\/en\/wp-json\/wp\/v2\/product\/35856","targetHints":{"allow":["GET"]}}],"collection":[{"href":"https:\/\/www.medienlb.com\/en\/wp-json\/wp\/v2\/product"}],"about":[{"href":"https:\/\/www.medienlb.com\/en\/wp-json\/wp\/v2\/types\/product"}],"acf:post":[{"embeddable":true,"href":"https:\/\/www.medienlb.com\/en\/wp-json\/wp\/v2\/product\/26171"}],"wp:featuredmedia":[{"embeddable":true,"href":"https:\/\/www.medienlb.com\/en\/wp-json\/wp\/v2\/media\/35866"}],"wp:attachment":[{"href":"https:\/\/www.medienlb.com\/en\/wp-json\/wp\/v2\/media?parent=35856"}],"wp:term":[{"taxonomy":"product_brand","embeddable":true,"href":"https:\/\/www.medienlb.com\/en\/wp-json\/wp\/v2\/product_brand?post=35856"},{"taxonomy":"product_cat","embeddable":true,"href":"https:\/\/www.medienlb.com\/en\/wp-json\/wp\/v2\/product_cat?post=35856"},{"taxonomy":"product_tag","embeddable":true,"href":"https:\/\/www.medienlb.com\/en\/wp-json\/wp\/v2\/product_tag?post=35856"}],"curies":[{"name":"wp","href":"https:\/\/api.w.org\/{rel}","templated":true}]}}